{"id":2232,"date":"2024-02-15T21:23:32","date_gmt":"2024-02-15T21:23:32","guid":{"rendered":"https:\/\/www.jagiellonczyklasin.edu.pl\/?page_id=2232"},"modified":"2024-02-25T16:04:18","modified_gmt":"2024-02-25T16:04:18","slug":"dyrekcja-szkoly","status":"publish","type":"page","link":"https:\/\/www.jagiellonczyklasin.edu.pl\/?page_id=2232","title":{"rendered":"Dyrekcja szko\u0142y"},"content":{"rendered":"<p>&nbsp;<\/p>\n<p style=\"text-align: center;\"><span style=\"color: #000000; font-size: 14pt;\"><strong>Dyrekcja<\/strong><\/span><\/p>\n<p style=\"text-align: center;\"><span style=\"color: #000000; font-size: 14pt;\">mgr Micha\u0142 Rymacki &#8211; Dyrektor szko\u0142y<br \/>\n<\/span><\/p>\n<p style=\"text-align: center;\"><span style=\"color: #000000; font-size: 14pt;\">mgr Maria Kandyba &#8211; Wicedyrektor szko\u0142y<br \/>\n<\/span><\/p>\n<p style=\"text-align: center;\"><span style=\"color: #000000; font-size: 14pt;\"><strong>Kierownik szkolenia praktycznego<\/strong><\/span><\/p>\n<p style=\"text-align: center;\"><span style=\"color: #000000; font-size: 14pt;\">mgr in\u017c. Wojciech Bernaciak<\/span><\/p>\n","protected":false},"excerpt":{"rendered":"<p>&nbsp; Dyrekcja mgr Micha\u0142 Rymacki &#8211; Dyrektor szko\u0142y mgr Maria Kandyba &#8211; Wicedyrektor szko\u0142y Kierownik szkolenia praktycznego mgr in\u017c. Wojciech Bernaciak<\/p>\n","protected":false},"author":1,"featured_media":0,"parent":0,"menu_order":0,"comment_status":"closed","ping_status":"closed","template":"","meta":{"_kadence_starter_templates_imported_post":false,"footnotes":""},"blocksy_meta":[],"featured_image_urls":{"full":"","thumbnail":"","medium":"","medium_large":"","large":"","1536x1536":"","2048x2048":"","htliser_size_396x360":"","htslider_size_1170x536":""},"post_excerpt_stackable":"<p>&nbsp; Dyrekcja mgr Micha\u0142 Rymacki &#8211; Dyrektor szko\u0142y mgr Maria Kandyba &#8211; Wicedyrektor szko\u0142y Kierownik szkolenia praktycznego mgr in\u017c. Wojciech Bernaciak<\/p>\n","category_list":"","author_info":{"name":"admin","url":"https:\/\/www.jagiellonczyklasin.edu.pl\/?author=1"},"comments_num":"0 comments","_links":{"self":[{"href":"https:\/\/www.jagiellonczyklasin.edu.pl\/index.php?rest_route=\/wp\/v2\/pages\/2232"}],"collection":[{"href":"https:\/\/www.jagiellonczyklasin.edu.pl\/index.php?rest_route=\/wp\/v2\/pages"}],"about":[{"href":"https:\/\/www.jagiellonczyklasin.edu.pl\/index.php?rest_route=\/wp\/v2\/types\/page"}],"author":[{"embeddable":true,"href":"https:\/\/www.jagiellonczyklasin.edu.pl\/index.php?rest_route=\/wp\/v2\/users\/1"}],"replies":[{"embeddable":true,"href":"https:\/\/www.jagiellonczyklasin.edu.pl\/index.php?rest_route=%2Fwp%2Fv2%2Fcomments&post=2232"}],"version-history":[{"count":5,"href":"https:\/\/www.jagiellonczyklasin.edu.pl\/index.php?rest_route=\/wp\/v2\/pages\/2232\/revisions"}],"predecessor-version":[{"id":4737,"href":"https:\/\/www.jagiellonczyklasin.edu.pl\/index.php?rest_route=\/wp\/v2\/pages\/2232\/revisions\/4737"}],"wp:attachment":[{"href":"https:\/\/www.jagiellonczyklasin.edu.pl\/index.php?rest_route=%2Fwp%2Fv2%2Fmedia&parent=2232"}],"curies":[{"name":"wp","href":"https:\/\/api.w.org\/{rel}","templated":true}]}}