{"id":2242,"date":"2024-02-15T21:27:38","date_gmt":"2024-02-15T21:27:38","guid":{"rendered":"https:\/\/www.jagiellonczyklasin.edu.pl\/?page_id=2242"},"modified":"2026-04-08T17:19:39","modified_gmt":"2026-04-08T17:19:39","slug":"warsztaty-szkolne","status":"publish","type":"page","link":"https:\/\/www.jagiellonczyklasin.edu.pl\/?page_id=2242","title":{"rendered":"Warsztaty Szkolne"},"content":{"rendered":"\t\t<div data-elementor-type=\"wp-page\" data-elementor-id=\"2242\" class=\"elementor elementor-2242\">\n\t\t\t\t<div class=\"elementor-element elementor-element-69e8422d e-con-full e-flex e-con e-parent\" data-id=\"69e8422d\" data-element_type=\"container\" data-settings=\"{&quot;background_background&quot;:&quot;classic&quot;,&quot;content_width&quot;:&quot;full&quot;}\" data-core-v316-plus=\"true\">\n\t\t\t\t<\/div>\n\t\t<div class=\"elementor-element elementor-element-44050485 e-flex e-con-boxed e-con e-parent\" data-id=\"44050485\" data-element_type=\"container\" data-settings=\"{&quot;background_background&quot;:&quot;classic&quot;,&quot;content_width&quot;:&quot;boxed&quot;}\" data-core-v316-plus=\"true\">\n\t\t\t\t\t<div class=\"e-con-inner\">\n\t\t<div class=\"elementor-element elementor-element-1dba355a e-con-full e-flex e-con e-child\" data-id=\"1dba355a\" data-element_type=\"container\" data-settings=\"{&quot;content_width&quot;:&quot;full&quot;}\">\n\t\t\t\t<div class=\"elementor-element elementor-element-17e08d8b elementor-widget__width-initial elementor-widget-mobile__width-inherit elementor-view-default elementor-position-top elementor-mobile-position-top elementor-widget elementor-widget-icon-box\" data-id=\"17e08d8b\" data-element_type=\"widget\" data-widget_type=\"icon-box.default\">\n\t\t\t\t<div class=\"elementor-widget-container\">\n\t\t\t<link rel=\"stylesheet\" href=\"https:\/\/www.jagiellonczyklasin.edu.pl\/wp-content\/plugins\/elementor\/assets\/css\/widget-icon-box.min.css\">\t\t<div class=\"elementor-icon-box-wrapper\">\n\t\t\t\t\t\t<div class=\"elementor-icon-box-icon\">\n\t\t\t\t<a href=\"https:\/\/www.jagiellonczyklasin.edu.pl\/?page_id=4069\" class=\"elementor-icon elementor-animation-\" tabindex=\"-1\">\n\t\t\t\t<svg aria-hidden=\"true\" class=\"e-font-icon-svg e-fas-chalkboard-teacher\" viewBox=\"0 0 640 512\" xmlns=\"http:\/\/www.w3.org\/2000\/svg\"><path d=\"M208 352c-2.39 0-4.78.35-7.06 1.09C187.98 357.3 174.35 360 160 360c-14.35 0-27.98-2.7-40.95-6.91-2.28-.74-4.66-1.09-7.05-1.09C49.94 352-.33 402.48 0 464.62.14 490.88 21.73 512 48 512h224c26.27 0 47.86-21.12 48-47.38.33-62.14-49.94-112.62-112-112.62zm-48-32c53.02 0 96-42.98 96-96s-42.98-96-96-96-96 42.98-96 96 42.98 96 96 96zM592 0H208c-26.47 0-48 22.25-48 49.59V96c23.42 0 45.1 6.78 64 17.8V64h352v288h-64v-64H384v64h-76.24c19.1 16.69 33.12 38.73 39.69 64H592c26.47 0 48-22.25 48-49.59V49.59C640 22.25 618.47 0 592 0z\"><\/path><\/svg>\t\t\t\t<\/a>\n\t\t\t<\/div>\n\t\t\t\t\t\t<div class=\"elementor-icon-box-content\">\n\t\t\t\t<h5 class=\"elementor-icon-box-title\">\n\t\t\t\t\t<a href=\"https:\/\/www.jagiellonczyklasin.edu.pl\/?page_id=4069\" >\n\t\t\t\t\t\tNauczyciele\t\t\t\t\t<\/a>\n\t\t\t\t<\/h5>\n\t\t\t\t\t\t\t<\/div>\n\t\t<\/div>\n\t\t\t\t<\/div>\n\t\t\t\t<\/div>\n\t\t\t\t<div class=\"elementor-element elementor-element-3f322d06 elementor-widget__width-initial elementor-widget-mobile__width-inherit elementor-view-default elementor-position-top elementor-mobile-position-top elementor-widget elementor-widget-icon-box\" data-id=\"3f322d06\" data-element_type=\"widget\" data-widget_type=\"icon-box.default\">\n\t\t\t\t<div class=\"elementor-widget-container\">\n\t\t\t\t\t<div class=\"elementor-icon-box-wrapper\">\n\t\t\t\t\t\t<div class=\"elementor-icon-box-icon\">\n\t\t\t\t<a href=\"https:\/\/www.jagiellonczyklasin.edu.pl\/?page_id=2255\" class=\"elementor-icon elementor-animation-\" tabindex=\"-1\">\n\t\t\t\t<svg aria-hidden=\"true\" class=\"e-font-icon-svg e-fas-car-side\" viewBox=\"0 0 640 512\" xmlns=\"http:\/\/www.w3.org\/2000\/svg\"><path d=\"M544 192h-16L419.22 56.02A64.025 64.025 0 0 0 369.24 32H155.33c-26.17 0-49.7 15.93-59.42 40.23L48 194.26C20.44 201.4 0 226.21 0 256v112c0 8.84 7.16 16 16 16h48c0 53.02 42.98 96 96 96s96-42.98 96-96h128c0 53.02 42.98 96 96 96s96-42.98 96-96h48c8.84 0 16-7.16 16-16v-80c0-53.02-42.98-96-96-96zM160 432c-26.47 0-48-21.53-48-48s21.53-48 48-48 48 21.53 48 48-21.53 48-48 48zm72-240H116.93l38.4-96H232v96zm48 0V96h89.24l76.8 96H280zm200 240c-26.47 0-48-21.53-48-48s21.53-48 48-48 48 21.53 48 48-21.53 48-48 48z\"><\/path><\/svg>\t\t\t\t<\/a>\n\t\t\t<\/div>\n\t\t\t\t\t\t<div class=\"elementor-icon-box-content\">\n\t\t\t\t<h5 class=\"elementor-icon-box-title\">\n\t\t\t\t\t<a href=\"https:\/\/www.jagiellonczyklasin.edu.pl\/?page_id=2255\" >\n\t\t\t\t\t\tNauka Jazdy\t\t\t\t\t<\/a>\n\t\t\t\t<\/h5>\n\t\t\t\t\t\t\t<\/div>\n\t\t<\/div>\n\t\t\t\t<\/div>\n\t\t\t\t<\/div>\n\t\t\t\t<div class=\"elementor-element elementor-element-9f9887a elementor-widget__width-initial elementor-widget-mobile__width-inherit elementor-view-default elementor-position-top elementor-mobile-position-top elementor-widget elementor-widget-icon-box\" data-id=\"9f9887a\" data-element_type=\"widget\" data-widget_type=\"icon-box.default\">\n\t\t\t\t<div class=\"elementor-widget-container\">\n\t\t\t\t\t<div class=\"elementor-icon-box-wrapper\">\n\t\t\t\t\t\t<div class=\"elementor-icon-box-icon\">\n\t\t\t\t<a href=\"https:\/\/www.jagiellonczyklasin.edu.pl\/?page_id=2248\" class=\"elementor-icon elementor-animation-\" tabindex=\"-1\">\n\t\t\t\t<svg aria-hidden=\"true\" class=\"e-font-icon-svg e-fas-car\" viewBox=\"0 0 512 512\" xmlns=\"http:\/\/www.w3.org\/2000\/svg\"><path d=\"M499.99 176h-59.87l-16.64-41.6C406.38 91.63 365.57 64 319.5 64h-127c-46.06 0-86.88 27.63-103.99 70.4L71.87 176H12.01C4.2 176-1.53 183.34.37 190.91l6 24C7.7 220.25 12.5 224 18.01 224h20.07C24.65 235.73 16 252.78 16 272v48c0 16.12 6.16 30.67 16 41.93V416c0 17.67 14.33 32 32 32h32c17.67 0 32-14.33 32-32v-32h256v32c0 17.67 14.33 32 32 32h32c17.67 0 32-14.33 32-32v-54.07c9.84-11.25 16-25.8 16-41.93v-48c0-19.22-8.65-36.27-22.07-48H494c5.51 0 10.31-3.75 11.64-9.09l6-24c1.89-7.57-3.84-14.91-11.65-14.91zm-352.06-17.83c7.29-18.22 24.94-30.17 44.57-30.17h127c19.63 0 37.28 11.95 44.57 30.17L384 208H128l19.93-49.83zM96 319.8c-19.2 0-32-12.76-32-31.9S76.8 256 96 256s48 28.71 48 47.85-28.8 15.95-48 15.95zm320 0c-19.2 0-48 3.19-48-15.95S396.8 256 416 256s32 12.76 32 31.9-12.8 31.9-32 31.9z\"><\/path><\/svg>\t\t\t\t<\/a>\n\t\t\t<\/div>\n\t\t\t\t\t\t<div class=\"elementor-icon-box-content\">\n\t\t\t\t<h5 class=\"elementor-icon-box-title\">\n\t\t\t\t\t<a href=\"https:\/\/www.jagiellonczyklasin.edu.pl\/?page_id=2248\" >\n\t\t\t\t\t\tStacja Kontroli Pojazd\u00f3w\t\t\t\t\t<\/a>\n\t\t\t\t<\/h5>\n\t\t\t\t\t\t\t<\/div>\n\t\t<\/div>\n\t\t\t\t<\/div>\n\t\t\t\t<\/div>\n\t\t\t\t<div class=\"elementor-element elementor-element-6a0f3e73 elementor-widget__width-initial elementor-widget-mobile__width-inherit elementor-view-default elementor-position-top elementor-mobile-position-top elementor-widget elementor-widget-icon-box\" data-id=\"6a0f3e73\" data-element_type=\"widget\" data-widget_type=\"icon-box.default\">\n\t\t\t\t<div class=\"elementor-widget-container\">\n\t\t\t\t\t<div class=\"elementor-icon-box-wrapper\">\n\t\t\t\t\t\t<div class=\"elementor-icon-box-icon\">\n\t\t\t\t<a href=\"https:\/\/www.jagiellonczyklasin.edu.pl\/?page_id=4012\" class=\"elementor-icon elementor-animation-\" tabindex=\"-1\">\n\t\t\t\t<svg aria-hidden=\"true\" class=\"e-font-icon-svg e-fas-car-crash\" viewBox=\"0 0 640 512\" xmlns=\"http:\/\/www.w3.org\/2000\/svg\"><path d=\"M143.25 220.81l-12.42 46.37c-3.01 11.25-3.63 22.89-2.41 34.39l-35.2 28.98c-6.57 5.41-16.31-.43-14.62-8.77l15.44-76.68c1.06-5.26-2.66-10.28-8-10.79l-77.86-7.55c-8.47-.82-11.23-11.83-4.14-16.54l65.15-43.3c4.46-2.97 5.38-9.15 1.98-13.29L21.46 93.22c-5.41-6.57.43-16.3 8.78-14.62l76.68 15.44c5.26 1.06 10.28-2.66 10.8-8l7.55-77.86c.82-8.48 11.83-11.23 16.55-4.14l43.3 65.14c2.97 4.46 9.15 5.38 13.29 1.98l60.4-49.71c6.57-5.41 16.3.43 14.62 8.77L262.1 86.38c-2.71 3.05-5.43 6.09-7.91 9.4l-32.15 42.97-10.71 14.32c-32.73 8.76-59.18 34.53-68.08 67.74zm494.57 132.51l-12.42 46.36c-3.13 11.68-9.38 21.61-17.55 29.36a66.876 66.876 0 0 1-8.76 7l-13.99 52.23c-1.14 4.27-3.1 8.1-5.65 11.38-7.67 9.84-20.74 14.68-33.54 11.25L515 502.62c-17.07-4.57-27.2-22.12-22.63-39.19l8.28-30.91-247.28-66.26-8.28 30.91c-4.57 17.07-22.12 27.2-39.19 22.63l-30.91-8.28c-12.8-3.43-21.7-14.16-23.42-26.51-.57-4.12-.35-8.42.79-12.68l13.99-52.23a66.62 66.62 0 0 1-4.09-10.45c-3.2-10.79-3.65-22.52-.52-34.2l12.42-46.37c5.31-19.8 19.36-34.83 36.89-42.21a64.336 64.336 0 0 1 18.49-4.72l18.13-24.23 32.15-42.97c3.45-4.61 7.19-8.9 11.2-12.84 8-7.89 17.03-14.44 26.74-19.51 4.86-2.54 9.89-4.71 15.05-6.49 10.33-3.58 21.19-5.63 32.24-6.04 11.05-.41 22.31.82 33.43 3.8l122.68 32.87c11.12 2.98 21.48 7.54 30.85 13.43a111.11 111.11 0 0 1 34.69 34.5c8.82 13.88 14.64 29.84 16.68 46.99l6.36 53.29 3.59 30.05a64.49 64.49 0 0 1 22.74 29.93c4.39 11.88 5.29 25.19 1.75 38.39zM255.58 234.34c-18.55-4.97-34.21 4.04-39.17 22.53-4.96 18.49 4.11 34.12 22.65 39.09 18.55 4.97 45.54 15.51 50.49-2.98 4.96-18.49-15.43-53.67-33.97-58.64zm290.61 28.17l-6.36-53.29c-.58-4.87-1.89-9.53-3.82-13.86-5.8-12.99-17.2-23.01-31.42-26.82l-122.68-32.87a48.008 48.008 0 0 0-50.86 17.61l-32.15 42.97 172 46.08 75.29 20.18zm18.49 54.65c-18.55-4.97-53.8 15.31-58.75 33.79-4.95 18.49 23.69 22.86 42.24 27.83 18.55 4.97 34.21-4.04 39.17-22.53 4.95-18.48-4.11-34.12-22.66-39.09z\"><\/path><\/svg>\t\t\t\t<\/a>\n\t\t\t<\/div>\n\t\t\t\t\t\t<div class=\"elementor-icon-box-content\">\n\t\t\t\t<h5 class=\"elementor-icon-box-title\">\n\t\t\t\t\t<a href=\"https:\/\/www.jagiellonczyklasin.edu.pl\/?page_id=4012\" >\n\t\t\t\t\t\tWarsztaty Szkolne\t\t\t\t\t<\/a>\n\t\t\t\t<\/h5>\n\t\t\t\t\t\t\t<\/div>\n\t\t<\/div>\n\t\t\t\t<\/div>\n\t\t\t\t<\/div>\n\t\t\t\t<\/div>\n\t\t<div class=\"elementor-element elementor-element-eb23100 e-flex e-con-boxed e-con e-child\" data-id=\"eb23100\" data-element_type=\"container\" data-settings=\"{&quot;content_width&quot;:&quot;boxed&quot;}\">\n\t\t\t\t\t<div class=\"e-con-inner\">\n\t\t\t\t<div class=\"elementor-element elementor-element-055b976 elementor-widget elementor-widget-text-editor\" data-id=\"055b976\" data-element_type=\"widget\" data-widget_type=\"text-editor.default\">\n\t\t\t\t<div class=\"elementor-widget-container\">\n\t\t\t<style>\/*! elementor - v3.19.0 - 28-02-2024 *\/\n.elementor-widget-text-editor.elementor-drop-cap-view-stacked .elementor-drop-cap{background-color:#69727d;color:#fff}.elementor-widget-text-editor.elementor-drop-cap-view-framed .elementor-drop-cap{color:#69727d;border:3px solid;background-color:transparent}.elementor-widget-text-editor:not(.elementor-drop-cap-view-default) .elementor-drop-cap{margin-top:8px}.elementor-widget-text-editor:not(.elementor-drop-cap-view-default) .elementor-drop-cap-letter{width:1em;height:1em}.elementor-widget-text-editor .elementor-drop-cap{float:left;text-align:center;line-height:1;font-size:50px}.elementor-widget-text-editor .elementor-drop-cap-letter{display:inline-block}<\/style>\t\t\t\t<p style=\"text-align: center;\"><strong><span style=\"color: #ffffff; font-size: 14pt;\"><span style=\"font-size: 18pt;\">Warsztaty Szkolne<\/span><\/span><\/strong><\/p><p style=\"text-align: center;\"><span style=\"color: #ffffff; font-size: 14pt;\">ul. M. Sk\u0142odowskiej-Curie 14<\/span><\/p><p style=\"text-align: center;\"><span style=\"color: #ffffff; font-size: 14pt;\">86-320 \u0141asin<\/span><\/p><p style=\"text-align: center;\"><span style=\"color: #ffffff; font-size: 14pt;\">Sekretariat szko\u0142y (56) 466 4242<\/span><\/p>\t\t\t\t\t\t<\/div>\n\t\t\t\t<\/div>\n\t\t\t\t\t<\/div>\n\t\t\t\t<\/div>\n\t\t\t\t\t<\/div>\n\t\t\t\t<\/div>\n\t\t<div class=\"elementor-element elementor-element-1fbe7ad e-flex e-con-boxed e-con e-parent\" data-id=\"1fbe7ad\" data-element_type=\"container\" data-settings=\"{&quot;content_width&quot;:&quot;boxed&quot;}\" data-core-v316-plus=\"true\">\n\t\t\t\t\t<div class=\"e-con-inner\">\n\t\t<div class=\"elementor-element elementor-element-c708948 e-flex e-con-boxed e-con e-child\" data-id=\"c708948\" data-element_type=\"container\" data-settings=\"{&quot;content_width&quot;:&quot;boxed&quot;}\">\n\t\t\t\t\t<div class=\"e-con-inner\">\n\t\t\t\t<div class=\"elementor-element elementor-element-4fd28c2 elementor-widget elementor-widget-heading\" data-id=\"4fd28c2\" data-element_type=\"widget\" data-widget_type=\"heading.default\">\n\t\t\t\t<div class=\"elementor-widget-container\">\n\t\t\t<style>\/*! elementor - v3.19.0 - 28-02-2024 *\/\n.elementor-heading-title{padding:0;margin:0;line-height:1}.elementor-widget-heading .elementor-heading-title[class*=elementor-size-]>a{color:inherit;font-size:inherit;line-height:inherit}.elementor-widget-heading .elementor-heading-title.elementor-size-small{font-size:15px}.elementor-widget-heading .elementor-heading-title.elementor-size-medium{font-size:19px}.elementor-widget-heading .elementor-heading-title.elementor-size-large{font-size:29px}.elementor-widget-heading .elementor-heading-title.elementor-size-xl{font-size:39px}.elementor-widget-heading .elementor-heading-title.elementor-size-xxl{font-size:59px}<\/style><h4 class=\"elementor-heading-title elementor-size-default\">Partnerzy \"Jagiello\u0144czyka\"<\/h4>\t\t<\/div>\n\t\t\t\t<\/div>\n\t\t\t\t\t<\/div>\n\t\t\t\t<\/div>\n\t\t\t\t\t<\/div>\n\t\t\t\t<\/div>\n\t\t<div class=\"elementor-element elementor-element-1fb2969 e-flex e-con-boxed e-con e-parent\" data-id=\"1fb2969\" data-element_type=\"container\" data-settings=\"{&quot;content_width&quot;:&quot;boxed&quot;}\" data-core-v316-plus=\"true\">\n\t\t\t\t\t<div class=\"e-con-inner\">\n\t\t<div class=\"elementor-element elementor-element-f6cdece e-con-full e-flex e-con e-child\" data-id=\"f6cdece\" data-element_type=\"container\" data-settings=\"{&quot;content_width&quot;:&quot;full&quot;}\">\n\t\t<div class=\"elementor-element elementor-element-9a6b2be e-con-full e-flex e-con e-child\" data-id=\"9a6b2be\" data-element_type=\"container\" data-settings=\"{&quot;content_width&quot;:&quot;full&quot;}\">\n\t\t\t\t<div class=\"elementor-element elementor-element-49b7c24 elementor-widget elementor-widget-image\" data-id=\"49b7c24\" data-element_type=\"widget\" data-widget_type=\"image.default\">\n\t\t\t\t<div class=\"elementor-widget-container\">\n\t\t\t<style>\/*! elementor - v3.19.0 - 28-02-2024 *\/\n.elementor-widget-image{text-align:center}.elementor-widget-image a{display:inline-block}.elementor-widget-image a img[src$=\".svg\"]{width:48px}.elementor-widget-image img{vertical-align:middle;display:inline-block}<\/style>\t\t\t\t\t\t\t\t\t\t<img fetchpriority=\"high\" decoding=\"async\" width=\"269\" height=\"300\" src=\"https:\/\/www.jagiellonczyklasin.edu.pl\/wp-content\/uploads\/2024\/02\/Logo-Stowarzyszenia-269x300-1.jpg\" class=\"attachment-large size-large wp-image-3203\" alt=\"\" \/>\t\t\t\t\t\t\t\t\t\t\t\t\t<\/div>\n\t\t\t\t<\/div>\n\t\t\t\t<\/div>\n\t\t<div class=\"elementor-element elementor-element-b8d8c2d e-con-full e-flex e-con e-child\" data-id=\"b8d8c2d\" data-element_type=\"container\" data-settings=\"{&quot;content_width&quot;:&quot;full&quot;}\">\n\t\t\t\t<div class=\"elementor-element elementor-element-b234508 elementor-widget elementor-widget-image\" data-id=\"b234508\" data-element_type=\"widget\" data-widget_type=\"image.default\">\n\t\t\t\t<div class=\"elementor-widget-container\">\n\t\t\t\t\t\t\t\t\t\t\t\t\t\t<a href=\"https:\/\/beczkopol.com.pl\/\">\n\t\t\t\t\t\t\t<img decoding=\"async\" width=\"148\" height=\"124\" src=\"https:\/\/www.jagiellonczyklasin.edu.pl\/wp-content\/uploads\/2024\/02\/beczkopol-logo-1.png\" class=\"attachment-large size-large wp-image-3213\" alt=\"\" \/>\t\t\t\t\t\t\t\t<\/a>\n\t\t\t\t\t\t\t\t\t\t\t\t\t<\/div>\n\t\t\t\t<\/div>\n\t\t\t\t<\/div>\n\t\t<div class=\"elementor-element elementor-element-cbf0358 e-con-full e-flex e-con e-child\" data-id=\"cbf0358\" data-element_type=\"container\" data-settings=\"{&quot;content_width&quot;:&quot;full&quot;}\">\n\t\t\t\t<div class=\"elementor-element elementor-element-459da07 elementor-widget elementor-widget-image\" data-id=\"459da07\" data-element_type=\"widget\" data-widget_type=\"image.default\">\n\t\t\t\t<div class=\"elementor-widget-container\">\n\t\t\t\t\t\t\t\t\t\t\t\t\t\t<a href=\"https:\/\/www.bespol.com\/\">\n\t\t\t\t\t\t\t<img decoding=\"async\" width=\"184\" height=\"121\" src=\"https:\/\/www.jagiellonczyklasin.edu.pl\/wp-content\/uploads\/2024\/02\/logo.png\" class=\"attachment-large size-large wp-image-3214\" alt=\"\" \/>\t\t\t\t\t\t\t\t<\/a>\n\t\t\t\t\t\t\t\t\t\t\t\t\t<\/div>\n\t\t\t\t<\/div>\n\t\t\t\t<\/div>\n\t\t<div class=\"elementor-element elementor-element-d5a40ab e-con-full e-flex e-con e-child\" data-id=\"d5a40ab\" data-element_type=\"container\" data-settings=\"{&quot;content_width&quot;:&quot;full&quot;}\">\n\t\t\t\t<div class=\"elementor-element elementor-element-7c273bd elementor-widget elementor-widget-image\" data-id=\"7c273bd\" data-element_type=\"widget\" data-widget_type=\"image.default\">\n\t\t\t\t<div class=\"elementor-widget-container\">\n\t\t\t\t\t\t\t\t\t\t\t\t\t\t<a href=\"https:\/\/www.lisiekaty.pl\/\">\n\t\t\t\t\t\t\t<img loading=\"lazy\" decoding=\"async\" width=\"279\" height=\"90\" src=\"https:\/\/www.jagiellonczyklasin.edu.pl\/wp-content\/uploads\/2024\/02\/lisie-katy-logo.png\" class=\"attachment-large size-large wp-image-4904\" alt=\"\" \/>\t\t\t\t\t\t\t\t<\/a>\n\t\t\t\t\t\t\t\t\t\t\t\t\t<\/div>\n\t\t\t\t<\/div>\n\t\t\t\t<\/div>\n\t\t<div class=\"elementor-element elementor-element-4421efd e-con-full e-flex e-con e-child\" data-id=\"4421efd\" data-element_type=\"container\" data-settings=\"{&quot;content_width&quot;:&quot;full&quot;}\">\n\t\t\t\t<div class=\"elementor-element elementor-element-45c8a2f elementor-widget elementor-widget-image\" data-id=\"45c8a2f\" data-element_type=\"widget\" data-widget_type=\"image.default\">\n\t\t\t\t<div class=\"elementor-widget-container\">\n\t\t\t\t\t\t\t\t\t\t\t\t\t\t<a href=\"https:\/\/www.hydro-vacuum.com.pl\/\">\n\t\t\t\t\t\t\t<img loading=\"lazy\" decoding=\"async\" width=\"833\" height=\"179\" src=\"https:\/\/www.jagiellonczyklasin.edu.pl\/wp-content\/uploads\/2024\/02\/logo-1.png\" class=\"attachment-large size-large wp-image-3215\" alt=\"\" srcset=\"https:\/\/www.jagiellonczyklasin.edu.pl\/wp-content\/uploads\/2024\/02\/logo-1.png 833w, https:\/\/www.jagiellonczyklasin.edu.pl\/wp-content\/uploads\/2024\/02\/logo-1-300x64.png 300w, https:\/\/www.jagiellonczyklasin.edu.pl\/wp-content\/uploads\/2024\/02\/logo-1-768x165.png 768w\" sizes=\"(max-width: 833px) 100vw, 833px\" \/>\t\t\t\t\t\t\t\t<\/a>\n\t\t\t\t\t\t\t\t\t\t\t\t\t<\/div>\n\t\t\t\t<\/div>\n\t\t\t\t<\/div>\n\t\t<div class=\"elementor-element elementor-element-2d1b485 e-con-full e-flex e-con e-child\" data-id=\"2d1b485\" data-element_type=\"container\" data-settings=\"{&quot;content_width&quot;:&quot;full&quot;}\">\n\t\t\t\t<div class=\"elementor-element elementor-element-2c38288 elementor-widget elementor-widget-image\" data-id=\"2c38288\" data-element_type=\"widget\" data-widget_type=\"image.default\">\n\t\t\t\t<div class=\"elementor-widget-container\">\n\t\t\t\t\t\t\t\t\t\t\t\t\t<img loading=\"lazy\" decoding=\"async\" width=\"768\" height=\"430\" src=\"https:\/\/www.jagiellonczyklasin.edu.pl\/wp-content\/uploads\/2024\/02\/lks-piast-768x430-1.jpg\" class=\"attachment-large size-large wp-image-3202\" alt=\"\" srcset=\"https:\/\/www.jagiellonczyklasin.edu.pl\/wp-content\/uploads\/2024\/02\/lks-piast-768x430-1.jpg 768w, https:\/\/www.jagiellonczyklasin.edu.pl\/wp-content\/uploads\/2024\/02\/lks-piast-768x430-1-300x168.jpg 300w\" sizes=\"(max-width: 768px) 100vw, 768px\" \/>\t\t\t\t\t\t\t\t\t\t\t\t\t<\/div>\n\t\t\t\t<\/div>\n\t\t\t\t<\/div>\n\t\t<div class=\"elementor-element elementor-element-17b6042 e-con-full e-flex e-con e-child\" data-id=\"17b6042\" data-element_type=\"container\" data-settings=\"{&quot;content_width&quot;:&quot;full&quot;}\">\n\t\t\t\t<div class=\"elementor-element elementor-element-1c0aba4 elementor-widget elementor-widget-image\" data-id=\"1c0aba4\" data-element_type=\"widget\" data-widget_type=\"image.default\">\n\t\t\t\t<div class=\"elementor-widget-container\">\n\t\t\t\t\t\t\t\t\t\t\t\t\t\t<a href=\"https:\/\/revas.pl\/\">\n\t\t\t\t\t\t\t<img loading=\"lazy\" decoding=\"async\" width=\"768\" height=\"558\" src=\"https:\/\/www.jagiellonczyklasin.edu.pl\/wp-content\/uploads\/2024\/02\/skan-001-768x558-1.jpg\" class=\"attachment-large size-large wp-image-3205\" alt=\"\" srcset=\"https:\/\/www.jagiellonczyklasin.edu.pl\/wp-content\/uploads\/2024\/02\/skan-001-768x558-1.jpg 768w, https:\/\/www.jagiellonczyklasin.edu.pl\/wp-content\/uploads\/2024\/02\/skan-001-768x558-1-300x218.jpg 300w\" sizes=\"(max-width: 768px) 100vw, 768px\" \/>\t\t\t\t\t\t\t\t<\/a>\n\t\t\t\t\t\t\t\t\t\t\t\t\t<\/div>\n\t\t\t\t<\/div>\n\t\t\t\t<\/div>\n\t\t<div class=\"elementor-element elementor-element-ba34ed6 e-con-full e-flex e-con e-child\" data-id=\"ba34ed6\" data-element_type=\"container\" data-settings=\"{&quot;content_width&quot;:&quot;full&quot;}\">\n\t\t\t\t<div class=\"elementor-element elementor-element-34a3032 elementor-widget elementor-widget-image\" data-id=\"34a3032\" data-element_type=\"widget\" data-widget_type=\"image.default\">\n\t\t\t\t<div class=\"elementor-widget-container\">\n\t\t\t\t\t\t\t\t\t\t\t\t\t\t<a href=\"https:\/\/progecad.pl\/\">\n\t\t\t\t\t\t\t<img loading=\"lazy\" decoding=\"async\" width=\"200\" height=\"125\" src=\"https:\/\/www.jagiellonczyklasin.edu.pl\/wp-content\/uploads\/2024\/02\/progecad_200x125.png\" class=\"attachment-large size-large wp-image-3204\" alt=\"\" \/>\t\t\t\t\t\t\t\t<\/a>\n\t\t\t\t\t\t\t\t\t\t\t\t\t<\/div>\n\t\t\t\t<\/div>\n\t\t\t\t<\/div>\n\t\t<div class=\"elementor-element elementor-element-d61358b e-con-full e-flex e-con e-child\" data-id=\"d61358b\" data-element_type=\"container\" data-settings=\"{&quot;content_width&quot;:&quot;full&quot;}\">\n\t\t\t\t<div class=\"elementor-element elementor-element-6580890 elementor-widget elementor-widget-image\" data-id=\"6580890\" data-element_type=\"widget\" data-widget_type=\"image.default\">\n\t\t\t\t<div class=\"elementor-widget-container\">\n\t\t\t\t\t\t\t\t\t\t\t\t\t\t<a href=\"https:\/\/hektarwiedzy.pl\/\">\n\t\t\t\t\t\t\t<img loading=\"lazy\" decoding=\"async\" width=\"2953\" height=\"3879\" src=\"https:\/\/www.jagiellonczyklasin.edu.pl\/wp-content\/uploads\/2024\/02\/EDIT_HEKTAR_WIEDZY_LOGO_CZARNE_BEZ_TLA-1.svg\" class=\"attachment-large size-large wp-image-4768\" alt=\"\" \/>\t\t\t\t\t\t\t\t<\/a>\n\t\t\t\t\t\t\t\t\t\t\t\t\t<\/div>\n\t\t\t\t<\/div>\n\t\t\t\t<\/div>\n\t\t\t\t<\/div>\n\t\t\t\t\t<\/div>\n\t\t\t\t<\/div>\n\t\t\t\t<\/div>\n\t\t","protected":false},"excerpt":{"rendered":"<p>Nauczyciele Nauka Jazdy Stacja Kontroli Pojazd\u00f3w Warsztaty Szkolne Warsztaty Szkolne ul. M. Sk\u0142odowskiej-Curie 14 86-320 \u0141asin Sekretariat szko\u0142y (56) 466 4242 Partnerzy &#8222;Jagiello\u0144czyka&#8221;<\/p>\n","protected":false},"author":1,"featured_media":0,"parent":0,"menu_order":0,"comment_status":"closed","ping_status":"closed","template":"","meta":{"_kadence_starter_templates_imported_post":false,"footnotes":""},"blocksy_meta":[],"featured_image_urls":{"full":"","thumbnail":"","medium":"","medium_large":"","large":"","1536x1536":"","2048x2048":"","htliser_size_396x360":"","htslider_size_1170x536":""},"post_excerpt_stackable":"<p>Nauczyciele Nauka Jazdy Stacja Kontroli Pojazd\u00f3w Warsztaty Szkolne Warsztaty Szkolneul. M. Sk\u0142odowskiej-Curie 1486-320 \u0141asinSekretariat szko\u0142y (56) 466 4242 Partnerzy &#8222;Jagiello\u0144czyka&#8221;<\/p>\n","category_list":"","author_info":{"name":"admin","url":"https:\/\/www.jagiellonczyklasin.edu.pl\/?author=1"},"comments_num":"0 comments","_links":{"self":[{"href":"https:\/\/www.jagiellonczyklasin.edu.pl\/index.php?rest_route=\/wp\/v2\/pages\/2242"}],"collection":[{"href":"https:\/\/www.jagiellonczyklasin.edu.pl\/index.php?rest_route=\/wp\/v2\/pages"}],"about":[{"href":"https:\/\/www.jagiellonczyklasin.edu.pl\/index.php?rest_route=\/wp\/v2\/types\/page"}],"author":[{"embeddable":true,"href":"https:\/\/www.jagiellonczyklasin.edu.pl\/index.php?rest_route=\/wp\/v2\/users\/1"}],"replies":[{"embeddable":true,"href":"https:\/\/www.jagiellonczyklasin.edu.pl\/index.php?rest_route=%2Fwp%2Fv2%2Fcomments&post=2242"}],"version-history":[{"count":178,"href":"https:\/\/www.jagiellonczyklasin.edu.pl\/index.php?rest_route=\/wp\/v2\/pages\/2242\/revisions"}],"predecessor-version":[{"id":10261,"href":"https:\/\/www.jagiellonczyklasin.edu.pl\/index.php?rest_route=\/wp\/v2\/pages\/2242\/revisions\/10261"}],"wp:attachment":[{"href":"https:\/\/www.jagiellonczyklasin.edu.pl\/index.php?rest_route=%2Fwp%2Fv2%2Fmedia&parent=2242"}],"curies":[{"name":"wp","href":"https:\/\/api.w.org\/{rel}","templated":true}]}}