{"id":2248,"date":"2024-02-15T21:30:35","date_gmt":"2024-02-15T21:30:35","guid":{"rendered":"https:\/\/www.jagiellonczyklasin.edu.pl\/?page_id=2248"},"modified":"2024-10-28T16:25:30","modified_gmt":"2024-10-28T16:25:30","slug":"stacja-kontroli-pojzadow","status":"publish","type":"page","link":"https:\/\/www.jagiellonczyklasin.edu.pl\/?page_id=2248","title":{"rendered":"Stacja Kontroli Pojazd\u00f3w"},"content":{"rendered":"\t\t<div data-elementor-type=\"wp-page\" data-elementor-id=\"2248\" class=\"elementor elementor-2248\">\n\t\t\t\t<div class=\"elementor-element elementor-element-6bb0ce3a e-flex e-con-boxed e-con e-parent\" data-id=\"6bb0ce3a\" data-element_type=\"container\" data-settings=\"{&quot;content_width&quot;:&quot;boxed&quot;}\" data-core-v316-plus=\"true\">\n\t\t\t\t\t<div class=\"e-con-inner\">\n\t\t\t\t<div class=\"elementor-element elementor-element-51782df9 elementor-widget elementor-widget-text-editor\" data-id=\"51782df9\" data-element_type=\"widget\" data-widget_type=\"text-editor.default\">\n\t\t\t\t<div class=\"elementor-widget-container\">\n\t\t\t<style>\/*! elementor - v3.19.0 - 28-02-2024 *\/\n.elementor-widget-text-editor.elementor-drop-cap-view-stacked .elementor-drop-cap{background-color:#69727d;color:#fff}.elementor-widget-text-editor.elementor-drop-cap-view-framed .elementor-drop-cap{color:#69727d;border:3px solid;background-color:transparent}.elementor-widget-text-editor:not(.elementor-drop-cap-view-default) .elementor-drop-cap{margin-top:8px}.elementor-widget-text-editor:not(.elementor-drop-cap-view-default) .elementor-drop-cap-letter{width:1em;height:1em}.elementor-widget-text-editor .elementor-drop-cap{float:left;text-align:center;line-height:1;font-size:50px}.elementor-widget-text-editor .elementor-drop-cap-letter{display:inline-block}<\/style>\t\t\t\t<p style=\"text-align: center;\">\n<\/p>\n<p><\/p><center><\/center><center><\/center><p><\/p>\n<p><img fetchpriority=\"high\" decoding=\"async\" class=\"wp-image-2198 size-large aligncenter\" src=\"http:\/\/www.jagiellonczyklasin.edu.pl\/wp-content\/uploads\/2024\/02\/s_k-1024x768.jpg\" alt=\"\" width=\"1024\" height=\"768\" srcset=\"https:\/\/www.jagiellonczyklasin.edu.pl\/wp-content\/uploads\/2024\/02\/s_k-1024x768.jpg 1024w, https:\/\/www.jagiellonczyklasin.edu.pl\/wp-content\/uploads\/2024\/02\/s_k-600x450.jpg 600w, https:\/\/www.jagiellonczyklasin.edu.pl\/wp-content\/uploads\/2024\/02\/s_k-300x225.jpg 300w, https:\/\/www.jagiellonczyklasin.edu.pl\/wp-content\/uploads\/2024\/02\/s_k-768x576.jpg 768w, https:\/\/www.jagiellonczyklasin.edu.pl\/wp-content\/uploads\/2024\/02\/s_k-1536x1152.jpg 1536w, https:\/\/www.jagiellonczyklasin.edu.pl\/wp-content\/uploads\/2024\/02\/s_k.jpg 1920w\" sizes=\"(max-width: 1024px) 100vw, 1024px\" \/><\/p>\n<p><\/p>\n<p style=\"text-align: center;\"><span style=\"font-size: 14pt; color: #000000;\"><b>Stacja czynna jest:<br><\/b>od poniedzia\u0142ku do pi\u0105tku <\/span><br><span style=\"font-size: 14pt; color: #000000;\">w godzinach od 8.00 do 16.00<\/span><br><span style=\"color: #000000;\"><span style=\"font-size: 14pt;\">w soboty w godzinach od 8.00 do 13.00<\/span><b><\/b><\/span><br><span style=\"color: #000000;\"><span style=\"font-size: 14pt;\"><b>ul. M. Sk\u0142odowskiej-Curie 14<\/b><\/span><b><\/b><\/span><br><span style=\"font-size: 14pt; color: #000000;\"><b>86-320 \u0141asin<\/b><\/span><br><span style=\"color: #000000; font-family: times new roman, times, serif; font-size: 14pt;\"><b>Tel. 452473834<\/b><b><\/b><\/span><br><span style=\"color: #000000; font-family: times new roman, times, serif; font-size: 14pt;\"><i>Sekretariat szko\u0142y (56) 466 4242<\/i><\/span><\/p>\n<div class=\"su-custom-gallery su-custom-gallery-title-hover\"><div class=\"su-custom-gallery-slide\"><a href=\"https:\/\/www.jagiellonczyklasin.edu.pl\/wp-content\/uploads\/2024\/02\/wa-32-scaled.jpg\" title=\"wa-32\"><img decoding=\"async\" src=\"https:\/\/www.jagiellonczyklasin.edu.pl\/wp-content\/uploads\/2024\/02\/wa-32-scaled.jpg\" alt=\"wa-32\" width=\"300\" height=\"300\" \/><span class=\"su-custom-gallery-title\">wa-32<\/span><\/a><\/div><div class=\"su-custom-gallery-slide\"><a href=\"https:\/\/www.jagiellonczyklasin.edu.pl\/wp-content\/uploads\/2024\/02\/wa-31-1-scaled.jpg\" title=\"wa-31\"><img decoding=\"async\" src=\"https:\/\/www.jagiellonczyklasin.edu.pl\/wp-content\/uploads\/2024\/02\/wa-31-1-scaled.jpg\" alt=\"wa-31\" width=\"300\" height=\"300\" \/><span class=\"su-custom-gallery-title\">wa-31<\/span><\/a><\/div><div class=\"su-custom-gallery-slide\"><a href=\"https:\/\/www.jagiellonczyklasin.edu.pl\/wp-content\/uploads\/2024\/02\/wa-29-scaled.jpg\" title=\"wa-29\"><img loading=\"lazy\" decoding=\"async\" src=\"https:\/\/www.jagiellonczyklasin.edu.pl\/wp-content\/uploads\/2024\/02\/wa-29-scaled.jpg\" alt=\"wa-29\" width=\"300\" height=\"300\" \/><span class=\"su-custom-gallery-title\">wa-29<\/span><\/a><\/div><div class=\"su-custom-gallery-slide\"><a href=\"https:\/\/www.jagiellonczyklasin.edu.pl\/wp-content\/uploads\/2024\/02\/20191019_091312.jpg\" title=\"20191019_091312\"><img loading=\"lazy\" decoding=\"async\" src=\"https:\/\/www.jagiellonczyklasin.edu.pl\/wp-content\/uploads\/2024\/02\/20191019_091312-300x300.jpg\" alt=\"20191019_091312\" width=\"300\" height=\"300\" \/><span class=\"su-custom-gallery-title\">20191019_091312<\/span><\/a><\/div><div class=\"su-clear\"><\/div><\/div>\n<p><\/p>\n<p><span style=\"color: #000000;\"><b><span style=\"font-size: 14pt;\">Stacja Kontroli Pojazd\u00f3w wykonuje:<\/span><\/b><\/span><\/p>\n<p><span style=\"color: #000000;\">&#8211; badania okresowe motorower\u00f3w,<\/span><br><span style=\"color: #000000;\"> &#8211; badania okresowe motocykli,<\/span><br><span style=\"color: #000000;\"> &#8211; badania okresowe pojazd\u00f3w osobowych i ci\u0119\u017carowych do 3,5 t,<\/span><br><span style=\"color: #000000;\"> &#8211; badania okresowe pojazd\u00f3w zasilanych gazem,<\/span><br><span style=\"color: #000000;\"> &#8211; badania okresowe ci\u0105gnik\u00f3w rolniczych do 3,5 t,<\/span><br><span style=\"color: #000000;\"> &#8211; badania okresowe przyczep przeznaczonych do \u0142\u0105czenia z pojazdami silnikowymi do 3,5 t,<\/span><br><span style=\"color: #000000;\"> &#8211; badania okresowe przed pierwsz\u0105 rejestracj\u0105,<\/span><br><span style=\"color: #000000;\"> &#8211; badania pojazd\u00f3w skierowanych przez organ kontroli ruchu drogowego,<\/span><\/p>\n<p><span style=\"color: #000000;\"> Ponadto diagno\u015bci udzielaj\u0105 wszelkich informacji dotycz\u0105cych bada\u0144 technicznych oraz niezb\u0119dnych dokumentacji podczas rejestracji pojazd\u00f3w. W razie zagubienia dokument\u00f3w pojazdu Stacja Kontroli Pojazd\u00f3w wydaje WYPIS z badania pojazdu celem przedstawienia w Wydziale Komunikacji.<\/span><\/p>\n<hr>\n<p><\/p><center><b><b><span style=\"font-size: 14pt; color: #000000;\">Akcje &#8222;Bezpieczny Pojazd&#8221;&nbsp;<\/span><\/b><\/b><p><\/p>\n<p style=\"text-align: left;\">&nbsp; &nbsp;Sezon zimowy ju\u017c za rogiem, wi\u0119c mo\u017cna by\u0142o sprawdzi\u0107 stan techniczny swojego pojazdu na zbli\u017caj\u0105cy si\u0119 czas trudniejszych warunk\u00f3w pogodowych.<br>Po raz kolejny w dniu 26 pa\u017adziernika 2024 roku zosta\u0142a zorganizowana akcja &#8222;Bezpieczny pojazd&#8221;, podczas kt\u00f3rej ka\u017cdy m\u00f3g\u0142 bezp\u0142atnie skorzysta\u0107 z przegl\u0105du auta . \u017byczymy wszystkim bezpiecznej jazdy.<\/p>\n<p><\/p>\n<p><\/p><\/center><center><b><span style=\"font-size: 14pt; color: #000000;\">&nbsp;<\/span><\/b><span style=\"background-color: inherit; color: var(--theme-text-color); font-family: var(--theme-font-family); font-size: inherit; font-style: var(--theme-font-style, inherit); font-weight: var(--theme-font-weight); letter-spacing: var(--theme-letter-spacing); text-align: inherit; text-transform: var(--theme-text-transform);\"><div class=\"su-custom-gallery su-custom-gallery-title-hover su-lightbox-gallery\"><div class=\"su-custom-gallery-slide\"><a href=\"https:\/\/www.jagiellonczyklasin.edu.pl\/wp-content\/uploads\/2024\/10\/464483339_991853069414181_3421667503140638291_n.jpg\" title=\"Akcja &#8222;Bezpieczny Pojazd&#8221;\"><img loading=\"lazy\" decoding=\"async\" src=\"https:\/\/www.jagiellonczyklasin.edu.pl\/wp-content\/uploads\/2024\/10\/464483339_991853069414181_3421667503140638291_n-300x300.jpg\" alt=\"Akcja &#8222;Bezpieczny Pojazd&#8221;\" width=\"300\" height=\"300\" \/><span class=\"su-custom-gallery-title\">Akcja &#8222;Bezpieczny Pojazd&#8221;<\/span><\/a><\/div><div class=\"su-custom-gallery-slide\"><a href=\"https:\/\/www.jagiellonczyklasin.edu.pl\/wp-content\/uploads\/2024\/10\/464483871_991852936080861_6795870296334873410_n.jpg\" title=\"Akcja &#8222;Bezpieczny Pojazd&#8221;\"><img loading=\"lazy\" decoding=\"async\" src=\"https:\/\/www.jagiellonczyklasin.edu.pl\/wp-content\/uploads\/2024\/10\/464483871_991852936080861_6795870296334873410_n-300x300.jpg\" alt=\"Akcja &#8222;Bezpieczny Pojazd&#8221;\" width=\"300\" height=\"300\" \/><span class=\"su-custom-gallery-title\">Akcja &#8222;Bezpieczny Pojazd&#8221;<\/span><\/a><\/div><div class=\"su-custom-gallery-slide\"><a href=\"https:\/\/www.jagiellonczyklasin.edu.pl\/wp-content\/uploads\/2024\/10\/464523691_991852902747531_4808830111196943143_n.jpg\" title=\"Akcja &#8222;Bezpieczny Pojazd&#8221;\"><img loading=\"lazy\" decoding=\"async\" src=\"https:\/\/www.jagiellonczyklasin.edu.pl\/wp-content\/uploads\/2024\/10\/464523691_991852902747531_4808830111196943143_n-300x300.jpg\" alt=\"Akcja &#8222;Bezpieczny Pojazd&#8221;\" width=\"300\" height=\"300\" \/><span class=\"su-custom-gallery-title\">Akcja &#8222;Bezpieczny Pojazd&#8221;<\/span><\/a><\/div><div class=\"su-custom-gallery-slide\"><a href=\"https:\/\/www.jagiellonczyklasin.edu.pl\/wp-content\/uploads\/2024\/10\/464576528_991853159414172_4106196243652247249_n.jpg\" title=\"Akcja &#8222;Bezpieczny Pojazd&#8221;\"><img loading=\"lazy\" decoding=\"async\" src=\"https:\/\/www.jagiellonczyklasin.edu.pl\/wp-content\/uploads\/2024\/10\/464576528_991853159414172_4106196243652247249_n-300x300.jpg\" alt=\"Akcja &#8222;Bezpieczny Pojazd&#8221;\" width=\"300\" height=\"300\" \/><span class=\"su-custom-gallery-title\">Akcja &#8222;Bezpieczny Pojazd&#8221;<\/span><\/a><\/div><div class=\"su-custom-gallery-slide\"><a href=\"https:\/\/www.jagiellonczyklasin.edu.pl\/wp-content\/uploads\/2024\/10\/464576749_991852872747534_6472423975277382582_n.jpg\" title=\"Akcja &#8222;Bezpieczny Pojazd&#8221;\"><img loading=\"lazy\" decoding=\"async\" src=\"https:\/\/www.jagiellonczyklasin.edu.pl\/wp-content\/uploads\/2024\/10\/464576749_991852872747534_6472423975277382582_n-300x300.jpg\" alt=\"Akcja &#8222;Bezpieczny Pojazd&#8221;\" width=\"300\" height=\"300\" \/><span class=\"su-custom-gallery-title\">Akcja &#8222;Bezpieczny Pojazd&#8221;<\/span><\/a><\/div><div class=\"su-custom-gallery-slide\"><a href=\"https:\/\/www.jagiellonczyklasin.edu.pl\/wp-content\/uploads\/2024\/10\/464599759_991853022747519_95652670312046938_n.jpg\" title=\"Akcja &#8222;Bezpieczny Pojazd&#8221;\"><img loading=\"lazy\" decoding=\"async\" src=\"https:\/\/www.jagiellonczyklasin.edu.pl\/wp-content\/uploads\/2024\/10\/464599759_991853022747519_95652670312046938_n-300x300.jpg\" alt=\"Akcja &#8222;Bezpieczny Pojazd&#8221;\" width=\"300\" height=\"300\" \/><span class=\"su-custom-gallery-title\">Akcja &#8222;Bezpieczny Pojazd&#8221;<\/span><\/a><\/div><div class=\"su-custom-gallery-slide\"><a href=\"https:\/\/www.jagiellonczyklasin.edu.pl\/wp-content\/uploads\/2024\/10\/464686993_991852776080877_6980933413370105641_n.jpg\" title=\"Akcja &#8222;Bezpieczny Pojazd&#8221;\"><img loading=\"lazy\" decoding=\"async\" src=\"https:\/\/www.jagiellonczyklasin.edu.pl\/wp-content\/uploads\/2024\/10\/464686993_991852776080877_6980933413370105641_n-300x300.jpg\" alt=\"Akcja &#8222;Bezpieczny Pojazd&#8221;\" width=\"300\" height=\"300\" \/><span class=\"su-custom-gallery-title\">Akcja &#8222;Bezpieczny Pojazd&#8221;<\/span><\/a><\/div><div class=\"su-custom-gallery-slide\"><a href=\"https:\/\/www.jagiellonczyklasin.edu.pl\/wp-content\/uploads\/2024\/10\/464720326_991853109414177_4008939134329647746_n.jpg\" title=\"Akcja &#8222;Bezpieczny Pojazd&#8221;\"><img loading=\"lazy\" decoding=\"async\" src=\"https:\/\/www.jagiellonczyklasin.edu.pl\/wp-content\/uploads\/2024\/10\/464720326_991853109414177_4008939134329647746_n-300x300.jpg\" alt=\"Akcja &#8222;Bezpieczny Pojazd&#8221;\" width=\"300\" height=\"300\" \/><span class=\"su-custom-gallery-title\">Akcja &#8222;Bezpieczny Pojazd&#8221;<\/span><\/a><\/div><div class=\"su-custom-gallery-slide\"><a href=\"https:\/\/www.jagiellonczyklasin.edu.pl\/wp-content\/uploads\/2024\/10\/464749130_991852699414218_4991596411722040165_n.jpg\" title=\"Akcja &#8222;Bezpieczny Pojazd&#8221;\"><img loading=\"lazy\" decoding=\"async\" src=\"https:\/\/www.jagiellonczyklasin.edu.pl\/wp-content\/uploads\/2024\/10\/464749130_991852699414218_4991596411722040165_n-300x300.jpg\" alt=\"Akcja &#8222;Bezpieczny Pojazd&#8221;\" width=\"300\" height=\"300\" \/><span class=\"su-custom-gallery-title\">Akcja &#8222;Bezpieczny Pojazd&#8221;<\/span><\/a><\/div><div class=\"su-custom-gallery-slide\"><a href=\"https:\/\/www.jagiellonczyklasin.edu.pl\/wp-content\/uploads\/2024\/10\/464773313_991852732747548_3217316482278475432_n.jpg\" title=\"Akcja &#8222;Bezpieczny Pojazd&#8221;\"><img loading=\"lazy\" decoding=\"async\" src=\"https:\/\/www.jagiellonczyklasin.edu.pl\/wp-content\/uploads\/2024\/10\/464773313_991852732747548_3217316482278475432_n-300x300.jpg\" alt=\"Akcja &#8222;Bezpieczny Pojazd&#8221;\" width=\"300\" height=\"300\" \/><span class=\"su-custom-gallery-title\">Akcja &#8222;Bezpieczny Pojazd&#8221;<\/span><\/a><\/div><div class=\"su-custom-gallery-slide\"><a href=\"https:\/\/www.jagiellonczyklasin.edu.pl\/wp-content\/uploads\/2024\/10\/464773770_991852966080858_9014608345690263418_n.jpg\" title=\"Akcja &#8222;Bezpieczny Pojazd&#8221;\"><img loading=\"lazy\" decoding=\"async\" src=\"https:\/\/www.jagiellonczyklasin.edu.pl\/wp-content\/uploads\/2024\/10\/464773770_991852966080858_9014608345690263418_n-300x300.jpg\" alt=\"Akcja &#8222;Bezpieczny Pojazd&#8221;\" width=\"300\" height=\"300\" \/><span class=\"su-custom-gallery-title\">Akcja &#8222;Bezpieczny Pojazd&#8221;<\/span><\/a><\/div><div class=\"su-custom-gallery-slide\"><a href=\"https:\/\/www.jagiellonczyklasin.edu.pl\/wp-content\/uploads\/2024\/10\/464829493_991852662747555_4101979462937073476_n-1.jpg\" title=\"Akcja &#8222;Bezpieczny Pojazd&#8221;\"><img loading=\"lazy\" decoding=\"async\" src=\"https:\/\/www.jagiellonczyklasin.edu.pl\/wp-content\/uploads\/2024\/10\/464829493_991852662747555_4101979462937073476_n-1-300x300.jpg\" alt=\"Akcja &#8222;Bezpieczny Pojazd&#8221;\" width=\"300\" height=\"300\" \/><span class=\"su-custom-gallery-title\">Akcja &#8222;Bezpieczny Pojazd&#8221;<\/span><\/a><\/div><div class=\"su-custom-gallery-slide\"><a href=\"https:\/\/www.jagiellonczyklasin.edu.pl\/wp-content\/uploads\/2024\/10\/464829493_991852662747555_4101979462937073476_n.jpg\" title=\"Akcja &#8222;Bezpieczny Pojazd&#8221;\"><img loading=\"lazy\" decoding=\"async\" src=\"https:\/\/www.jagiellonczyklasin.edu.pl\/wp-content\/uploads\/2024\/10\/464829493_991852662747555_4101979462937073476_n-300x300.jpg\" alt=\"Akcja &#8222;Bezpieczny Pojazd&#8221;\" width=\"300\" height=\"300\" \/><span class=\"su-custom-gallery-title\">Akcja &#8222;Bezpieczny Pojazd&#8221;<\/span><\/a><\/div><div class=\"su-custom-gallery-slide\"><a href=\"https:\/\/www.jagiellonczyklasin.edu.pl\/wp-content\/uploads\/2024\/10\/464850863_991852832747538_4814687496238306362_n.jpg\" title=\"Akcja &#8222;Bezpieczny Pojazd&#8221;\"><img loading=\"lazy\" decoding=\"async\" src=\"https:\/\/www.jagiellonczyklasin.edu.pl\/wp-content\/uploads\/2024\/10\/464850863_991852832747538_4814687496238306362_n-300x300.jpg\" alt=\"Akcja &#8222;Bezpieczny Pojazd&#8221;\" width=\"300\" height=\"300\" \/><span class=\"su-custom-gallery-title\">Akcja &#8222;Bezpieczny Pojazd&#8221;<\/span><\/a><\/div><div class=\"su-clear\"><\/div><\/div><\/span><\/center><p><\/p>\n<p style=\"text-align: right;\"><span style=\"font-size: 8pt;\">(\u017ar\u00f3d\u0142o: ZSP \u0141asin)<\/span><\/p>\n<p><\/p>\n<p><\/p><center><b><span style=\"font-size: 14pt; color: #000000;\">Akcje &#8222;Bezpieczny Pojazd&#8221;&nbsp;<\/span><\/b><\/center><p><\/p>\n<p style=\"text-align: justify;\"><span style=\"font-family: georgia, palatino, serif; font-size: 16px; color: #000000;\">&nbsp;Na terenie Stacji Kontroli Pojazd\u00f3w przy Zespole Szk\u00f3\u0142 Ponadpodstawowych w \u0141asinie, odbywaj\u0105&nbsp; si\u0119&nbsp; corocznie dwie akcje \u201eBezpieczny Pojazd\u201d, maj\u0105ce na celu popraw\u0119 bezpiecze\u0144stwa w ruchu drogowym. Kierowcy mieli mo\u017cliwo\u015b\u0107 bezp\u0142atnego sprawdzenia stanu technicznego swoich pojazd\u00f3w. Akcja cieszy\u0142y si\u0119 du\u017cym zainteresowaniem. \u017byczymy Wam bezpiecznej drogi.<\/span><\/p>\n<div class=\"su-custom-gallery su-custom-gallery-title-hover\"><div class=\"su-custom-gallery-slide\"><a href=\"https:\/\/www.jagiellonczyklasin.edu.pl\/wp-content\/uploads\/2024\/02\/20191019_084837.jpg\" title=\"20191019_084837\"><img loading=\"lazy\" decoding=\"async\" src=\"https:\/\/www.jagiellonczyklasin.edu.pl\/wp-content\/uploads\/2024\/02\/20191019_084837-300x300.jpg\" alt=\"20191019_084837\" width=\"300\" height=\"300\" \/><span class=\"su-custom-gallery-title\">20191019_084837<\/span><\/a><\/div><div class=\"su-custom-gallery-slide\"><a href=\"https:\/\/www.jagiellonczyklasin.edu.pl\/wp-content\/uploads\/2024\/02\/20191019_085027.jpg\" title=\"20191019_085027\"><img loading=\"lazy\" decoding=\"async\" src=\"https:\/\/www.jagiellonczyklasin.edu.pl\/wp-content\/uploads\/2024\/02\/20191019_085027-300x300.jpg\" alt=\"20191019_085027\" width=\"300\" height=\"300\" \/><span class=\"su-custom-gallery-title\">20191019_085027<\/span><\/a><\/div><div class=\"su-custom-gallery-slide\"><a href=\"https:\/\/www.jagiellonczyklasin.edu.pl\/wp-content\/uploads\/2024\/02\/20191019_090942.jpg\" title=\"20191019_090942\"><img loading=\"lazy\" decoding=\"async\" src=\"https:\/\/www.jagiellonczyklasin.edu.pl\/wp-content\/uploads\/2024\/02\/20191019_090942-300x300.jpg\" alt=\"20191019_090942\" width=\"300\" height=\"300\" \/><span class=\"su-custom-gallery-title\">20191019_090942<\/span><\/a><\/div><div class=\"su-custom-gallery-slide\"><a href=\"https:\/\/www.jagiellonczyklasin.edu.pl\/wp-content\/uploads\/2024\/02\/20191019_092829.jpg\" title=\"20191019_092829\"><img loading=\"lazy\" decoding=\"async\" src=\"https:\/\/www.jagiellonczyklasin.edu.pl\/wp-content\/uploads\/2024\/02\/20191019_092829-300x300.jpg\" alt=\"20191019_092829\" width=\"300\" height=\"300\" \/><span class=\"su-custom-gallery-title\">20191019_092829<\/span><\/a><\/div><div class=\"su-clear\"><\/div><\/div>\t\t\t\t\t\t<\/div>\n\t\t\t\t<\/div>\n\t\t\t\t\t<\/div>\n\t\t\t\t<\/div>\n\t\t\t\t<\/div>\n\t\t","protected":false},"excerpt":{"rendered":"<p>Stacja czynna jest:od poniedzia\u0142ku do pi\u0105tku w godzinach od 8.00 do 16.00w soboty w godzinach od 8.00 do 13.00ul. M. Sk\u0142odowskiej-Curie 1486-320 \u0141asinTel. 452473834Sekretariat szko\u0142y (56) 466 4242 Stacja Kontroli Pojazd\u00f3w wykonuje: &#8211; badania okresowe motorower\u00f3w, &#8211; badania okresowe motocykli, &#8211; badania okresowe pojazd\u00f3w osobowych i ci\u0119\u017carowych do 3,5 t, &#8211; badania okresowe pojazd\u00f3w zasilanych [&hellip;]<\/p>\n","protected":false},"author":1,"featured_media":0,"parent":0,"menu_order":0,"comment_status":"closed","ping_status":"closed","template":"","meta":{"_kadence_starter_templates_imported_post":false,"footnotes":""},"blocksy_meta":[],"featured_image_urls":{"full":"","thumbnail":"","medium":"","medium_large":"","large":"","1536x1536":"","2048x2048":"","htliser_size_396x360":"","htslider_size_1170x536":""},"post_excerpt_stackable":"<p>Stacja czynna jest:od poniedzia\u0142ku do pi\u0105tku w godzinach od 8.00 do 16.00w soboty w godzinach od 8.00 do 13.00ul. M. Sk\u0142odowskiej-Curie 1486-320 \u0141asinTel. 452473834Sekretariat szko\u0142y (56) 466 4242 wa-32wa-31wa-2920191019_091312 Stacja Kontroli Pojazd\u00f3w wykonuje: &#8211; badania okresowe motorower\u00f3w, &#8211; badania okresowe motocykli, &#8211; badania okresowe pojazd\u00f3w osobowych i ci\u0119\u017carowych do 3,5 t, &#8211; badania okresowe pojazd\u00f3w zasilanych gazem, &#8211; badania okresowe ci\u0105gnik\u00f3w rolniczych do 3,5 t, &#8211; badania okresowe przyczep przeznaczonych do \u0142\u0105czenia z pojazdami silnikowymi do 3,5 t, &#8211; badania okresowe przed pierwsz\u0105 rejestracj\u0105, &#8211; badania pojazd\u00f3w skierowanych przez organ kontroli ruchu drogowego, Ponadto diagno\u015bci udzielaj\u0105 wszelkich informacji dotycz\u0105cych bada\u0144&hellip;<\/p>\n","category_list":"","author_info":{"name":"admin","url":"https:\/\/www.jagiellonczyklasin.edu.pl\/?author=1"},"comments_num":"0 comments","_links":{"self":[{"href":"https:\/\/www.jagiellonczyklasin.edu.pl\/index.php?rest_route=\/wp\/v2\/pages\/2248"}],"collection":[{"href":"https:\/\/www.jagiellonczyklasin.edu.pl\/index.php?rest_route=\/wp\/v2\/pages"}],"about":[{"href":"https:\/\/www.jagiellonczyklasin.edu.pl\/index.php?rest_route=\/wp\/v2\/types\/page"}],"author":[{"embeddable":true,"href":"https:\/\/www.jagiellonczyklasin.edu.pl\/index.php?rest_route=\/wp\/v2\/users\/1"}],"replies":[{"embeddable":true,"href":"https:\/\/www.jagiellonczyklasin.edu.pl\/index.php?rest_route=%2Fwp%2Fv2%2Fcomments&post=2248"}],"version-history":[{"count":26,"href":"https:\/\/www.jagiellonczyklasin.edu.pl\/index.php?rest_route=\/wp\/v2\/pages\/2248\/revisions"}],"predecessor-version":[{"id":6816,"href":"https:\/\/www.jagiellonczyklasin.edu.pl\/index.php?rest_route=\/wp\/v2\/pages\/2248\/revisions\/6816"}],"wp:attachment":[{"href":"https:\/\/www.jagiellonczyklasin.edu.pl\/index.php?rest_route=%2Fwp%2Fv2%2Fmedia&parent=2248"}],"curies":[{"name":"wp","href":"https:\/\/api.w.org\/{rel}","templated":true}]}}