{"id":2255,"date":"2024-02-15T21:32:51","date_gmt":"2024-02-15T21:32:51","guid":{"rendered":"https:\/\/www.jagiellonczyklasin.edu.pl\/?page_id=2255"},"modified":"2024-02-24T16:49:24","modified_gmt":"2024-02-24T16:49:24","slug":"nauka-jazdy","status":"publish","type":"page","link":"https:\/\/www.jagiellonczyklasin.edu.pl\/?page_id=2255","title":{"rendered":"Nauka Jazdy"},"content":{"rendered":"<p style=\"text-align: center;\"><strong>PRAWO JAZDY<\/strong><\/p>\n<p style=\"text-align: center;\"><strong>dla uczni\u00f3w <\/strong><\/p>\n<p style=\"text-align: center;\"><strong>ZESPO\u0141U SZK\u00d3\u0141 PONADPODSTAWOWYCH W \u0141ASINIE<\/strong><\/p>\n<p><strong>Zawody:<\/strong><\/p>\n<ul>\n<li style=\"list-style-type: none;\">\n<ul>\n<li>technik mechanik pojazd\u00f3w samochodowych \u2013 kat. B<\/li>\n<li>mechanik pojazd\u00f3w samochodowych kat &#8211; B<\/li>\n<li>elektromechanik pojazd\u00f3w samochodowych kat. B<\/li>\n<li>mechanik operator pojazd\u00f3w i maszyn rolniczych \u2013 kat. T, B<\/li>\n<\/ul>\n<\/li>\n<\/ul>\n<p style=\"text-align: center;\"><strong>Przed rozpocz\u0119ciem szkolenia trzeba dostarczy\u0107 numer PKK<\/strong><\/p>\n<p>Profil Kandydata na Kierowc\u0119 mo\u017cna uzyska\u0107 w Wydziale Komunikacji (organie wydaj\u0105cym prawo jazdy) w\u0142a\u015bciwym ze wzgl\u0119du na miejsce zameldowania.<\/p>\n<p>Uczniowie zameldowani w powiecie grudzi\u0105dzkim &#8211; w Starostwie Powiatowym, Wydzia\u0142 Komunikacji przy ul. Ma\u0142om\u0142y\u0144skiej 1, telefon: 56 451 44 32.<\/p>\n<p><strong>W celu uzyskania PKK nale\u017cy dostarczy\u0107 do urz\u0119du nast\u0119puj\u0105ce dokumenty:<\/strong><\/p>\n<ol>\n<li>Wniosek o wydanie prawa jazdy (wype\u0142niany na miejscu, uczniowie niepe\u0142noletni musz\u0105 przyj\u015b\u0107 z opiekunem prawnym).<\/li>\n<li>Za\u015bwiadczenie z sekretariatu szko\u0142y o rozpocz\u0119ciu kursu nauki jazdy.<\/li>\n<li>Orzeczenie lekarskie o braku przeciwwskaza\u0144 do kierowania pojazdami<\/li>\n<li>Kolorow\u0105 fotografi\u0119 3,5&#215;4,5 cm w pozycji frontalnej, bez nakrycia g\u0142owy<\/li>\n<\/ol>\n<p>Starostwo Powiatowe przydzieli indywidualny numer Profilu Kandydata na Kierowc\u0119 (PKK).<\/p>\n<p>Numer PKK nale\u017cy dostarczy\u0107 do sekretariatu \u00a0szko\u0142y.<\/p>\n<p style=\"text-align: center;\"><strong>Obowi\u0105zek dostarczenia numeru PKK przed rozpocz\u0119ciem roku szkolnego dotyczy\u00a0 uczni\u00f3w:<\/strong><\/p>\n<p>&#8211; klasy I w zawodzie mechanik operator pojazd\u00f3w i maszyn rolniczych, kt\u00f3rzy rozpoczn\u0105 szkolenie kat. T (nauk\u0119 jazdy ci\u0105gnikiem, teoria klasa I, nauka jazy klasa II),<\/p>\n<p>&#8211; klasy II w zawodzie mechanik pojazd\u00f3w samochodowych, elektromechanik, mechanik operator pojazd\u00f3w i maszyn rolniczych, kt\u00f3rzy rozpoczn\u0105 szkolenie kat. B (nauk\u0119 jazdy samochodem, teoria klasa II, nauka jazdy klasa III)<\/p>\n<p>&#8211; klasy III w zawodzie technik mechanik pojazd\u00f3w samochodowych, kt\u00f3rzy rozpoczn\u0105 szkolenie kat. B (nauk\u0119 jazdy samochodem, teoria klasa III, nauka jazdy klasa IV).<\/p>\n","protected":false},"excerpt":{"rendered":"<p>PRAWO JAZDY dla uczni\u00f3w ZESPO\u0141U SZK\u00d3\u0141 PONADPODSTAWOWYCH W \u0141ASINIE Zawody: technik mechanik pojazd\u00f3w samochodowych \u2013 kat. B mechanik pojazd\u00f3w samochodowych kat &#8211; B elektromechanik pojazd\u00f3w samochodowych kat. B mechanik operator pojazd\u00f3w i maszyn rolniczych \u2013 kat. T, B Przed rozpocz\u0119ciem szkolenia trzeba dostarczy\u0107 numer PKK Profil Kandydata na Kierowc\u0119 mo\u017cna uzyska\u0107 w Wydziale Komunikacji (organie [&hellip;]<\/p>\n","protected":false},"author":1,"featured_media":0,"parent":0,"menu_order":0,"comment_status":"closed","ping_status":"closed","template":"","meta":{"_kadence_starter_templates_imported_post":false,"footnotes":""},"blocksy_meta":[],"featured_image_urls":{"full":"","thumbnail":"","medium":"","medium_large":"","large":"","1536x1536":"","2048x2048":"","htliser_size_396x360":"","htslider_size_1170x536":""},"post_excerpt_stackable":"<p>PRAWO JAZDY dla uczni\u00f3w ZESPO\u0141U SZK\u00d3\u0141 PONADPODSTAWOWYCH W \u0141ASINIE Zawody: technik mechanik pojazd\u00f3w samochodowych \u2013 kat. B mechanik pojazd\u00f3w samochodowych kat &#8211; B elektromechanik pojazd\u00f3w samochodowych kat. B mechanik operator pojazd\u00f3w i maszyn rolniczych \u2013 kat. T, B Przed rozpocz\u0119ciem szkolenia trzeba dostarczy\u0107 numer PKK Profil Kandydata na Kierowc\u0119 mo\u017cna uzyska\u0107 w Wydziale Komunikacji (organie wydaj\u0105cym prawo jazdy) w\u0142a\u015bciwym ze wzgl\u0119du na miejsce zameldowania. Uczniowie zameldowani w powiecie grudzi\u0105dzkim &#8211; w Starostwie Powiatowym, Wydzia\u0142 Komunikacji przy ul. Ma\u0142om\u0142y\u0144skiej 1, telefon: 56 451 44 32. W celu uzyskania PKK nale\u017cy dostarczy\u0107 do urz\u0119du nast\u0119puj\u0105ce dokumenty: Wniosek o wydanie prawa jazdy (wype\u0142niany&hellip;<\/p>\n","category_list":"","author_info":{"name":"admin","url":"https:\/\/www.jagiellonczyklasin.edu.pl\/?author=1"},"comments_num":"0 comments","_links":{"self":[{"href":"https:\/\/www.jagiellonczyklasin.edu.pl\/index.php?rest_route=\/wp\/v2\/pages\/2255"}],"collection":[{"href":"https:\/\/www.jagiellonczyklasin.edu.pl\/index.php?rest_route=\/wp\/v2\/pages"}],"about":[{"href":"https:\/\/www.jagiellonczyklasin.edu.pl\/index.php?rest_route=\/wp\/v2\/types\/page"}],"author":[{"embeddable":true,"href":"https:\/\/www.jagiellonczyklasin.edu.pl\/index.php?rest_route=\/wp\/v2\/users\/1"}],"replies":[{"embeddable":true,"href":"https:\/\/www.jagiellonczyklasin.edu.pl\/index.php?rest_route=%2Fwp%2Fv2%2Fcomments&post=2255"}],"version-history":[{"count":4,"href":"https:\/\/www.jagiellonczyklasin.edu.pl\/index.php?rest_route=\/wp\/v2\/pages\/2255\/revisions"}],"predecessor-version":[{"id":4067,"href":"https:\/\/www.jagiellonczyklasin.edu.pl\/index.php?rest_route=\/wp\/v2\/pages\/2255\/revisions\/4067"}],"wp:attachment":[{"href":"https:\/\/www.jagiellonczyklasin.edu.pl\/index.php?rest_route=%2Fwp%2Fv2%2Fmedia&parent=2255"}],"curies":[{"name":"wp","href":"https:\/\/api.w.org\/{rel}","templated":true}]}}