{"id":2271,"date":"2024-02-15T21:40:53","date_gmt":"2024-02-15T21:40:53","guid":{"rendered":"https:\/\/www.jagiellonczyklasin.edu.pl\/?page_id=2271"},"modified":"2025-03-31T19:50:55","modified_gmt":"2025-03-31T19:50:55","slug":"deklaracja-dostepnosci","status":"publish","type":"page","link":"https:\/\/www.jagiellonczyklasin.edu.pl\/?page_id=2271","title":{"rendered":"Deklaracja dost\u0119pno\u015bci"},"content":{"rendered":"<h4 style=\"text-align: center;\"><strong>Deklaracja dost\u0119pno\u015bci<\/strong><\/h4>\n<p>&nbsp;<\/p>\n<p><strong>Raport o stanie zapewnienia dost\u0119pno\u015bci podmiotu publicznego<\/strong><\/p>\n<p><em>Stan w dniu 01.01.2025 r.<\/em><\/p>\n<p><a href=\"http:\/\/jagiellonczyklasin.edu.pl\/wp-content\/uploads\/Raport o stanie zapewnienia dostepnosci\/LO.pdf\">Raport o stanie zapewnienia dost\u0119pno\u015bci podmiotu publicznego.pdf\u00a0 &#8211; Liceum Og\u00f3lnokszta\u0142c\u0105ce<\/a><\/p>\n<p><a href=\"http:\/\/jagiellonczyklasin.edu.pl\/wp-content\/uploads\/Raport o stanie zapewnienia dostepnosci\/T.pdf\">Raport o stanie zapewnienia dost\u0119pno\u015bci podmiotu publicznego.pdf\u00a0 &#8211; Technikum<\/a><\/p>\n<p><a href=\"http:\/\/jagiellonczyklasin.edu.pl\/wp-content\/uploads\/Raport o stanie zapewnienia dostepnosci\/BS I.pdf\">Raport o stanie zapewnienia dost\u0119pno\u015bci podmiotu publicznego.pdf\u00a0 &#8211; Bran\u017cowa Szko\u0142a I Stopnia<\/a><\/p>\n<p><a href=\"http:\/\/jagiellonczyklasin.edu.pl\/wp-content\/uploads\/Raport o stanie zapewnienia dostepnosci\/BS II.pdf\">Raport o stanie zapewnienia dost\u0119pno\u015bci podmiotu publicznego.pdf\u00a0 &#8211; Bran\u017cowa Szko\u0142a II Stopnia <\/a><\/p>\n<p><a href=\"http:\/\/jagiellonczyklasin.edu.pl\/wp-content\/uploads\/Raport o stanie zapewnienia dostepnosci\/LOD.pdf\">Raport o stanie zapewnienia dost\u0119pno\u015bci podmiotu publicznego.pdf\u00a0 &#8211; Liceum Og\u00f3lnokszta\u0142c\u0105ce dla Doros\u0142ych<\/a><\/p>\n<p><a href=\"http:\/\/jagiellonczyklasin.edu.pl\/wp-content\/uploads\/Raport o stanie zapewnienia dostepnosci\/SP.pdf\">Raport o stanie zapewnienia dost\u0119pno\u015bci podmiotu publicznego.pdf\u00a0 &#8211; Szko\u0142a Policealna <\/a><\/p>\n<p><em>Stan w dniu 01.01.2021 r.<\/em><\/p>\n<p><a href=\"http:\/\/jagiellonczyklasin.edu.pl\/wp-content\/uploads\/2021\/03\/Raport-o-stanie-zapewnienia-dostepnosci-podmiotu-publicznego.pdf\">Raport o stanie zapewnienia dost\u0119pno\u015bci podmiotu publicznego.pdf<\/a><\/p>\n<h4><\/h4>\n<h4>Deklaracja dost\u0119pno\u015bci<\/h4>\n<p>Zesp\u00f3\u0142 Szk\u00f3\u0142 Ponadpodstawowych im. Kazimierza Jagiello\u0144czyka w \u0141asinie \u00a0zobowi\u0105zuje si\u0119 zapewni\u0107 dost\u0119pno\u015b\u0107 swojej strony internetowej zgodnie z ustaw\u0105 z dnia 4 kwietnia 2019 r.\u00a0o dost\u0119pno\u015bci cyfrowej stron internetowych i aplikacji mobilnych podmiot\u00f3w publicznych. O\u015bwiadczenie w sprawie dost\u0119pno\u015bci ma zastosowanie do\u00a0strony internetowej\u00a0<a href=\"http:\/\/jagiellonczyklasin.edu.pl\/\">Zespo\u0142u Szk\u00f3\u0142 Ponadpodstawowych im. Kazimierza Jagiello\u0144czyka w \u0141asinie.<\/a><\/p>\n<p>Data publikacji strony internetowej: <span style=\"font-family: 'times new roman', times, serif;\">2009-01-28<\/span><\/p>\n<p>Data poprzedniej aktualizacji: <span style=\"font-family: 'times new roman', times, serif;\">2017-12-14<\/span><\/p>\n<p>Data ostatniej istotnej aktualizacji: <span style=\"font-family: 'times new roman', times, serif;\">2024-02-18<\/span><\/p>\n<p><strong>Data sporz\u0105dzenia deklaracji<\/strong><\/p>\n<p>Deklaracj\u0119 sporz\u0105dzono dnia: <span style=\"font-family: 'times new roman', times, serif;\">22.03.2021<\/span><\/p>\n<p>Deklaracja\u00a0 zosta\u0142 ostatnio poddana przegl\u0105dowi i aktualizacji dnia :<span style=\"font-family: 'times new roman', times, serif;\"> 2025.03.31<\/span><\/p>\n<p>Deklaracj\u0119 sporz\u0105dzono na podstawie samooceny przeprowadzonej przez\u00a0 Zesp\u00f3\u0142 Szk\u00f3\u0142 Ponadpodstawowych im. Kazimierza Jagiello\u0144czyka w \u0141asinie<\/p>\n<p><strong>Status pod wzgl\u0119dem zgodno\u015bci:<\/strong><\/p>\n<p>Strona internetowa jest cz\u0119\u015bciowo zgodna z ustaw\u0105 z dnia 4 kwietnia 2019 r. o dost\u0119pno\u015bci cyfrowej stron internetowych i aplikacji mobilnych podmiot\u00f3w publicznych z powodu niezgodno\u015bci lub wy\u0142\u0105cze\u0144 wymienionych poni\u017cej:<\/p>\n<ul>\n<li>filmy nie posiadaj\u0105 napis\u00f3w dla os\u00f3b niedos\u0142ysz\u0105cych<\/li>\n<li>dokumenty w PDF nie s\u0105 dokumentami edytowalnymi<\/li>\n<li>cz\u0119\u015b\u0107 plik\u00f3w nie jest dost\u0119pnych cyfrowo<\/li>\n<li>brak formularza kontaktowego, ze szko\u0142\u0105 mo\u017cna skontaktowa\u0107 si\u0119 pisz\u0105c na adres e-mail<br \/>\nlub telefonicznie, dane teleadresowe s\u0105 dost\u0119pne w menu \u201eKontakt\u201d.<\/li>\n<\/ul>\n<p><strong>Informacje dodatkowe \u2013 strona posiada:<\/strong><\/p>\n<p>Narz\u0119dzie u\u0142atwiaj\u0105ce dost\u0119p cyfrowy (widoczne logo na stronie &#8222;Dost\u0119pno\u015b\u0107 cyfrowa&#8221;), a w nim:<\/p>\n<ul>\n<li>czytelna czcionka<\/li>\n<li>powi\u0119kszanie czcionki<\/li>\n<li>pomniejszanie czcionki<\/li>\n<li>podkre\u015blone odno\u015bniki<\/li>\n<li>skala szaro\u015bci<\/li>\n<li>wysoki kontrast<\/li>\n<li>jasne t\u0142o<\/li>\n<li>negatyw<\/li>\n<\/ul>\n<p>Na stronie internetowej mo\u017cna u\u017cywa\u0107 standardowych skr\u00f3t\u00f3w klawiaturowych przegl\u0105darki.<\/p>\n<p>\u2022 Ctrl++ (powi\u0119kszenie)<br \/>\n\u2022 Ctrl+- (pomniejszenie)<br \/>\n\u2022 Ctrl+0 (rozmiar pierwotny)<br \/>\n\u2022 F11 (tryb pe\u0142noekranowy)<br \/>\n\u2022 Ctrl+A (zaznaczenie wszystkiego)<br \/>\n\u2022 Ctrl+C (kopiowanie)<br \/>\n\u2022 Ctrl+S (zapisanie strony)<br \/>\n\u2022 Ctrl+P (drukowanie)<\/p>\n<p><strong>Informacje zwrotne i dane kontaktowe<\/strong><\/p>\n<p>W przypadku problem\u00f3w z dost\u0119pno\u015bci\u0105 strony internetowej prosimy o kontakt. Osob\u0105 kontaktow\u0105 jest Micha\u0142 Rymacki, dyrektor szko\u0142y, dyrektor@jagiellonczyklasin.edu.pl. Kontaktowa\u0107 mo\u017cna si\u0119 tak\u017ce dzwoni\u0105c na numer telefonu +48 56 466 42 42. T\u0105 sam\u0105 drog\u0105 mo\u017cna sk\u0142ada\u0107 wnioski o udost\u0119pnienie informacji niedost\u0119pnej oraz sk\u0142ada\u0107 skargi na brak zapewnienia dost\u0119pno\u015bci.<\/p>\n<p>Ka\u017cdy ma prawo do wyst\u0105pienia z \u017c\u0105daniem zapewnienia dost\u0119pno\u015bci cyfrowej strony internetowej lub jakiego\u015b jej elementu. Mo\u017cna tak\u017ce za\u017c\u0105da\u0107 udost\u0119pnienia informacji za pomoc\u0105 alternatywnego sposobu dost\u0119pu, na przyk\u0142ad przez odczytanie niedost\u0119pnego cyfrowo dokumentu, opisanie zawarto\u015bci filmu bez audiodeskrypcji itp. \u017b\u0105danie powinno zawiera\u0107 dane osoby zg\u0142aszaj\u0105cej \u017c\u0105danie, wskazanie, o kt\u00f3r\u0105 stron\u0119 internetow\u0105 chodzi oraz spos\u00f3b kontaktu. Je\u017celi osoba \u017c\u0105daj\u0105ca zg\u0142asza potrzeb\u0119 otrzymania informacji za pomoc\u0105 alternatywnego sposobu dost\u0119pu, powinna tak\u017ce okre\u015bli\u0107 dogodny dla niej spos\u00f3b przedstawienia tej informacji. Podmiot publiczny powinien zrealizowa\u0107 \u017c\u0105danie niezw\u0142ocznie, nie p\u00f3\u017aniej ni\u017c w ci\u0105gu 7 dni od dnia wyst\u0105pienia z \u017c\u0105daniem. Je\u017celi dotrzymanie tego terminu nie jest mo\u017cliwe, podmiot publiczny niezw\u0142ocznie informuje o tym wnosz\u0105cego \u017c\u0105danie, kiedy realizacja \u017c\u0105dania b\u0119dzie mo\u017cliwa, przy czym termin ten nie mo\u017ce by\u0107 d\u0142u\u017cszy ni\u017c 2 miesi\u0105ce od dnia wyst\u0105pienia z \u017c\u0105daniem. Je\u017celi zapewnienie dost\u0119pno\u015bci cyfrowej nie jest mo\u017cliwe, podmiot publiczny mo\u017ce zaproponowa\u0107 alternatywny spos\u00f3b dost\u0119pu do informacji. W przypadku, gdy podmiot publiczny odm\u00f3wi realizacji \u017c\u0105dania zapewnienia dost\u0119pno\u015bci lub alternatywnego sposobu dost\u0119pu do informacji, wnosz\u0105cy \u017c\u0105danie mo\u017cne z\u0142o\u017cy\u0107 skarg\u0119 w sprawie zapewniana dost\u0119pno\u015bci cyfrowej strony internetowej lub jej elementu. Po wyczerpaniu wskazanej wy\u017cej procedury mo\u017cna tak\u017ce z\u0142o\u017cy\u0107 wniosek do\u00a0<a href=\"https:\/\/rpo.gov.pl\/\">Rzecznika Praw Obywatelskich<\/a>.<\/p>\n<p><strong>Dost\u0119pno\u015b\u0107 architektoniczna<\/strong><\/p>\n<p><strong>\u00a0<\/strong>Adres: Zesp\u00f3\u0142 Szk\u00f3\u0142 Ponadpodstawowych, ul. Odrodzenia Polski 3, 86-320 \u0141asin<\/p>\n<p>Budynek Zespo\u0142u Szk\u00f3\u0142 Ponadpodstawowych im. Kazimierza Jagiello\u0144czyka w \u0141asinie nie jest przystosowany do obs\u0142ugi os\u00f3b, kt\u00f3re maj\u0105 trudno\u015bci w poruszaniu si\u0119.<br \/>\nBudynek usytuowany jest w centrum \u0141asina i mo\u017cna do niego dotrze\u0107 od ul. Odrodzenia Polski 3, 86-320 \u0141asin.<br \/>\nDojecha\u0107 \u2013\u00a0 wjazd na teren budynku bram\u0105 od ulicy Konarskiego. Na terenie placu przy szkole znajduje si\u0119\u00a0 oznaczone miejsce parkingowe dla os\u00f3b niepe\u0142nosprawnych.<\/p>\n<p>Do wej\u015bcia g\u0142\u00f3wnego budynku od ulicy Odrodzenia Polski 3 prowadz\u0105 chodniki, kt\u00f3re nie s\u0105 wyposa\u017cone w \u015bcie\u017cki naprowadzaj\u0105ce dla niewidomych\/s\u0142abowidz\u0105cych. Schody nie s\u0105 wyposa\u017cone w \u017cadne urz\u0105dzenia umo\u017cliwiaj\u0105ce wej\u015bcie do budynku osob\u0105 kt\u00f3re maj\u0105 trudno\u015bci w poruszaniu si\u0119. Drzwi wej\u015bciowe do szko\u0142y s\u0105 przystosowane do przejazdu w\u00f3zka inwalidzkiego.<br \/>\nW budynku szko\u0142y nie ma oznacze\u0144 w alfabecie Braille\u2019a i oznacze\u0144 w druku powi\u0119kszonym dla\u00a0os\u00f3b\u00a0niewidomych\u00a0i\u00a0s\u0142abowidz\u0105cych.<br \/>\nDotarcie na inne ni\u017c parter pietra budynku mo\u017cliwe jest schodami nie przystosowanymi dla os\u00f3b niepe\u0142nosprawnych. Budynek nie posiada windy umo\u017cliwiaj\u0105cej dotarcie na pi\u0119tra.<br \/>\nToaleta dla interesant\u00f3w, nie s\u0105 przystosowane dla os\u00f3b niepe\u0142nosprawnych poruszaj\u0105cych si\u0119 na\u00a0w\u00f3zkach. .<br \/>\nDo budynku mo\u017cna wej\u015b\u0107 z psem asystuj\u0105cym i psem przewodnikiem.<br \/>\nW budynku nie ma p\u0119tli indukcyjnych.<br \/>\nW budynku nie jest dost\u0119pna us\u0142uga t\u0142umacza migowego.<\/p>\n<p>&nbsp;<\/p>\n<p><strong>\u00a0<\/strong>Adres: Zesp\u00f3\u0142 Szk\u00f3\u0142 Ponadpodstawowych &#8211; Warsztaty Szkolne, ul. M. Sk\u0142odowskiej-Curie 14, 86-320 \u0141asin<\/p>\n<p>Budynek Zespo\u0142u Szk\u00f3\u0142 Ponadpodstawowych &#8211; Warsztaty Szkolne nie jest przystosowany do obs\u0142ugi os\u00f3b, kt\u00f3re maj\u0105 trudno\u015bci w poruszaniu si\u0119. Mo\u017cna do niego dotrze\u0107 od ul. M. Sk\u0142odowskiej-Curie 14, 86-320 \u0141asin.<br \/>\nWjazd na teren budynku\u00a0 przez bram\u0119 wjazdowa. Na terenie Warsztat\u00f3w Szkolnych znajduje si\u0119\u00a0 oznaczone miejsce parkingowe dla os\u00f3b niepe\u0142nosprawnych.<br \/>\nDo wej\u015bcia g\u0142\u00f3wnego budynku prowadzi chodnik, kt\u00f3ry nie jest wyposa\u017cony w \u015bcie\u017cki naprowadzaj\u0105ce dla niewidomych\/s\u0142abowidz\u0105cych.\u00a0 Drzwi wej\u015bciowe do budynku s\u0105 przystosowane do przejazdu w\u00f3zka inwalidzkiego.<br \/>\nW budynku\u00a0 nie ma oznacze\u0144 w alfabecie Braille\u2019a i oznacze\u0144 w druku powi\u0119kszonym dla os\u00f3b niewidomych i s\u0142abowidz\u0105cych.<br \/>\nDotarcie na pi\u0119tro budynku mo\u017cliwe jest schodami nie przystosowanymi dla os\u00f3b niepe\u0142nosprawnych. Budynek nie posiada windy umo\u017cliwiaj\u0105cej dotarcie na pi\u0119tro.<br \/>\nToaleta dla interesant\u00f3w, nie s\u0105 przystosowane dla os\u00f3b niepe\u0142nosprawnych poruszaj\u0105cych si\u0119 na\u00a0w\u00f3zkach. .<br \/>\nDo budynku mo\u017cna wej\u015b\u0107 z psem asystuj\u0105cym i psem przewodnikiem.<br \/>\nW budynku nie ma p\u0119tli indukcyjnych.<br \/>\nW budynku nie jest dost\u0119pna us\u0142uga t\u0142umacza migowego.<\/p>\n","protected":false},"excerpt":{"rendered":"<p>Deklaracja dost\u0119pno\u015bci &nbsp; Raport o stanie zapewnienia dost\u0119pno\u015bci podmiotu publicznego Stan w dniu 01.01.2025 r. Raport o stanie zapewnienia dost\u0119pno\u015bci podmiotu publicznego.pdf\u00a0 &#8211; Liceum Og\u00f3lnokszta\u0142c\u0105ce Raport o stanie zapewnienia dost\u0119pno\u015bci podmiotu publicznego.pdf\u00a0 &#8211; Technikum Raport o stanie zapewnienia dost\u0119pno\u015bci podmiotu publicznego.pdf\u00a0 &#8211; Bran\u017cowa Szko\u0142a I Stopnia Raport o stanie zapewnienia dost\u0119pno\u015bci podmiotu publicznego.pdf\u00a0 &#8211; Bran\u017cowa [&hellip;]<\/p>\n","protected":false},"author":1,"featured_media":0,"parent":0,"menu_order":0,"comment_status":"closed","ping_status":"closed","template":"","meta":{"_kadence_starter_templates_imported_post":false,"footnotes":""},"blocksy_meta":[],"featured_image_urls":{"full":"","thumbnail":"","medium":"","medium_large":"","large":"","1536x1536":"","2048x2048":"","htliser_size_396x360":"","htslider_size_1170x536":""},"post_excerpt_stackable":"<p>Deklaracja dost\u0119pno\u015bci &nbsp; Raport o stanie zapewnienia dost\u0119pno\u015bci podmiotu publicznego Stan w dniu 01.01.2025 r. Raport o stanie zapewnienia dost\u0119pno\u015bci podmiotu publicznego.pdf\u00a0 &#8211; Liceum Og\u00f3lnokszta\u0142c\u0105ce Raport o stanie zapewnienia dost\u0119pno\u015bci podmiotu publicznego.pdf\u00a0 &#8211; Technikum Raport o stanie zapewnienia dost\u0119pno\u015bci podmiotu publicznego.pdf\u00a0 &#8211; Bran\u017cowa Szko\u0142a I Stopnia Raport o stanie zapewnienia dost\u0119pno\u015bci podmiotu publicznego.pdf\u00a0 &#8211; Bran\u017cowa Szko\u0142a II Stopnia Raport o stanie zapewnienia dost\u0119pno\u015bci podmiotu publicznego.pdf\u00a0 &#8211; Liceum Og\u00f3lnokszta\u0142c\u0105ce dla Doros\u0142ych Raport o stanie zapewnienia dost\u0119pno\u015bci podmiotu publicznego.pdf\u00a0 &#8211; Szko\u0142a Policealna Stan w dniu 01.01.2021 r. Raport o stanie zapewnienia dost\u0119pno\u015bci podmiotu publicznego.pdf Deklaracja dost\u0119pno\u015bci Zesp\u00f3\u0142 Szk\u00f3\u0142 Ponadpodstawowych im. Kazimierza Jagiello\u0144czyka&hellip;<\/p>\n","category_list":"","author_info":{"name":"admin","url":"https:\/\/www.jagiellonczyklasin.edu.pl\/?author=1"},"comments_num":"0 comments","_links":{"self":[{"href":"https:\/\/www.jagiellonczyklasin.edu.pl\/index.php?rest_route=\/wp\/v2\/pages\/2271"}],"collection":[{"href":"https:\/\/www.jagiellonczyklasin.edu.pl\/index.php?rest_route=\/wp\/v2\/pages"}],"about":[{"href":"https:\/\/www.jagiellonczyklasin.edu.pl\/index.php?rest_route=\/wp\/v2\/types\/page"}],"author":[{"embeddable":true,"href":"https:\/\/www.jagiellonczyklasin.edu.pl\/index.php?rest_route=\/wp\/v2\/users\/1"}],"replies":[{"embeddable":true,"href":"https:\/\/www.jagiellonczyklasin.edu.pl\/index.php?rest_route=%2Fwp%2Fv2%2Fcomments&post=2271"}],"version-history":[{"count":26,"href":"https:\/\/www.jagiellonczyklasin.edu.pl\/index.php?rest_route=\/wp\/v2\/pages\/2271\/revisions"}],"predecessor-version":[{"id":8611,"href":"https:\/\/www.jagiellonczyklasin.edu.pl\/index.php?rest_route=\/wp\/v2\/pages\/2271\/revisions\/8611"}],"wp:attachment":[{"href":"https:\/\/www.jagiellonczyklasin.edu.pl\/index.php?rest_route=%2Fwp%2Fv2%2Fmedia&parent=2271"}],"curies":[{"name":"wp","href":"https:\/\/api.w.org\/{rel}","templated":true}]}}