{"id":2280,"date":"2024-02-15T21:49:41","date_gmt":"2024-02-15T21:49:41","guid":{"rendered":"https:\/\/www.jagiellonczyklasin.edu.pl\/?page_id=2280"},"modified":"2024-11-13T10:58:53","modified_gmt":"2024-11-13T10:58:53","slug":"samorzad-uczniowski","status":"publish","type":"page","link":"https:\/\/www.jagiellonczyklasin.edu.pl\/?page_id=2280","title":{"rendered":"Samorz\u0105d Uczniowski"},"content":{"rendered":"<p style=\"text-align: center;\"><strong>SAMORZ\u0104D SZKOLNY<\/strong><\/p>\n<p style=\"text-align: center;\"><span style=\"color: #000000;\">Opiekun:\u00a0mgr Anna Chyli\u0144ska<\/span><br \/>\n<span style=\"color: #000000;\">Przewodnicz\u0105cy: Kamil Jab\u0142o\u0144ski<\/span><br \/>\n<span style=\"color: #000000;\">Zast\u0119pca przewodnicz\u0105cego: Adrian Drozella <\/span><br \/>\n<span style=\"color: #000000;\">Skarbnik: Micha\u0142 Welk<\/span><br \/>\n<span style=\"color: #000000;\">Sekretarz: Ma\u0142gorzata John, Julia Kochalska <\/span><\/p>\n<p>&nbsp;<\/p>\n<p style=\"text-align: center;\"><strong>\u00a0<\/strong><strong>Sk\u0142ad Pocztu Sztandarowego:<br \/>\n<\/strong><\/p>\n<p style=\"text-align: center;\">Igor M\u00f3wka<br \/>\nAleksandra Herzberg<br \/>\nHanna Spychalska<\/p>\n<p style=\"text-align: center;\">\n<p style=\"text-align: center;\">\n","protected":false},"excerpt":{"rendered":"<p>SAMORZ\u0104D SZKOLNY Opiekun:\u00a0mgr Anna Chyli\u0144ska Przewodnicz\u0105cy: Kamil Jab\u0142o\u0144ski Zast\u0119pca przewodnicz\u0105cego: Adrian Drozella Skarbnik: Micha\u0142 Welk Sekretarz: Ma\u0142gorzata John, Julia Kochalska &nbsp; \u00a0Sk\u0142ad Pocztu Sztandarowego: Igor M\u00f3wka Aleksandra Herzberg Hanna Spychalska<\/p>\n","protected":false},"author":1,"featured_media":0,"parent":0,"menu_order":0,"comment_status":"closed","ping_status":"closed","template":"","meta":{"_kadence_starter_templates_imported_post":false,"footnotes":""},"blocksy_meta":[],"featured_image_urls":{"full":"","thumbnail":"","medium":"","medium_large":"","large":"","1536x1536":"","2048x2048":"","htliser_size_396x360":"","htslider_size_1170x536":""},"post_excerpt_stackable":"<p>SAMORZ\u0104D SZKOLNY Opiekun:\u00a0mgr Anna Chyli\u0144ska Przewodnicz\u0105cy: Kamil Jab\u0142o\u0144ski Zast\u0119pca przewodnicz\u0105cego: Adrian Drozella Skarbnik: Micha\u0142 Welk Sekretarz: Ma\u0142gorzata John, Julia Kochalska &nbsp; \u00a0Sk\u0142ad Pocztu Sztandarowego: Igor M\u00f3wka Aleksandra Herzberg Hanna Spychalska<\/p>\n","category_list":"","author_info":{"name":"admin","url":"https:\/\/www.jagiellonczyklasin.edu.pl\/?author=1"},"comments_num":"0 comments","_links":{"self":[{"href":"https:\/\/www.jagiellonczyklasin.edu.pl\/index.php?rest_route=\/wp\/v2\/pages\/2280"}],"collection":[{"href":"https:\/\/www.jagiellonczyklasin.edu.pl\/index.php?rest_route=\/wp\/v2\/pages"}],"about":[{"href":"https:\/\/www.jagiellonczyklasin.edu.pl\/index.php?rest_route=\/wp\/v2\/types\/page"}],"author":[{"embeddable":true,"href":"https:\/\/www.jagiellonczyklasin.edu.pl\/index.php?rest_route=\/wp\/v2\/users\/1"}],"replies":[{"embeddable":true,"href":"https:\/\/www.jagiellonczyklasin.edu.pl\/index.php?rest_route=%2Fwp%2Fv2%2Fcomments&post=2280"}],"version-history":[{"count":6,"href":"https:\/\/www.jagiellonczyklasin.edu.pl\/index.php?rest_route=\/wp\/v2\/pages\/2280\/revisions"}],"predecessor-version":[{"id":6891,"href":"https:\/\/www.jagiellonczyklasin.edu.pl\/index.php?rest_route=\/wp\/v2\/pages\/2280\/revisions\/6891"}],"wp:attachment":[{"href":"https:\/\/www.jagiellonczyklasin.edu.pl\/index.php?rest_route=%2Fwp%2Fv2%2Fmedia&parent=2280"}],"curies":[{"name":"wp","href":"https:\/\/api.w.org\/{rel}","templated":true}]}}