{"id":2295,"date":"2024-02-15T21:55:35","date_gmt":"2024-02-15T21:55:35","guid":{"rendered":"https:\/\/www.jagiellonczyklasin.edu.pl\/?page_id=2295"},"modified":"2024-02-26T13:04:05","modified_gmt":"2024-02-26T13:04:05","slug":"egzamin-maturalny","status":"publish","type":"page","link":"https:\/\/www.jagiellonczyklasin.edu.pl\/?page_id=2295","title":{"rendered":"Egzamin Maturalny"},"content":{"rendered":"<h6><\/h6>\n<p>&nbsp;<\/p>\n<h6><\/h6>\n<h6><span style=\"color: #000000;\"><a style=\"color: #000000;\" href=\"https:\/\/cke.gov.pl\/\">Centralna Komisja Egzaminacyjna<\/a><\/span><\/h6>\n<h6><span style=\"color: #000000;\"><a style=\"color: #000000;\" href=\"https:\/\/www.oke.gda.pl\">Okr\u0119gowa Komisja Egzaminacyjna<\/a><\/span><\/h6>\n<h6><span style=\"color: #000000;\"><a style=\"color: #000000;\" href=\"https:\/\/cke.gov.pl\/egzamin-maturalny\/egzamin-maturalny-w-formule-2015\/komunikaty-i-informacje\/rok-szkolny-2023-2024\/\">Deklaracje dla zdaj\u0105cych<\/a><\/span><\/h6>\n<h6><span style=\"color: #000000;\"><a style=\"color: #000000;\" href=\"https:\/\/cke.gov.pl\/egzamin-maturalny\/egzamin-maturalny-w-formule-2023\/\">Harmonogram matur<\/a><\/span><\/h6>\n<h6><span style=\"color: #000000;\"><a style=\"color: #000000;\" href=\"https:\/\/cke.gov.pl\/egzamin-maturalny\/egzamin-maturalny-w-formule-2023\/arkusze\/2023-2\/\">Arkusze egzaminacyjne<\/a><\/span><\/h6>\n<h6><a href=\"http:\/\/arkusze.gieldamaturalna.pl\/?utm_source=operon.pl&amp;utm_medium=www&amp;utm_campaign=operon.pl%20banner\"><span style=\"color: #000000;\">Arkusze pr\u00f3bne OPERON<\/span><\/a><\/h6>\n","protected":false},"excerpt":{"rendered":"<p>&nbsp; Centralna Komisja Egzaminacyjna Okr\u0119gowa Komisja Egzaminacyjna Deklaracje dla zdaj\u0105cych Harmonogram matur Arkusze egzaminacyjne Arkusze pr\u00f3bne OPERON<\/p>\n","protected":false},"author":1,"featured_media":0,"parent":0,"menu_order":0,"comment_status":"closed","ping_status":"closed","template":"","meta":{"_kadence_starter_templates_imported_post":false,"footnotes":""},"blocksy_meta":[],"featured_image_urls":{"full":"","thumbnail":"","medium":"","medium_large":"","large":"","1536x1536":"","2048x2048":"","htliser_size_396x360":"","htslider_size_1170x536":""},"post_excerpt_stackable":"<p>&nbsp; Centralna Komisja Egzaminacyjna Okr\u0119gowa Komisja Egzaminacyjna Deklaracje dla zdaj\u0105cych Harmonogram matur Arkusze egzaminacyjne Arkusze pr\u00f3bne OPERON<\/p>\n","category_list":"","author_info":{"name":"admin","url":"https:\/\/www.jagiellonczyklasin.edu.pl\/?author=1"},"comments_num":"0 comments","_links":{"self":[{"href":"https:\/\/www.jagiellonczyklasin.edu.pl\/index.php?rest_route=\/wp\/v2\/pages\/2295"}],"collection":[{"href":"https:\/\/www.jagiellonczyklasin.edu.pl\/index.php?rest_route=\/wp\/v2\/pages"}],"about":[{"href":"https:\/\/www.jagiellonczyklasin.edu.pl\/index.php?rest_route=\/wp\/v2\/types\/page"}],"author":[{"embeddable":true,"href":"https:\/\/www.jagiellonczyklasin.edu.pl\/index.php?rest_route=\/wp\/v2\/users\/1"}],"replies":[{"embeddable":true,"href":"https:\/\/www.jagiellonczyklasin.edu.pl\/index.php?rest_route=%2Fwp%2Fv2%2Fcomments&post=2295"}],"version-history":[{"count":11,"href":"https:\/\/www.jagiellonczyklasin.edu.pl\/index.php?rest_route=\/wp\/v2\/pages\/2295\/revisions"}],"predecessor-version":[{"id":4920,"href":"https:\/\/www.jagiellonczyklasin.edu.pl\/index.php?rest_route=\/wp\/v2\/pages\/2295\/revisions\/4920"}],"wp:attachment":[{"href":"https:\/\/www.jagiellonczyklasin.edu.pl\/index.php?rest_route=%2Fwp%2Fv2%2Fmedia&parent=2295"}],"curies":[{"name":"wp","href":"https:\/\/api.w.org\/{rel}","templated":true}]}}