{"id":2297,"date":"2024-02-15T21:56:06","date_gmt":"2024-02-15T21:56:06","guid":{"rendered":"https:\/\/www.jagiellonczyklasin.edu.pl\/?page_id=2297"},"modified":"2024-02-26T13:04:32","modified_gmt":"2024-02-26T13:04:32","slug":"egzamin-zawodowy","status":"publish","type":"page","link":"https:\/\/www.jagiellonczyklasin.edu.pl\/?page_id=2297","title":{"rendered":"Egzamin Zawodowy"},"content":{"rendered":"<h5><\/h5>\n<h5><\/h5>\n<h5><\/h5>\n<h5><\/h5>\n<p>&nbsp;<\/p>\n<h6><span style=\"color: #000000;\"><a style=\"color: #000000;\" href=\"https:\/\/cke.gov.pl\/\">Centralna Komisja Egzaminacyjna<\/a><\/span><\/h6>\n<h6><span style=\"color: #000000;\"><a style=\"color: #000000;\" href=\"https:\/\/www.oke.gda.pl\">Okr\u0119gowa Komisja Egzaminacyjna<\/a><\/span><\/h6>\n<h6><span style=\"color: #000000;\"><a style=\"color: #000000;\" href=\"https:\/\/www.oke.gda.pl\/index.php?page=deklaracja-absolwenta\">Deklaracje dla zdaj\u0105cych<\/a><\/span><\/h6>\n<h6><span style=\"color: #000000;\"><a style=\"color: #000000;\" href=\"https:\/\/cke.gov.pl\/egzamin-zawodowy\/egzamin-zawodowy-formula-2019\/harmonogramy-komunikaty-i-informacje\/\">Harmonogram egzamin\u00f3w<\/a><\/span><\/h6>\n","protected":false},"excerpt":{"rendered":"<p>&nbsp; Centralna Komisja Egzaminacyjna Okr\u0119gowa Komisja Egzaminacyjna Deklaracje dla zdaj\u0105cych Harmonogram egzamin\u00f3w<\/p>\n","protected":false},"author":1,"featured_media":0,"parent":0,"menu_order":0,"comment_status":"closed","ping_status":"closed","template":"","meta":{"_kadence_starter_templates_imported_post":false,"footnotes":""},"blocksy_meta":[],"featured_image_urls":{"full":"","thumbnail":"","medium":"","medium_large":"","large":"","1536x1536":"","2048x2048":"","htliser_size_396x360":"","htslider_size_1170x536":""},"post_excerpt_stackable":"<p>&nbsp; Centralna Komisja Egzaminacyjna Okr\u0119gowa Komisja Egzaminacyjna Deklaracje dla zdaj\u0105cych Harmonogram egzamin\u00f3w<\/p>\n","category_list":"","author_info":{"name":"admin","url":"https:\/\/www.jagiellonczyklasin.edu.pl\/?author=1"},"comments_num":"0 comments","_links":{"self":[{"href":"https:\/\/www.jagiellonczyklasin.edu.pl\/index.php?rest_route=\/wp\/v2\/pages\/2297"}],"collection":[{"href":"https:\/\/www.jagiellonczyklasin.edu.pl\/index.php?rest_route=\/wp\/v2\/pages"}],"about":[{"href":"https:\/\/www.jagiellonczyklasin.edu.pl\/index.php?rest_route=\/wp\/v2\/types\/page"}],"author":[{"embeddable":true,"href":"https:\/\/www.jagiellonczyklasin.edu.pl\/index.php?rest_route=\/wp\/v2\/users\/1"}],"replies":[{"embeddable":true,"href":"https:\/\/www.jagiellonczyklasin.edu.pl\/index.php?rest_route=%2Fwp%2Fv2%2Fcomments&post=2297"}],"version-history":[{"count":6,"href":"https:\/\/www.jagiellonczyklasin.edu.pl\/index.php?rest_route=\/wp\/v2\/pages\/2297\/revisions"}],"predecessor-version":[{"id":4921,"href":"https:\/\/www.jagiellonczyklasin.edu.pl\/index.php?rest_route=\/wp\/v2\/pages\/2297\/revisions\/4921"}],"wp:attachment":[{"href":"https:\/\/www.jagiellonczyklasin.edu.pl\/index.php?rest_route=%2Fwp%2Fv2%2Fmedia&parent=2297"}],"curies":[{"name":"wp","href":"https:\/\/api.w.org\/{rel}","templated":true}]}}