{"id":2301,"date":"2024-02-15T22:00:25","date_gmt":"2024-02-15T22:00:25","guid":{"rendered":"https:\/\/www.jagiellonczyklasin.edu.pl\/?page_id=2301"},"modified":"2024-02-23T17:20:42","modified_gmt":"2024-02-23T17:20:42","slug":"stowarzyszenie","status":"publish","type":"page","link":"https:\/\/www.jagiellonczyklasin.edu.pl\/?page_id=2301","title":{"rendered":"Stowarzyszenie"},"content":{"rendered":"<h5><\/h5>\n<h5 style=\"text-align: center;\"><span style=\"color: #000000;\"><strong>STOWARZYSZENIE\u00a0 PRZYJACI\u00d3\u0141\u00a0 \u0141ASI\u0143SKIEGO\u00a0 JAGIELLO\u0143CZYKA<\/strong><\/span><\/h5>\n<p><span style=\"color: #000000;\">Zosta\u0142o za\u0142o\u017cone 17 wrze\u015bnia 2013 roku i rozpocz\u0119\u0142o swoj\u0105 dzia\u0142alno\u015b\u0107 po uzyskaniu wpisu\u00a0 w Krajowym Rejestrze S\u0105dowym pod numerem 0000485218 z dnia 8 listopada 2013 roku.<\/span><\/p>\n<p><strong>\u00a0<\/strong><\/p>\n<p style=\"text-align: center;\"><span style=\"color: #000000;\">Prezes\u00a0\u2013 Bartosz Pi\u00f3rkowski,<\/span><br \/>\n<span style=\"color: #000000;\">Wiceprezes\u00a0\u2013 Lucyna Szynicka<\/span><br \/>\n<span style=\"color: #000000;\">Sekretarz:\u00a0\u2013\u00a0 Zbigniew Serocki,<\/span><br \/>\n<span style=\"color: #000000;\">Skarbnik:\u00a0\u2013\u00a0 Andrzej Wi\u015bniewski,<\/span><br \/>\n<span style=\"color: #000000;\">Cz\u0142onek:\u00a0\u2013 Anna Chyli\u0144ska,<\/span><\/p>\n<p style=\"text-align: center;\"><span style=\"color: #000000;\">Komisja rewizyjna:<\/span><br \/>\n<span style=\"color: #000000;\">Anna Cybulska<\/span><br \/>\n<span style=\"color: #000000;\">Tomasz Czo\u0142ba<\/span><br \/>\n<span style=\"color: #000000;\">Krzemi\u0144ski Jacek<\/span><\/p>\n<p>&nbsp;<\/p>\n<hr \/>\n<h5 style=\"text-align: center;\"><span style=\"color: #000000;\"><strong>DZIA\u0141ALNO\u015a\u0106\u00a0 STOWARZYSZENIE\u00a0 PRZYJACI\u00d3\u0141\u00a0 \u0141ASI\u0143SKIEGO\u00a0 JAGIELLO\u0143CZYKA<\/strong><\/span><\/h5>\n<p><strong>ROK 2018<\/strong><\/p>\n<p>Stowarzyszenie Przyjaci\u00f3\u0142 \u0141asi\u0144skiego Jagiello\u0144czyka:<\/p>\n<ul>\n<li>Dofinansowa\u0142o: zakup baner\u00f3w, plakat\u00f3w w ramach promocji szko\u0142y, zakup sprz\u0119tu sportowego (pi\u0142ek lekarskich, akcesori\u00f3w do fitness),<\/li>\n<li>Ufundowa\u0142o jednorazowe stypendia dla absolwent\u00f3w, kt\u00f3rzy uzyskali najlepsze wyniki w roku szkolnym 2017\/2018. Otrzymali je:<br \/>\nDominika Rutyna z Liceum Og\u00f3lnokszta\u0142c\u0105cego,\u00a0Filip Turulski z Technikum.<\/li>\n<\/ul>\n<p><strong>ROK 2017<\/strong><\/p>\n<p>Stowarzyszenie Przyjaci\u00f3\u0142 \u0141asi\u0144skiego Jagiello\u0144czyka:<\/p>\n<p>Zakupi\u0142o: urz\u0105dzenie diagnostyczne do instalacji elektrycznej, sprz\u0119t sportowy do tenisa, puchary dla sportowc\u00f3w.<br \/>\nUfundowa\u0142o spotkanie z Przemys\u0142awem Kossakowskim w ramach Spotkania\u00a0 z &#8222;Jagiello\u0144czykiem&#8221;<\/p>\n<p><img fetchpriority=\"high\" decoding=\"async\" class=\"size-medium wp-image-3112 aligncenter\" src=\"http:\/\/www.jagiellonczyklasin.edu.pl\/wp-content\/uploads\/2024\/02\/normal_55_lecie_15-300x286.jpg\" alt=\"\" width=\"300\" height=\"286\" srcset=\"https:\/\/www.jagiellonczyklasin.edu.pl\/wp-content\/uploads\/2024\/02\/normal_55_lecie_15-300x286.jpg 300w, https:\/\/www.jagiellonczyklasin.edu.pl\/wp-content\/uploads\/2024\/02\/normal_55_lecie_15.jpg 640w\" sizes=\"(max-width: 300px) 100vw, 300px\" \/><\/p>\n<ul>\n<li>Bra\u0142o\u00a0 udzia\u0142 w kiermaszu miko\u0142ajkowym w ramach promocji szko\u0142y.<\/li>\n<li>Ufundowa\u0142o koszulki\u00a0 dla reprezentacji szko\u0142y w Pierwszej Pomocy.<\/li>\n<li>Ufundowa\u0142o jednorazowe stypendia dla absolwentek, kt\u00f3re uzyska\u0142y najlepsze wyniki\u00a0 w roku szkolnym 2016\/2017. Otrzyma\u0142y je:Natalia Bara\u0144ska z Liceum Og\u00f3lnokszta\u0142c\u0105cego,Aleksandra Sosnowska, Ma\u0142gorzata Wydrzy\u0144ska z Technikum.<\/li>\n<li>Ufundowa\u0142o jednorazowe stypendia dla uczennic, kt\u00f3re uzyska\u0142y najlepsze wyniki w roku szkolnym 2016\/2017. By\u0142y to:Kinga Topolewska (Technikum),Sandra Matli\u0144ska (Liceum Og\u00f3lnokszta\u0142c\u0105ce),Natalia Szyma\u0144ska (Zasadnicza Szko\u0142a Zawodowa)<\/li>\n<li>Dofinansowa\u0142o Dzie\u0144 Zdrowego Stylu \u017bycia.<\/li>\n<li>Sfinansowa\u0142o szkolenie z zakresu Pierwszej Pomocy dla najzdolniejszych uczni\u00f3w.<\/li>\n<\/ul>\n<p><strong>ROK 2016<\/strong><\/p>\n<p>Stowarzyszenie Przyjaci\u00f3\u0142 \u0141asi\u0144skiego Jagiello\u0144czyka:<\/p>\n<ul>\n<li>Zakupi\u0142o sprz\u0119t do tenisa sto\u0142owego: st\u00f3\u0142, 2 siatki, 2 stoliki, 6 p\u0142otk\u00f3w do sto\u0142u.<\/li>\n<\/ul>\n<p><img decoding=\"async\" class=\"size-medium wp-image-3111 aligncenter\" src=\"http:\/\/www.jagiellonczyklasin.edu.pl\/wp-content\/uploads\/2024\/02\/DSCN0806-300x225-1-300x225.jpg\" alt=\"\" width=\"300\" height=\"225\" srcset=\"https:\/\/www.jagiellonczyklasin.edu.pl\/wp-content\/uploads\/2024\/02\/DSCN0806-300x225-1-300x225.jpg 300w, https:\/\/www.jagiellonczyklasin.edu.pl\/wp-content\/uploads\/2024\/02\/DSCN0806-300x225-1.jpg 640w\" sizes=\"(max-width: 300px) 100vw, 300px\" \/><\/p>\n<ul>\n<li>Ufundowa\u0142o jednorazowe stypendia dla absolwent\u00f3w, kt\u00f3rzy uzyskali najlepsze wyniki w roku szkolnym 2015\/2016. Stypendia otrzymali:<\/li>\n<li>Bartosz Kawski z Liceum Og\u00f3lnokszta\u0142c\u0105cego,<\/li>\n<li>Grzegorz Zakrzewski z Technikum.<\/li>\n<li>Ufundowa\u0142o jednorazowe stypendia dla uczni\u00f3w, kt\u00f3rzy uzyskali najlepsze wyniki w roku szkolnym 2015\/2016. Byli to:<\/li>\n<li>Tamara M\u0105dzielewska (Liceum Og\u00f3lnokszta\u0142c\u0105ce),<\/li>\n<li>Aleksandra Sosnowska (Technikum),<\/li>\n<li>Natalia Sokolnicka (Zasadnicza Szko\u0142a Zawodowa).<\/li>\n<li>Ufundowa\u0142o nagrody dla uczni\u00f3w ko\u0144cz\u0105cych nauk\u0119 za prac\u0119 w szkolnym teatrze \u201eGalimatias\u201d.<\/li>\n<\/ul>\n<p><strong>ROK 2015<br \/>\n<\/strong><\/p>\n<p><span style=\"color: #000000;\">Stowarzyszenie Przyjaci\u00f3\u0142 \u0141asi\u0144skiego Jagiello\u0144czyka:<\/span><\/p>\n<ul>\n<li><span style=\"color: #000000;\">Og\u0142osi\u0142o konkurs na logo, kt\u00f3ry wygra\u0142 Bartosz Broda. W nagrod\u0119 otrzyma\u0142 rower, kt\u00f3ry ufundowa\u0142o Stowarzyszenie.<\/span><\/li>\n<li><span style=\"color: #000000;\">Ufundowa\u0142o jednorazowe stypendia dla absolwent\u00f3w, kt\u00f3rzy uzyskali najlepsze wyniki w roku szkolnym 2014\/2015. Byli to:<\/span><\/li>\n<li><span style=\"color: #000000;\">Marcin Zaj\u0105ka\u0142a z Liceum Og\u00f3lnokszta\u0142c\u0105cego,<\/span><\/li>\n<li><span style=\"color: #000000;\">Natalia Bubic z Technikum.<\/span><\/li>\n<li><span style=\"color: #000000;\">Ufundowa\u0142o jednorazowe stypendia dla uczni\u00f3w, kt\u00f3rzy uzyskali najlepsze wyniki w roku szkolnym 2014\/2015. Otrzymali je:<\/span><\/li>\n<li><span style=\"color: #000000;\">Natalia Bara\u0144ska (Liceum Og\u00f3lnokszta\u0142c\u0105ce),<\/span><\/li>\n<li><span style=\"color: #000000;\">Grzegorz Zakrzewski (Technikum),<\/span><\/li>\n<li><span style=\"color: #000000;\">Patrycja J\u00f3\u017awiak (Zasadnicza Szko\u0142a Zawodowa).<\/span><\/li>\n<li><span style=\"color: #000000;\">Dofinansowa\u0142o:<\/span><\/li>\n<li><span style=\"color: #000000;\">Dzie\u0144 Zdrowego Stylu \u017bycia,<\/span><\/li>\n<li><span style=\"color: #000000;\">Zabaw\u0119 po\u0142owinkow\u0105.<\/span><\/li>\n<li><span style=\"color: #000000;\">Zakupi\u0142o materia\u0142 na stroje dla szkolnego teatru \u201eGalimatias\u201d.<\/span><\/li>\n<\/ul>\n<p><strong><br \/>\nROK 2014<\/strong><\/p>\n<p><span style=\"color: #000000;\">Zakupi\u0142o sprz\u0119t, kt\u00f3ry zosta\u0142 udost\u0119pniony Zespo\u0142owi Szk\u00f3\u0142 Ponadgimnazjalnych im. Kazimierza Jagiello\u0144czyka w \u0141asinie na warsztatach szkolnych. By\u0142y to:<\/span><\/p>\n<ul>\n<li><span style=\"color: #000000;\">monta\u017cownica do k\u00f3\u0142,<\/span><\/li>\n<li><span style=\"color: #000000;\">wywa\u017carka do k\u00f3\u0142,<\/span><\/li>\n<li><span style=\"color: #000000;\"><span style=\"color: #000000;\">podno\u015bnik pneumatyczny.<\/span><\/span><br \/>\n<table class=\" aligncenter\" style=\"border-collapse: collapse; width: 74.9306%; height: 399px;\">\n<tbody>\n<tr style=\"height: 399px;\">\n<td style=\"width: 27.3013%; height: 399px;\"><img decoding=\"async\" class=\"alignnone wp-image-3110\" src=\"http:\/\/www.jagiellonczyklasin.edu.pl\/wp-content\/uploads\/2024\/02\/DSCN0800-165x300-1-165x300.jpg\" alt=\"\" width=\"183\" height=\"333\" srcset=\"https:\/\/www.jagiellonczyklasin.edu.pl\/wp-content\/uploads\/2024\/02\/DSCN0800-165x300-1-165x300.jpg 165w, https:\/\/www.jagiellonczyklasin.edu.pl\/wp-content\/uploads\/2024\/02\/DSCN0800-165x300-1-563x1024.jpg 563w, https:\/\/www.jagiellonczyklasin.edu.pl\/wp-content\/uploads\/2024\/02\/DSCN0800-165x300-1.jpg 640w\" sizes=\"(max-width: 183px) 100vw, 183px\" \/><\/td>\n<td style=\"width: 36.82%; height: 399px;\"><img loading=\"lazy\" decoding=\"async\" class=\"alignnone wp-image-3109\" src=\"http:\/\/www.jagiellonczyklasin.edu.pl\/wp-content\/uploads\/2024\/02\/DSCN0802-300x225-2-300x225.jpg\" alt=\"\" width=\"447\" height=\"335\" srcset=\"https:\/\/www.jagiellonczyklasin.edu.pl\/wp-content\/uploads\/2024\/02\/DSCN0802-300x225-2-300x225.jpg 300w, https:\/\/www.jagiellonczyklasin.edu.pl\/wp-content\/uploads\/2024\/02\/DSCN0802-300x225-2.jpg 640w\" sizes=\"(max-width: 447px) 100vw, 447px\" \/><\/td>\n<\/tr>\n<\/tbody>\n<\/table>\n<\/li>\n<\/ul>\n<p>&nbsp;<\/p>\n","protected":false},"excerpt":{"rendered":"<p>STOWARZYSZENIE\u00a0 PRZYJACI\u00d3\u0141\u00a0 \u0141ASI\u0143SKIEGO\u00a0 JAGIELLO\u0143CZYKA Zosta\u0142o za\u0142o\u017cone 17 wrze\u015bnia 2013 roku i rozpocz\u0119\u0142o swoj\u0105 dzia\u0142alno\u015b\u0107 po uzyskaniu wpisu\u00a0 w Krajowym Rejestrze S\u0105dowym pod numerem 0000485218 z dnia 8 listopada 2013 roku. \u00a0 Prezes\u00a0\u2013 Bartosz Pi\u00f3rkowski, Wiceprezes\u00a0\u2013 Lucyna Szynicka Sekretarz:\u00a0\u2013\u00a0 Zbigniew Serocki, Skarbnik:\u00a0\u2013\u00a0 Andrzej Wi\u015bniewski, Cz\u0142onek:\u00a0\u2013 Anna Chyli\u0144ska, Komisja rewizyjna: Anna Cybulska Tomasz Czo\u0142ba Krzemi\u0144ski Jacek &nbsp; [&hellip;]<\/p>\n","protected":false},"author":1,"featured_media":0,"parent":0,"menu_order":0,"comment_status":"closed","ping_status":"closed","template":"","meta":{"_kadence_starter_templates_imported_post":false,"footnotes":""},"blocksy_meta":[],"featured_image_urls":{"full":"","thumbnail":"","medium":"","medium_large":"","large":"","1536x1536":"","2048x2048":"","htliser_size_396x360":"","htslider_size_1170x536":""},"post_excerpt_stackable":"<p>STOWARZYSZENIE\u00a0 PRZYJACI\u00d3\u0141\u00a0 \u0141ASI\u0143SKIEGO\u00a0 JAGIELLO\u0143CZYKA Zosta\u0142o za\u0142o\u017cone 17 wrze\u015bnia 2013 roku i rozpocz\u0119\u0142o swoj\u0105 dzia\u0142alno\u015b\u0107 po uzyskaniu wpisu\u00a0 w Krajowym Rejestrze S\u0105dowym pod numerem 0000485218 z dnia 8 listopada 2013 roku. \u00a0 Prezes\u00a0\u2013 Bartosz Pi\u00f3rkowski, Wiceprezes\u00a0\u2013 Lucyna Szynicka Sekretarz:\u00a0\u2013\u00a0 Zbigniew Serocki, Skarbnik:\u00a0\u2013\u00a0 Andrzej Wi\u015bniewski, Cz\u0142onek:\u00a0\u2013 Anna Chyli\u0144ska, Komisja rewizyjna: Anna Cybulska Tomasz Czo\u0142ba Krzemi\u0144ski Jacek &nbsp; DZIA\u0141ALNO\u015a\u0106\u00a0 STOWARZYSZENIE\u00a0 PRZYJACI\u00d3\u0141\u00a0 \u0141ASI\u0143SKIEGO\u00a0 JAGIELLO\u0143CZYKA ROK 2018 Stowarzyszenie Przyjaci\u00f3\u0142 \u0141asi\u0144skiego Jagiello\u0144czyka: Dofinansowa\u0142o: zakup baner\u00f3w, plakat\u00f3w w ramach promocji szko\u0142y, zakup sprz\u0119tu sportowego (pi\u0142ek lekarskich, akcesori\u00f3w do fitness), Ufundowa\u0142o jednorazowe stypendia dla absolwent\u00f3w, kt\u00f3rzy uzyskali najlepsze wyniki w roku szkolnym 2017\/2018. Otrzymali je: Dominika Rutyna z&hellip;<\/p>\n","category_list":"","author_info":{"name":"admin","url":"https:\/\/www.jagiellonczyklasin.edu.pl\/?author=1"},"comments_num":"0 comments","_links":{"self":[{"href":"https:\/\/www.jagiellonczyklasin.edu.pl\/index.php?rest_route=\/wp\/v2\/pages\/2301"}],"collection":[{"href":"https:\/\/www.jagiellonczyklasin.edu.pl\/index.php?rest_route=\/wp\/v2\/pages"}],"about":[{"href":"https:\/\/www.jagiellonczyklasin.edu.pl\/index.php?rest_route=\/wp\/v2\/types\/page"}],"author":[{"embeddable":true,"href":"https:\/\/www.jagiellonczyklasin.edu.pl\/index.php?rest_route=\/wp\/v2\/users\/1"}],"replies":[{"embeddable":true,"href":"https:\/\/www.jagiellonczyklasin.edu.pl\/index.php?rest_route=%2Fwp%2Fv2%2Fcomments&post=2301"}],"version-history":[{"count":5,"href":"https:\/\/www.jagiellonczyklasin.edu.pl\/index.php?rest_route=\/wp\/v2\/pages\/2301\/revisions"}],"predecessor-version":[{"id":3750,"href":"https:\/\/www.jagiellonczyklasin.edu.pl\/index.php?rest_route=\/wp\/v2\/pages\/2301\/revisions\/3750"}],"wp:attachment":[{"href":"https:\/\/www.jagiellonczyklasin.edu.pl\/index.php?rest_route=%2Fwp%2Fv2%2Fmedia&parent=2301"}],"curies":[{"name":"wp","href":"https:\/\/api.w.org\/{rel}","templated":true}]}}