{"id":2774,"date":"2024-02-18T17:18:39","date_gmt":"2024-02-18T17:18:39","guid":{"rendered":"https:\/\/www.jagiellonczyklasin.edu.pl\/?page_id=2774"},"modified":"2024-02-23T17:11:00","modified_gmt":"2024-02-23T17:11:00","slug":"rodo-2","status":"publish","type":"page","link":"https:\/\/www.jagiellonczyklasin.edu.pl\/?page_id=2774","title":{"rendered":"Rodo"},"content":{"rendered":"<p style=\"text-align: center;\"><span style=\"color: #000000;\"><strong>Polityka cookies i klauzula informacyjna \u2013 przetwarzanie danych osobowych<\/strong><\/span><\/p>\n<p style=\"text-align: center;\"><span style=\"color: #000000;\"><strong>Klau\u00adzu\u00adla infor\u00adma\u00adcyj\u00adna \u2013 prze\u00adtwa\u00adrza\u00adnie danych oso\u00adbo\u00adwych<\/strong><\/span><\/p>\n<p><span style=\"color: #000000;\">W zwi\u0105z\u00adku z roz\u00adpo\u00adcz\u0119\u00adciem sto\u00adso\u00adwa\u00adnia z dniem 25 maja 2018 r. Roz\u00adpo\u00adrz\u0105\u00addze\u00adnia Par\u00adla\u00admen\u00adtu Euro\u00adpej\u00adskie\u00adgo i Rady (UE) 2016\/679 z dnia 27 kwiet\u00adnia 2016 r. w spra\u00adwie ochro\u00adny os\u00f3b fizycz\u00adnych w zwi\u0105z\u00adku z prze\u00adtwa\u00adrza\u00adniem danych oso\u00adbo\u00adwych i w spra\u00adwie swo\u00adbod\u00adne\u00adgo prze\u00adp\u0142y\u00adwu takich danych oraz uchy\u00adle\u00adnia dyrek\u00adty\u00adwy 95\/46\/WE(og\u00f3l\u00adne roz\u00adpo\u00adrz\u0105\u00addze\u00adnie o ochro\u00adnie danych oso\u00adbo\u00adwych \u2013 dalej: Roz\u00adpo\u00adrz\u0105\u00addze\u00adnie) infor\u00admu\u00adje\u00admy:<\/span><\/p>\n<ol>\n<li><span style=\"color: #000000;\">Admi\u00adni\u00adstra\u00adto\u00adrem danych oso\u00adbo\u00adwych os\u00f3b korzy\u00adsta\u00adj\u0105\u00adcych ze strony\u00a0http:\/\/jagiellonczyklasin.edu.pl\/ (U\u017cyt\u00adkow\u00adni\u00adk\u00f3w) jest Zesp\u00f3\u0142 Szk\u00f3\u0142 Ponadgimnazjalnych z siedzib\u0105 w \u0141asinie<\/span><\/li>\n<li><span style=\"color: #000000;\">Podsta\u00adw\u0105 prze\u00adtwa\u00adrza\u00adnia danych oso\u00adbo\u00adwych U\u017cyt\u00adkow\u00adni\u00adka jest wyra\u00ad\u017ce\u00adnie przez nie\u00adgo zgo\u00addy na prze\u00adtwa\u00adrza\u00adnie jego danych oso\u00adbo\u00adwych. Zgo\u00adda jest wyra\u00ad\u017ca\u00adna poprzez wype\u0142\u00adnie\u00adnie odpo\u00adwied\u00adnie\u00adgo for\u00admu\u00adla\u00adrza kon\u00adtak\u00adto\u00adwe\u00adgo. Dostar\u00adczo\u00adne dane mog\u0105 by\u0107 prze\u00adtwa\u00adrza\u00adne r\u00f3w\u00adnie\u017c na pod\u00adsta\u00adwie uspra\u00adwie\u00addli\u00adwio\u00adne\u00adgo celu Admi\u00adni\u00adstra\u00adto\u00adra.<\/span><\/li>\n<li><span style=\"color: #000000;\">Dane poda\u00adne w for\u00admu\u00adla\u00adrzu prze\u00adtwa\u00adrza\u00adne s\u0105 dla cel\u00f3w okre\u00ad\u015blo\u00adnym w danym for\u00admu\u00adla\u00adrzu, naj\u00adcz\u0119\u00ad\u015bciej w celu umo\u017c\u00adli\u00adwie\u00adnia Admi\u00adni\u00adstra\u00adto\u00adro\u00adwi kon\u00adtak\u00adtu z U\u017cyt\u00adkow\u00adni\u00adkiem dro\u00adg\u0105 pocz\u00adty elek\u00adtro\u00adnicz\u00adnej.<\/span><\/li>\n<li><span style=\"color: #000000;\">Pod\u00adczas wizy\u00adty na stro\u00adnie inter\u00adne\u00adto\u00adwej auto\u00adma\u00adtycz\u00adnie zbie\u00adra\u00adne s\u0105 dane doty\u00adcz\u0105\u00adce wizy\u00adty, np. adres\u00a0IP\u00a0U\u017cyt\u00adkow\u00adni\u00adka itp. (dane logo\u00adwa\u00adnia). Dane zbie\u00adra\u00adne auto\u00adma\u00adtycz\u00adnie mog\u0105 by\u0107 u\u017cy\u00adte do ana\u00adli\u00adzy zacho\u00adwa\u0144 u\u017cyt\u00adkow\u00adni\u00adk\u00f3w na naszej stro\u00adnie inter\u00adne\u00adto\u00adwej. Dane te prze\u00adtwa\u00adrza\u00adne s\u0105 jed\u00adnak wy\u0142\u0105cz\u00adnie w celach admi\u00adni\u00adstro\u00adwa\u00adnia ser\u00adwi\u00adsem i nie s\u0105 koja\u00adrzo\u00adne z dany\u00admi poszcze\u00adg\u00f3l\u00adnych U\u017cyt\u00adkow\u00adni\u00adk\u00f3w.<\/span><\/li>\n<li><span style=\"color: #000000;\">Dane oso\u00adbo\u00adwe U\u017cyt\u00adkow\u00adni\u00adka prze\u00adcho\u00adwy\u00adwa\u00adne b\u0119d\u0105 przez okres 2 lat lub do momen\u00adtu odwo\u00ad\u0142a\u00adnia zgo\u00addy. Dane oso\u00adbo\u00adwe U\u017cyt\u00adkow\u00adni\u00adka s\u0105 prze\u00adcho\u00adwy\u00adwa\u00adne i chro\u00adnio\u00adne.<\/span><\/li>\n<li><span style=\"color: #000000;\">Dane U\u017cyt\u00adkow\u00adni\u00adka nie b\u0119d\u0105 prze\u00adka\u00adzy\u00adwa\u00adne \u017cad\u00adne\u00admu inne\u00admu pod\u00admio\u00adto\u00adwi, ani poza obszar Unii Euro\u00adpej\u00adskiej.<\/span><\/li>\n<li><span style=\"color: #000000;\">Udzie\u00adlo\u00adna przez U\u017cyt\u00adkow\u00adni\u00adka zgo\u00adda na prze\u00adtwa\u00adrza\u00adnie jego danych oso\u00adbo\u00adwych mo\u017ce by\u0107 w ka\u017c\u00addym cza\u00adsie odwo\u00ad\u0142a\u00adna.<\/span><\/li>\n<li><span style=\"color: #000000;\">U\u017cyt\u00adkow\u00adnik w ka\u017c\u00addej chwi\u00adli ma pra\u00adwo dost\u0119\u00adpu do tre\u00ad\u015bci danych, pra\u00adwo do spro\u00adsto\u00adwa\u00adnia danych, pra\u00adwo do usu\u00adni\u0119\u00adcia danych, pra\u00adwo do ogra\u00adni\u00adcze\u00adnia prze\u00adtwa\u00adrza\u00adnia danych, pra\u00adwo do prze\u00adno\u00adsze\u00adnia danych.<\/span><\/li>\n<li><span style=\"color: #000000;\">U\u017cyt\u00adkow\u00adnik w ka\u017c\u00addej chwi\u00adli ma pra\u00adwo wnie\u00adsie\u00adnia sprze\u00adci\u00adwu wobec prze\u00adtwa\u00adrza\u00adnia swo\u00adich danych oso\u00adbo\u00adwych gdy prze\u00adtwa\u00adrza\u00adnie danych oso\u00adbo\u00adwych odby\u00adwa si\u0119 na pod\u00adsta\u00adwie praw\u00adnie uza\u00adsad\u00adnio\u00adne\u00adgo inte\u00adre\u00adsu lub dla cel\u00f3w sta\u00adty\u00adstycz\u00adnych, a sprze\u00adciw jest uza\u00adsad\u00adnio\u00adny przez szcze\u00adg\u00f3l\u00adn\u0105 sytu\u00adacj\u0119, w kt\u00f3\u00adrej si\u0119 zna\u00adla\u00adz\u0142a, chy\u00adba \u017ce prze\u00adtwa\u00adrza\u00adnie jest wyma\u00adga\u00adne zgod\u00adnie z prze\u00adpi\u00adsa\u00admi pra\u00adwa.<\/span><\/li>\n<li><span style=\"color: #000000;\">Ponad\u00adto U\u017cyt\u00adkow\u00adnik ma pra\u00adwo wnie\u00adsie\u00adnia skar\u00adgi do orga\u00adnu nad\u00adzor\u00adcze\u00adgo w przypadku uzna\u00adnia, \u017ce prze\u00adtwa\u00adrza\u00adnie danych oso\u00adbo\u00adwych naru\u00adsza prze\u00adpi\u00adsy Rozporz\u0105\u00addze\u00adnia;<\/span><\/li>\n<li><span style=\"color: #000000;\">Poda\u00adnie danych oso\u00adbo\u00adwych jest dobro\u00adwol\u00adne, jed\u00adnak\u00ad\u017ce je\u015bli U\u017cyt\u00adkow\u00adnik nie poda swo\u00adich danych oso\u00adbo\u00adwych to nie b\u0119dzie m\u00f3g\u0142 sko\u00adrzy\u00adsta\u0107 z us\u0142ug ofe\u00adro\u00adwa\u00adnych przez Admi\u00adni\u00adstra\u00adto\u00adra w ramach for\u00admu\u00adla\u00adrzy znaj\u00addu\u00adj\u0105\u00adcych si\u0119 na Stro\u00adnie.<\/span><\/li>\n<\/ol>\n<p><span style=\"color: #000000;\"><strong>Poli\u00adty\u00adka pli\u00adk\u00f3w cookies<\/strong><\/span><\/p>\n<ol>\n<li><span style=\"color: #000000;\">Ser\u00adwis nie zbie\u00adra w spo\u00ads\u00f3b auto\u00adma\u00adtycz\u00adny \u017cad\u00adnych infor\u00adma\u00adcji, z wyj\u0105t\u00adkiem infor\u00adma\u00adcji zawar\u00adtych w pli\u00adkach cookies. Nie u\u017cy\u00adwa\u00admy cookies do gro\u00adma\u00addze\u00adnia danych oso\u00adbo\u00adwych, takich jak: imi\u0119, nazwi\u00adsko lub adres e-mail.<\/span><\/li>\n<li><span style=\"color: #000000;\">Pli\u00adki cookies (tzw. \u201ecia\u00adstecz\u00adka\u201d) sta\u00adno\u00adwi\u0105 dane infor\u00adma\u00adtycz\u00adne, w szcze\u00adg\u00f3l\u00adno\u00ad\u015bci pli\u00adki tek\u00adsto\u00adwe, kt\u00f3\u00adre prze\u00adcho\u00adwy\u00adwa\u00adne s\u0105 w urz\u0105\u00addze\u00adniu ko\u0144\u00adco\u00adwym U\u017cyt\u00adkow\u00adni\u00adka Ser\u00adwi\u00adsu i prze\u00adzna\u00adczo\u00adne s\u0105 do korzy\u00adsta\u00adnia ze stron inter\u00adne\u00adto\u00adwych Ser\u00adwi\u00adsu. Cookies zazwy\u00adczaj zawie\u00adra\u00adj\u0105 nazw\u0119 stro\u00adny inter\u00adne\u00adto\u00adwej, z kt\u00f3\u00adrej pocho\u00addz\u0105, czas prze\u00adcho\u00adwy\u00adwa\u00adnia ich na urz\u0105\u00addze\u00adniu ko\u0144\u00adco\u00adwym oraz uni\u00adkal\u00adny numer.<\/span><\/li>\n<li><span style=\"color: #000000;\">Pod\u00admio\u00adtem zamiesz\u00adcza\u00adj\u0105\u00adcym na urz\u0105\u00addze\u00adniu ko\u0144\u00adco\u00adwym U\u017cyt\u00adkow\u00adni\u00adka Ser\u00adwi\u00adsu pli\u00adki cookies oraz uzy\u00adsku\u00adj\u0105\u00adcym do nich dost\u0119p jest ope\u00adra\u00adtor Ser\u00adwi\u00adsu http:\/\/jagiellonczyklasin.edu.pl\/<\/span><\/li>\n<li><span style=\"color: #000000;\">Pli\u00adki cookies wyko\u00adrzy\u00adsty\u00adwa\u00adne s\u0105 w celu:<\/span>\n<ul>\n<li><span style=\"color: #000000;\">\u2013 dosto\u00adso\u00adwa\u00adnia zawar\u00adto\u00ad\u015bci stron inter\u00adne\u00adto\u00adwych Ser\u00adwi\u00adsu do pre\u00adfe\u00adren\u00adcji U\u017cyt\u00adkow\u00adni\u00adka oraz opty\u00adma\u00adli\u00adza\u00adcji korzy\u00adsta\u00adnia ze stron inter\u00adne\u00adto\u00adwych; w szcze\u00adg\u00f3l\u00adno\u00ad\u015bci pli\u00adki te pozwa\u00adla\u00adj\u0105 roz\u00adpo\u00adzna\u0107 urz\u0105\u00addze\u00adnie U\u017cyt\u00adkow\u00adni\u00adka Ser\u00adwi\u00adsu i odpo\u00adwied\u00adnio wy\u015bwie\u00adtli\u0107 stro\u00adn\u0119 inter\u00adne\u00adto\u00adw\u0105, dosto\u00adso\u00adwa\u00adn\u0105 do jego indy\u00adwi\u00addu\u00adal\u00adnych potrzeb;<\/span><\/li>\n<li><span style=\"color: #000000;\">\u2013 two\u00adrze\u00adnia sta\u00adty\u00adstyk, kt\u00f3\u00adre poma\u00adga\u00adj\u0105 zro\u00adzu\u00admie\u0107, w jaki spo\u00ads\u00f3b U\u017cyt\u00adkow\u00adni\u00adcy Ser\u00adwi\u00adsu korzy\u00adsta\u00adj\u0105 ze stron inter\u00adne\u00adto\u00adwych, co umo\u017c\u00adli\u00adwia ulep\u00adsza\u00adnie ich struk\u00adtu\u00adry i zawar\u00adto\u00ad\u015bci;<\/span><\/li>\n<\/ul>\n<\/li>\n<li><span style=\"color: #000000;\">W ramach Ser\u00adwi\u00adsu sto\u00adso\u00adwa\u00adne s\u0105 dwa zasad\u00adni\u00adcze rodza\u00adje pli\u00adk\u00f3w cookies: \u201esesyj\u00adne\u201d (ses\u00adsion cookies) oraz \u201esta\u00ad\u0142e\u201d (per\u00adsi\u00adstent cookies). Cookies \u201esesyj\u00adne\u201d s\u0105 pli\u00adka\u00admi tym\u00adcza\u00adso\u00adwy\u00admi, kt\u00f3\u00adre prze\u00adcho\u00adwy\u00adwa\u00adne s\u0105 w urz\u0105\u00addze\u00adniu ko\u0144\u00adco\u00adwym U\u017cyt\u00adkow\u00adni\u00adka do cza\u00adsu wylo\u00adgo\u00adwa\u00adnia, opusz\u00adcze\u00adnia stro\u00adny inter\u00adne\u00adto\u00adwej lub wy\u0142\u0105\u00adcze\u00adnia opro\u00adgra\u00admo\u00adwa\u00adnia (prze\u00adgl\u0105\u00addar\u00adki inter\u00adne\u00adto\u00adwej). \u201eSta\u00ad\u0142e\u201d pli\u00adki cookies prze\u00adcho\u00adwy\u00adwa\u00adne s\u0105 w urz\u0105\u00addze\u00adniu ko\u0144\u00adco\u00adwym U\u017cyt\u00adkow\u00adni\u00adka przez czas okre\u00ad\u015blo\u00adny w para\u00adme\u00adtrach pli\u00adk\u00f3w cookies lub do cza\u00adsu ich usu\u00adni\u0119\u00adcia przez U\u017cyt\u00adkow\u00adni\u00adka.<\/span><\/li>\n<li><span style=\"color: #000000;\">W ramach Ser\u00adwi\u00adsu sto\u00adso\u00adwa\u00adne s\u0105 nast\u0119\u00adpu\u00adj\u0105\u00adce rodza\u00adje pli\u00adk\u00f3w cookies:<\/span>\n<ul>\n<li><span style=\"color: #000000;\">\u2013 \u201enie\u00adzb\u0119d\u00adne\u201d pli\u00adki cookies, umo\u017c\u00adli\u00adwia\u00adj\u0105\u00adce korzy\u00adsta\u00adnie z us\u0142ug dost\u0119p\u00adnych w ramach Ser\u00adwi\u00adsu, np. uwie\u00adrzy\u00adtel\u00adnia\u00adj\u0105\u00adce pli\u00adki cookies wyko\u00adrzy\u00adsty\u00adwa\u00adne do us\u0142ug wyma\u00adga\u00adj\u0105\u00adcych uwie\u00adrzy\u00adtel\u00adnia\u00adnia w ramach Ser\u00adwi\u00adsu;<\/span><\/li>\n<li><span style=\"color: #000000;\">\u2013 pli\u00adki cookies s\u0142u\u00ad\u017c\u0105\u00adce do zapew\u00adnie\u00adnia bez\u00adpie\u00adcze\u0144\u00adstwa, np. wyko\u00adrzy\u00adsty\u00adwa\u00adne do wykry\u00adwa\u00adnia nad\u00adu\u017cy\u0107 w zakre\u00adsie uwie\u00adrzy\u00adtel\u00adnia\u00adnia w ramach Ser\u00adwi\u00adsu;<\/span><\/li>\n<li><span style=\"color: #000000;\">\u2013 \u201ewydaj\u00adno\u00ad\u015bcio\u00adwe\u201d pli\u00adki cookies, umo\u017c\u00adli\u00adwia\u00adj\u0105\u00adce zbie\u00adra\u00adnie infor\u00adma\u00adcji o spo\u00adso\u00adbie korzy\u00adsta\u00adnia ze stron inter\u00adne\u00adto\u00adwych Ser\u00adwi\u00adsu;<\/span><\/li>\n<li><span style=\"color: #000000;\">\u2013 \u201efunk\u00adcjo\u00adnal\u00adne\u201d pli\u00adki cookies, umo\u017c\u00adli\u00adwia\u00adj\u0105\u00adce \u201ezapa\u00admi\u0119\u00adta\u00adnie\u201d wybra\u00adnych przez U\u017cyt\u00adkow\u00adni\u00adka usta\u00adwie\u0144 i per\u00adso\u00adna\u00adli\u00adza\u00adcj\u0119 inter\u00adfej\u00adsu U\u017cyt\u00adkow\u00adni\u00adka, np. w zakre\u00adsie wybra\u00adne\u00adgo j\u0119zy\u00adka lub regio\u00adnu, z kt\u00f3\u00adre\u00adgo pocho\u00addzi U\u017cyt\u00adkow\u00adnik, roz\u00admia\u00adru czcion\u00adki, wygl\u0105\u00addu stro\u00adny inter\u00adne\u00adto\u00adwej itp.;<\/span><\/li>\n<\/ul>\n<\/li>\n<li><span style=\"color: #000000;\">W wie\u00adlu przy\u00adpad\u00adkach opro\u00adgra\u00admo\u00adwa\u00adnie s\u0142u\u00ad\u017c\u0105\u00adce do prze\u00adgl\u0105\u00adda\u00adnia stron inter\u00adne\u00adto\u00adwych (prze\u00adgl\u0105\u00addar\u00adka inter\u00adne\u00adto\u00adwa) domy\u015bl\u00adnie dopusz\u00adcza prze\u00adcho\u00adwy\u00adwa\u00adnie pli\u00adk\u00f3w cookies w urz\u0105\u00addze\u00adniu ko\u0144\u00adco\u00adwym U\u017cyt\u00adkow\u00adni\u00adka. U\u017cyt\u00adkow\u00adni\u00adcy Ser\u00adwi\u00adsu mog\u0105 doko\u00adna\u0107 w ka\u017c\u00addym cza\u00adsie zmia\u00adny usta\u00adwie\u0144 doty\u00adcz\u0105\u00adcych pli\u00adk\u00f3w cookies. Usta\u00adwie\u00adnia te mog\u0105 zosta\u0107 zmie\u00adnio\u00adne w szcze\u00adg\u00f3l\u00adno\u00ad\u015bci w taki spo\u00ads\u00f3b, aby blo\u00adko\u00adwa\u0107 auto\u00adma\u00adtycz\u00adn\u0105 obs\u0142u\u00adg\u0119 pli\u00adk\u00f3w cookies w usta\u00adwie\u00adniach prze\u00adgl\u0105\u00addar\u00adki inter\u00adne\u00adto\u00adwej b\u0105d\u017a infor\u00admo\u00adwa\u0107 o ich ka\u017c\u00addo\u00adra\u00adzo\u00adwym zamiesz\u00adcze\u00adniu w urz\u0105\u00addze\u00adniu U\u017cyt\u00adkow\u00adni\u00adka Ser\u00adwi\u00adsu. Szcze\u00adg\u00f3\u00ad\u0142o\u00adwe infor\u00adma\u00adcje o mo\u017c\u00adli\u00adwo\u00ad\u015bci i spo\u00adso\u00adbach obs\u0142u\u00adgi pli\u00adk\u00f3w cookies dost\u0119p\u00adne s\u0105 w usta\u00adwie\u00adniach opro\u00adgra\u00admo\u00adwa\u00adnia (prze\u00adgl\u0105\u00addar\u00adki inter\u00adne\u00adto\u00adwej).<\/span><\/li>\n<li><span style=\"color: #000000;\">Ope\u00adra\u00adtor Ser\u00adwi\u00adsu infor\u00admu\u00adje, \u017ce ogra\u00adni\u00adcze\u00adnia sto\u00adso\u00adwa\u00adnia pli\u00adk\u00f3w cookies mog\u0105 wp\u0142y\u00adn\u0105\u0107 na nie\u00adkt\u00f3\u00adre funk\u00adcjo\u00adnal\u00adno\u00ad\u015bci dost\u0119p\u00adne na stro\u00adnach inter\u00adne\u00adto\u00adwych Ser\u00adwi\u00adsu.<\/span><\/li>\n<\/ol>\n<p>&nbsp;<\/p>\n","protected":false},"excerpt":{"rendered":"<p>Polityka cookies i klauzula informacyjna \u2013 przetwarzanie danych osobowych Klau\u00adzu\u00adla infor\u00adma\u00adcyj\u00adna \u2013 prze\u00adtwa\u00adrza\u00adnie danych oso\u00adbo\u00adwych W zwi\u0105z\u00adku z roz\u00adpo\u00adcz\u0119\u00adciem sto\u00adso\u00adwa\u00adnia z dniem 25 maja 2018 r. Roz\u00adpo\u00adrz\u0105\u00addze\u00adnia Par\u00adla\u00admen\u00adtu Euro\u00adpej\u00adskie\u00adgo i Rady (UE) 2016\/679 z dnia 27 kwiet\u00adnia 2016 r. w spra\u00adwie ochro\u00adny os\u00f3b fizycz\u00adnych w zwi\u0105z\u00adku z prze\u00adtwa\u00adrza\u00adniem danych oso\u00adbo\u00adwych i w spra\u00adwie swo\u00adbod\u00adne\u00adgo prze\u00adp\u0142y\u00adwu [&hellip;]<\/p>\n","protected":false},"author":1,"featured_media":0,"parent":0,"menu_order":0,"comment_status":"closed","ping_status":"closed","template":"","meta":{"_kadence_starter_templates_imported_post":false,"footnotes":""},"blocksy_meta":[],"featured_image_urls":{"full":"","thumbnail":"","medium":"","medium_large":"","large":"","1536x1536":"","2048x2048":"","htliser_size_396x360":"","htslider_size_1170x536":""},"post_excerpt_stackable":"<p>Polityka cookies i klauzula informacyjna \u2013 przetwarzanie danych osobowych Klau\u00adzu\u00adla infor\u00adma\u00adcyj\u00adna \u2013 prze\u00adtwa\u00adrza\u00adnie danych oso\u00adbo\u00adwych W zwi\u0105z\u00adku z roz\u00adpo\u00adcz\u0119\u00adciem sto\u00adso\u00adwa\u00adnia z dniem 25 maja 2018 r. Roz\u00adpo\u00adrz\u0105\u00addze\u00adnia Par\u00adla\u00admen\u00adtu Euro\u00adpej\u00adskie\u00adgo i Rady (UE) 2016\/679 z dnia 27 kwiet\u00adnia 2016 r. w spra\u00adwie ochro\u00adny os\u00f3b fizycz\u00adnych w zwi\u0105z\u00adku z prze\u00adtwa\u00adrza\u00adniem danych oso\u00adbo\u00adwych i w spra\u00adwie swo\u00adbod\u00adne\u00adgo prze\u00adp\u0142y\u00adwu takich danych oraz uchy\u00adle\u00adnia dyrek\u00adty\u00adwy 95\/46\/WE(og\u00f3l\u00adne roz\u00adpo\u00adrz\u0105\u00addze\u00adnie o ochro\u00adnie danych oso\u00adbo\u00adwych \u2013 dalej: Roz\u00adpo\u00adrz\u0105\u00addze\u00adnie) infor\u00admu\u00adje\u00admy: Admi\u00adni\u00adstra\u00adto\u00adrem danych oso\u00adbo\u00adwych os\u00f3b korzy\u00adsta\u00adj\u0105\u00adcych ze strony\u00a0http:\/\/jagiellonczyklasin.edu.pl\/ (U\u017cyt\u00adkow\u00adni\u00adk\u00f3w) jest Zesp\u00f3\u0142 Szk\u00f3\u0142 Ponadgimnazjalnych z siedzib\u0105 w \u0141asinie Podsta\u00adw\u0105 prze\u00adtwa\u00adrza\u00adnia danych oso\u00adbo\u00adwych U\u017cyt\u00adkow\u00adni\u00adka jest wyra\u00ad\u017ce\u00adnie przez nie\u00adgo zgo\u00addy na prze\u00adtwa\u00adrza\u00adnie jego danych&hellip;<\/p>\n","category_list":"","author_info":{"name":"admin","url":"https:\/\/www.jagiellonczyklasin.edu.pl\/?author=1"},"comments_num":"0 comments","_links":{"self":[{"href":"https:\/\/www.jagiellonczyklasin.edu.pl\/index.php?rest_route=\/wp\/v2\/pages\/2774"}],"collection":[{"href":"https:\/\/www.jagiellonczyklasin.edu.pl\/index.php?rest_route=\/wp\/v2\/pages"}],"about":[{"href":"https:\/\/www.jagiellonczyklasin.edu.pl\/index.php?rest_route=\/wp\/v2\/types\/page"}],"author":[{"embeddable":true,"href":"https:\/\/www.jagiellonczyklasin.edu.pl\/index.php?rest_route=\/wp\/v2\/users\/1"}],"replies":[{"embeddable":true,"href":"https:\/\/www.jagiellonczyklasin.edu.pl\/index.php?rest_route=%2Fwp%2Fv2%2Fcomments&post=2774"}],"version-history":[{"count":4,"href":"https:\/\/www.jagiellonczyklasin.edu.pl\/index.php?rest_route=\/wp\/v2\/pages\/2774\/revisions"}],"predecessor-version":[{"id":3738,"href":"https:\/\/www.jagiellonczyklasin.edu.pl\/index.php?rest_route=\/wp\/v2\/pages\/2774\/revisions\/3738"}],"wp:attachment":[{"href":"https:\/\/www.jagiellonczyklasin.edu.pl\/index.php?rest_route=%2Fwp%2Fv2%2Fmedia&parent=2774"}],"curies":[{"name":"wp","href":"https:\/\/api.w.org\/{rel}","templated":true}]}}