{"id":3083,"date":"2024-02-18T17:33:22","date_gmt":"2024-02-18T17:33:22","guid":{"rendered":"https:\/\/www.jagiellonczyklasin.edu.pl\/?page_id=3083"},"modified":"2024-02-25T17:20:44","modified_gmt":"2024-02-25T17:20:44","slug":"patron-szkoly","status":"publish","type":"page","link":"https:\/\/www.jagiellonczyklasin.edu.pl\/?page_id=3083","title":{"rendered":"Patron szko\u0142y"},"content":{"rendered":"<p>&nbsp;<\/p>\n<h5><img fetchpriority=\"high\" decoding=\"async\" class=\"aligncenter wp-image-3088 size-full\" src=\"http:\/\/www.jagiellonczyklasin.edu.pl\/wp-content\/uploads\/2024\/02\/Kazimierz_Jagiellonczyk.jpg\" alt=\"\" width=\"576\" height=\"769\" srcset=\"https:\/\/www.jagiellonczyklasin.edu.pl\/wp-content\/uploads\/2024\/02\/Kazimierz_Jagiellonczyk.jpg 576w, https:\/\/www.jagiellonczyklasin.edu.pl\/wp-content\/uploads\/2024\/02\/Kazimierz_Jagiellonczyk-225x300.jpg 225w\" sizes=\"(max-width: 576px) 100vw, 576px\" \/><\/h5>\n<h5><\/h5>\n<p style=\"text-align: justify;\"><span style=\"font-family: arial, helvetica, sans-serif; font-size: 14pt;\">Kazimierz IV Jagiello\u0144czyk, urodzony 30 listopada roku 1427, zmar\u0142 w Grodnie 7 czerwca 1492r. Syn W\u0142adys\u0142awa Jagie\u0142\u0142y i Zofii Holsza\u0144skiej. W roku 1454 o\u017ceni\u0142 si\u0119 z El\u017cbiet\u0105 Habsbursk\u0105. By\u0142 cz\u0142owiekiem skromnym, pracowitym, wytrwa\u0142ym, energicznym i zr\u0119cznym. Odzyska\u0142 Pomorze Gda\u0144skie zraz tzw. Prusy Kr\u00f3lewskie i Warmi\u0119 wraz z Malborkiem i Elbl\u0105giem. Kazimierz doprowadzi\u0142 tak\u017ce do rozkwitu gospodarczego, osadzi\u0142 syna W\u0142adys\u0142awa na tronie czeskim (1471) i w\u0119gierskim (1490). Za jego czas\u00f3w dzia\u0142ali: historyk Jan D\u0142ugosz, rze\u017abiarz Wit Stwosz, humanista i poeta Filip Buonaccorsi (Kallimach ), pisarz polityczny Jan Ostr\u00f3g Polsk\u0119 zaliczano do najstarszych mocarstw europejskich.<\/span><br \/>\n<span style=\"font-family: arial, helvetica, sans-serif; font-size: 14pt;\">W czasie trwania wojny trzynastoletniej (1454-1466) jesieni\u0105 1454r. Kazimierz Jagiello\u0144czyk oblega\u0142 wraz ze swoimi wojskami \u0141asin, kt\u00f3ry by\u0142 w\u00f3wczas w r\u0119kach krzy\u017cackich. \u0141asin wr\u00f3ci\u0142 do Polski 1 listopada 1461 r.<\/span><\/p>\n","protected":false},"excerpt":{"rendered":"<p>&nbsp; Kazimierz IV Jagiello\u0144czyk, urodzony 30 listopada roku 1427, zmar\u0142 w Grodnie 7 czerwca 1492r. Syn W\u0142adys\u0142awa Jagie\u0142\u0142y i Zofii Holsza\u0144skiej. W roku 1454 o\u017ceni\u0142 si\u0119 z El\u017cbiet\u0105 Habsbursk\u0105. By\u0142 cz\u0142owiekiem skromnym, pracowitym, wytrwa\u0142ym, energicznym i zr\u0119cznym. Odzyska\u0142 Pomorze Gda\u0144skie zraz tzw. Prusy Kr\u00f3lewskie i Warmi\u0119 wraz z Malborkiem i Elbl\u0105giem. Kazimierz doprowadzi\u0142 tak\u017ce do [&hellip;]<\/p>\n","protected":false},"author":1,"featured_media":0,"parent":0,"menu_order":0,"comment_status":"closed","ping_status":"closed","template":"","meta":{"_kadence_starter_templates_imported_post":false,"footnotes":""},"blocksy_meta":[],"featured_image_urls":{"full":"","thumbnail":"","medium":"","medium_large":"","large":"","1536x1536":"","2048x2048":"","htliser_size_396x360":"","htslider_size_1170x536":""},"post_excerpt_stackable":"<p>&nbsp; Kazimierz IV Jagiello\u0144czyk, urodzony 30 listopada roku 1427, zmar\u0142 w Grodnie 7 czerwca 1492r. Syn W\u0142adys\u0142awa Jagie\u0142\u0142y i Zofii Holsza\u0144skiej. W roku 1454 o\u017ceni\u0142 si\u0119 z El\u017cbiet\u0105 Habsbursk\u0105. By\u0142 cz\u0142owiekiem skromnym, pracowitym, wytrwa\u0142ym, energicznym i zr\u0119cznym. Odzyska\u0142 Pomorze Gda\u0144skie zraz tzw. Prusy Kr\u00f3lewskie i Warmi\u0119 wraz z Malborkiem i Elbl\u0105giem. Kazimierz doprowadzi\u0142 tak\u017ce do rozkwitu gospodarczego, osadzi\u0142 syna W\u0142adys\u0142awa na tronie czeskim (1471) i w\u0119gierskim (1490). Za jego czas\u00f3w dzia\u0142ali: historyk Jan D\u0142ugosz, rze\u017abiarz Wit Stwosz, humanista i poeta Filip Buonaccorsi (Kallimach ), pisarz polityczny Jan Ostr\u00f3g Polsk\u0119 zaliczano do najstarszych mocarstw europejskich. W czasie trwania wojny trzynastoletniej (1454-1466)&hellip;<\/p>\n","category_list":"","author_info":{"name":"admin","url":"https:\/\/www.jagiellonczyklasin.edu.pl\/?author=1"},"comments_num":"0 comments","_links":{"self":[{"href":"https:\/\/www.jagiellonczyklasin.edu.pl\/index.php?rest_route=\/wp\/v2\/pages\/3083"}],"collection":[{"href":"https:\/\/www.jagiellonczyklasin.edu.pl\/index.php?rest_route=\/wp\/v2\/pages"}],"about":[{"href":"https:\/\/www.jagiellonczyklasin.edu.pl\/index.php?rest_route=\/wp\/v2\/types\/page"}],"author":[{"embeddable":true,"href":"https:\/\/www.jagiellonczyklasin.edu.pl\/index.php?rest_route=\/wp\/v2\/users\/1"}],"replies":[{"embeddable":true,"href":"https:\/\/www.jagiellonczyklasin.edu.pl\/index.php?rest_route=%2Fwp%2Fv2%2Fcomments&post=3083"}],"version-history":[{"count":7,"href":"https:\/\/www.jagiellonczyklasin.edu.pl\/index.php?rest_route=\/wp\/v2\/pages\/3083\/revisions"}],"predecessor-version":[{"id":4827,"href":"https:\/\/www.jagiellonczyklasin.edu.pl\/index.php?rest_route=\/wp\/v2\/pages\/3083\/revisions\/4827"}],"wp:attachment":[{"href":"https:\/\/www.jagiellonczyklasin.edu.pl\/index.php?rest_route=%2Fwp%2Fv2%2Fmedia&parent=3083"}],"curies":[{"name":"wp","href":"https:\/\/api.w.org\/{rel}","templated":true}]}}