{"id":4069,"date":"2024-02-24T16:55:08","date_gmt":"2024-02-24T16:55:08","guid":{"rendered":"https:\/\/www.jagiellonczyklasin.edu.pl\/?page_id=4069"},"modified":"2024-02-24T22:12:20","modified_gmt":"2024-02-24T22:12:20","slug":"nauczyciele","status":"publish","type":"page","link":"https:\/\/www.jagiellonczyklasin.edu.pl\/?page_id=4069","title":{"rendered":"nauczyciele"},"content":{"rendered":"<p>&nbsp;<\/p>\n<p>&nbsp;<\/p>\n<p><span style=\"color: #000000; font-size: 14pt;\"><strong>Kierownik szkolenia praktycznego<\/strong><\/span><\/p>\n<p><span style=\"color: #000000; font-size: 14pt;\">mgr in\u017c. Wojciech Bernaciak<\/span><\/p>\n<p><span style=\"color: #000000; font-size: 14pt;\"><strong>Przedmioty zawodowe mechaniczne<\/strong><\/span><\/p>\n<p><span style=\"color: #000000; font-size: 14pt;\">mgr in\u017c. Wojciech Bernaciak<\/span><\/p>\n<p><span style=\"color: #000000; font-size: 14pt;\">mgr in\u017c. Mariusz Kellas<\/span><\/p>\n<p><span style=\"font-size: 14pt;\">mgr Jacek Krzemi\u0144ski<\/span><\/p>\n<p><span style=\"color: #000000; font-size: 14pt;\">mgr in\u017c. Andrzej Wi\u015bniewski<\/span><\/p>\n<p><span style=\"color: #000000; font-size: 14pt;\">in\u017c. Jan Harackiewicz<\/span><\/p>\n<p><strong><span style=\"font-size: 14pt;\">Prawo Jazdy kat. B i T<\/span><\/strong><\/p>\n<p><span style=\"color: #000000; font-size: 14pt;\">mgr Zbigniew Bara\u0144ski<\/span><\/p>\n<p><span style=\"font-size: 14pt;\">lic. Cyryl \u0141ukaszewski<\/span><\/p>\n<p><span style=\"color: #000000; font-size: 14pt;\">in\u017c. Jan Harackiewicz<\/span><\/p>\n","protected":false},"excerpt":{"rendered":"<p>&nbsp; &nbsp; Kierownik szkolenia praktycznego mgr in\u017c. Wojciech Bernaciak Przedmioty zawodowe mechaniczne mgr in\u017c. Wojciech Bernaciak mgr in\u017c. Mariusz Kellas mgr Jacek Krzemi\u0144ski mgr in\u017c. Andrzej Wi\u015bniewski in\u017c. Jan Harackiewicz Prawo Jazdy kat. B i T mgr Zbigniew Bara\u0144ski lic. Cyryl \u0141ukaszewski in\u017c. Jan Harackiewicz<\/p>\n","protected":false},"author":1,"featured_media":0,"parent":0,"menu_order":0,"comment_status":"closed","ping_status":"closed","template":"","meta":{"_kadence_starter_templates_imported_post":false,"footnotes":""},"blocksy_meta":[],"featured_image_urls":{"full":"","thumbnail":"","medium":"","medium_large":"","large":"","1536x1536":"","2048x2048":"","htliser_size_396x360":"","htslider_size_1170x536":""},"post_excerpt_stackable":"<p>&nbsp; &nbsp; Kierownik szkolenia praktycznego mgr in\u017c. Wojciech Bernaciak Przedmioty zawodowe mechaniczne mgr in\u017c. Wojciech Bernaciak mgr in\u017c. Mariusz Kellas mgr Jacek Krzemi\u0144ski mgr in\u017c. Andrzej Wi\u015bniewski in\u017c. Jan Harackiewicz Prawo Jazdy kat. B i T mgr Zbigniew Bara\u0144ski lic. Cyryl \u0141ukaszewski in\u017c. Jan Harackiewicz<\/p>\n","category_list":"","author_info":{"name":"admin","url":"https:\/\/www.jagiellonczyklasin.edu.pl\/?author=1"},"comments_num":"0 comments","_links":{"self":[{"href":"https:\/\/www.jagiellonczyklasin.edu.pl\/index.php?rest_route=\/wp\/v2\/pages\/4069"}],"collection":[{"href":"https:\/\/www.jagiellonczyklasin.edu.pl\/index.php?rest_route=\/wp\/v2\/pages"}],"about":[{"href":"https:\/\/www.jagiellonczyklasin.edu.pl\/index.php?rest_route=\/wp\/v2\/types\/page"}],"author":[{"embeddable":true,"href":"https:\/\/www.jagiellonczyklasin.edu.pl\/index.php?rest_route=\/wp\/v2\/users\/1"}],"replies":[{"embeddable":true,"href":"https:\/\/www.jagiellonczyklasin.edu.pl\/index.php?rest_route=%2Fwp%2Fv2%2Fcomments&post=4069"}],"version-history":[{"count":5,"href":"https:\/\/www.jagiellonczyklasin.edu.pl\/index.php?rest_route=\/wp\/v2\/pages\/4069\/revisions"}],"predecessor-version":[{"id":4438,"href":"https:\/\/www.jagiellonczyklasin.edu.pl\/index.php?rest_route=\/wp\/v2\/pages\/4069\/revisions\/4438"}],"wp:attachment":[{"href":"https:\/\/www.jagiellonczyklasin.edu.pl\/index.php?rest_route=%2Fwp%2Fv2%2Fmedia&parent=4069"}],"curies":[{"name":"wp","href":"https:\/\/api.w.org\/{rel}","templated":true}]}}