{"id":5746,"date":"2024-04-04T07:54:39","date_gmt":"2024-04-04T07:54:39","guid":{"rendered":"https:\/\/www.jagiellonczyklasin.edu.pl\/?page_id=5746"},"modified":"2024-04-04T07:56:11","modified_gmt":"2024-04-04T07:56:11","slug":"rada-rodzicow","status":"publish","type":"page","link":"https:\/\/www.jagiellonczyklasin.edu.pl\/?page_id=5746","title":{"rendered":"Rada Rodzic\u00f3w"},"content":{"rendered":"<p>&nbsp;<\/p>\n<p>&nbsp;<\/p>\n<p style=\"text-align: center;\"><strong><span style=\"color: #000000;\">Rada Rodzic\u00f3w<\/span><\/strong><br \/>\n<strong><span style=\"color: #000000;\">przy Zespole Szk\u00f3\u0142 Ponadpodstawowych im. Kazimierza Jagiello\u0144czyka<\/span><\/strong><br \/>\n<strong><span style=\"color: #000000;\">ul. Odrodzenia Polski 3<\/span><\/strong><br \/>\n<strong><span style=\"color: #000000;\">86-320 \u0141asin<\/span><\/strong><\/p>\n<p style=\"text-align: center;\"><span style=\"color: #000000;\">nr rachunku bankowego 85 9500 0008 0000 1238 2000 0001<\/span><\/p>\n<p style=\"text-align: center;\"><span style=\"color: #000000;\">Na konto mo\u017cna wp\u0142aca\u0107 dobrowolne sk\u0142adki rodzic\u00f3w, darowizny i dotacje.<\/span><\/p>\n","protected":false},"excerpt":{"rendered":"<p>&nbsp; &nbsp; Rada Rodzic\u00f3w przy Zespole Szk\u00f3\u0142 Ponadpodstawowych im. Kazimierza Jagiello\u0144czyka ul. Odrodzenia Polski 3 86-320 \u0141asin nr rachunku bankowego 85 9500 0008 0000 1238 2000 0001 Na konto mo\u017cna wp\u0142aca\u0107 dobrowolne sk\u0142adki rodzic\u00f3w, darowizny i dotacje.<\/p>\n","protected":false},"author":1,"featured_media":0,"parent":0,"menu_order":0,"comment_status":"closed","ping_status":"closed","template":"","meta":{"_kadence_starter_templates_imported_post":false,"footnotes":""},"blocksy_meta":[],"featured_image_urls":{"full":"","thumbnail":"","medium":"","medium_large":"","large":"","1536x1536":"","2048x2048":"","htliser_size_396x360":"","htslider_size_1170x536":""},"post_excerpt_stackable":"<p>&nbsp; &nbsp; Rada Rodzic\u00f3w przy Zespole Szk\u00f3\u0142 Ponadpodstawowych im. Kazimierza Jagiello\u0144czyka ul. Odrodzenia Polski 3 86-320 \u0141asin nr rachunku bankowego 85 9500 0008 0000 1238 2000 0001 Na konto mo\u017cna wp\u0142aca\u0107 dobrowolne sk\u0142adki rodzic\u00f3w, darowizny i dotacje.<\/p>\n","category_list":"","author_info":{"name":"admin","url":"https:\/\/www.jagiellonczyklasin.edu.pl\/?author=1"},"comments_num":"0 comments","_links":{"self":[{"href":"https:\/\/www.jagiellonczyklasin.edu.pl\/index.php?rest_route=\/wp\/v2\/pages\/5746"}],"collection":[{"href":"https:\/\/www.jagiellonczyklasin.edu.pl\/index.php?rest_route=\/wp\/v2\/pages"}],"about":[{"href":"https:\/\/www.jagiellonczyklasin.edu.pl\/index.php?rest_route=\/wp\/v2\/types\/page"}],"author":[{"embeddable":true,"href":"https:\/\/www.jagiellonczyklasin.edu.pl\/index.php?rest_route=\/wp\/v2\/users\/1"}],"replies":[{"embeddable":true,"href":"https:\/\/www.jagiellonczyklasin.edu.pl\/index.php?rest_route=%2Fwp%2Fv2%2Fcomments&post=5746"}],"version-history":[{"count":2,"href":"https:\/\/www.jagiellonczyklasin.edu.pl\/index.php?rest_route=\/wp\/v2\/pages\/5746\/revisions"}],"predecessor-version":[{"id":5749,"href":"https:\/\/www.jagiellonczyklasin.edu.pl\/index.php?rest_route=\/wp\/v2\/pages\/5746\/revisions\/5749"}],"wp:attachment":[{"href":"https:\/\/www.jagiellonczyklasin.edu.pl\/index.php?rest_route=%2Fwp%2Fv2%2Fmedia&parent=5746"}],"curies":[{"name":"wp","href":"https:\/\/api.w.org\/{rel}","templated":true}]}}