{"id":6486,"date":"2024-07-23T19:55:22","date_gmt":"2024-07-23T19:55:22","guid":{"rendered":"https:\/\/www.jagiellonczyklasin.edu.pl\/?page_id=6486"},"modified":"2025-08-26T17:47:15","modified_gmt":"2025-08-26T17:47:15","slug":"wykaz-podrecznikow-dla-klas-pierwszych","status":"publish","type":"page","link":"https:\/\/www.jagiellonczyklasin.edu.pl\/?page_id=6486","title":{"rendered":"Wykaz podr\u0119cznik\u00f3w dla klas pierwszych"},"content":{"rendered":"<p>&nbsp;<\/p>\n<p style=\"text-align: center;\"><strong><span style=\"font-size: 14pt; color: #ff0000;\">Rok szkolny 2025\/2026<\/span><\/strong><\/p>\n<p><a href=\"http:\/\/www.jagiellonczyklasin.edu.pl\/wp-content\/uploads\/podreczniki\/Lista_podrecznik\u00f3w_2025-2026_1_liceum.pdf\">Liceum Og\u00f3lnokszta\u0142c\u0105ce\u00a0<\/a><\/p>\n<p><a href=\"http:\/\/www.jagiellonczyklasin.edu.pl\/wp-content\/uploads\/podreczniki\/Lista_podrecznik\u00f3w_2025-2026_1_technik_informatyk.pdf\">Technikum &#8211; technik informatyk<\/a><\/p>\n<p><a href=\"http:\/\/www.jagiellonczyklasin.edu.pl\/wp-content\/uploads\/podreczniki\/Lista_podrecznik\u00f3w_2025-2026_1_technik_poj_sam.pdf\">Technikum &#8211; technik pojazd\u00f3w samochodowych<\/a><\/p>\n<p><a href=\"http:\/\/www.jagiellonczyklasin.edu.pl\/wp-content\/uploads\/podreczniki\/Lista_podrecznik\u00f3w_2025-2026_1_technik_rachunkowosci.pdf\">Technikum &#8211; technik rachunkowo\u015bci<\/a><\/p>\n<p><a href=\"http:\/\/www.jagiellonczyklasin.edu.pl\/wp-content\/uploads\/podreczniki\/Lista_podrecznik\u00f3w_2025-2026_1_mechanik_operator.pdf\">Bran\u017cowa Szko\u0142a I stopnia\u00a0 &#8211;\u00a0 \u00a0mechanik operator pojazd\u00f3w i maszyn rolniczych<\/a><\/p>\n<p><a href=\"http:\/\/www.jagiellonczyklasin.edu.pl\/wp-content\/uploads\/podreczniki\/Lista_podrecznik\u00f3w_2025-2026_1_mechanik_poj_sam.pdf\">Bran\u017cowa Szko\u0142a I stopnia\u00a0 &#8211;\u00a0 \u00a0mechanik pojazd\u00f3w samochodowych<\/a><\/p>\n<p><a href=\"http:\/\/www.jagiellonczyklasin.edu.pl\/wp-content\/uploads\/podreczniki\/Lista_podrecznik\u00f3w_2025-2026_1_sprzedawca.pdf\">Bran\u017cowa Szko\u0142a I stopnia\u00a0 &#8211;\u00a0 sprzedawca<\/a><\/p>\n<p><a href=\"http:\/\/www.jagiellonczyklasin.edu.pl\/wp-content\/uploads\/podreczniki\/Lista_podrecznik\u00f3w_2025-2026_1_wielozawodowa.pdf\">Bran\u017cowa Szko\u0142a I stopnia\u00a0 &#8211;\u00a0 klasa wielozawodowa<\/a><\/p>\n<p><a href=\"http:\/\/www.jagiellonczyklasin.edu.pl\/wp-content\/uploads\/podreczniki\/Lista_podr\u0119cznik\u00f3w_2025-2026_2 TECHNIKUM_2 BRAN\u017bOWA SZKO\u0141A I STOPNIA.pdf\">Technikum &#8211;\u00a0 klasa II<\/a><\/p>\n<p><a href=\"http:\/\/www.jagiellonczyklasin.edu.pl\/wp-content\/uploads\/podreczniki\/Lista_podr\u0119cznik\u00f3w_2025-2026_2 TECHNIKUM_2 BRAN\u017bOWA SZKO\u0141A I STOPNIA.pdf\">Bran\u017cowa Szko\u0142a I stopnia\u00a0 &#8211;\u00a0 klasa II<\/a><\/p>\n<p>&nbsp;<\/p>\n<p>&nbsp;<\/p>\n","protected":false},"excerpt":{"rendered":"<p>&nbsp; Rok szkolny 2025\/2026 Liceum Og\u00f3lnokszta\u0142c\u0105ce\u00a0 Technikum &#8211; technik informatyk Technikum &#8211; technik pojazd\u00f3w samochodowych Technikum &#8211; technik rachunkowo\u015bci Bran\u017cowa Szko\u0142a I stopnia\u00a0 &#8211;\u00a0 \u00a0mechanik operator pojazd\u00f3w i maszyn rolniczych Bran\u017cowa Szko\u0142a I stopnia\u00a0 &#8211;\u00a0 \u00a0mechanik pojazd\u00f3w samochodowych Bran\u017cowa Szko\u0142a I stopnia\u00a0 &#8211;\u00a0 sprzedawca Bran\u017cowa Szko\u0142a I stopnia\u00a0 &#8211;\u00a0 klasa wielozawodowa Technikum &#8211;\u00a0 klasa II [&hellip;]<\/p>\n","protected":false},"author":1,"featured_media":0,"parent":0,"menu_order":0,"comment_status":"closed","ping_status":"closed","template":"","meta":{"_kadence_starter_templates_imported_post":false,"footnotes":""},"blocksy_meta":[],"featured_image_urls":{"full":"","thumbnail":"","medium":"","medium_large":"","large":"","1536x1536":"","2048x2048":"","htliser_size_396x360":"","htslider_size_1170x536":""},"post_excerpt_stackable":"<p>&nbsp; Rok szkolny 2025\/2026 Liceum Og\u00f3lnokszta\u0142c\u0105ce\u00a0 Technikum &#8211; technik informatyk Technikum &#8211; technik pojazd\u00f3w samochodowych Technikum &#8211; technik rachunkowo\u015bci Bran\u017cowa Szko\u0142a I stopnia\u00a0 &#8211;\u00a0 \u00a0mechanik operator pojazd\u00f3w i maszyn rolniczych Bran\u017cowa Szko\u0142a I stopnia\u00a0 &#8211;\u00a0 \u00a0mechanik pojazd\u00f3w samochodowych Bran\u017cowa Szko\u0142a I stopnia\u00a0 &#8211;\u00a0 sprzedawca Bran\u017cowa Szko\u0142a I stopnia\u00a0 &#8211;\u00a0 klasa wielozawodowa Technikum &#8211;\u00a0 klasa II Bran\u017cowa Szko\u0142a I stopnia\u00a0 &#8211;\u00a0 klasa II &nbsp; &nbsp;<\/p>\n","category_list":"","author_info":{"name":"admin","url":"https:\/\/www.jagiellonczyklasin.edu.pl\/?author=1"},"comments_num":"0 comments","_links":{"self":[{"href":"https:\/\/www.jagiellonczyklasin.edu.pl\/index.php?rest_route=\/wp\/v2\/pages\/6486"}],"collection":[{"href":"https:\/\/www.jagiellonczyklasin.edu.pl\/index.php?rest_route=\/wp\/v2\/pages"}],"about":[{"href":"https:\/\/www.jagiellonczyklasin.edu.pl\/index.php?rest_route=\/wp\/v2\/types\/page"}],"author":[{"embeddable":true,"href":"https:\/\/www.jagiellonczyklasin.edu.pl\/index.php?rest_route=\/wp\/v2\/users\/1"}],"replies":[{"embeddable":true,"href":"https:\/\/www.jagiellonczyklasin.edu.pl\/index.php?rest_route=%2Fwp%2Fv2%2Fcomments&post=6486"}],"version-history":[{"count":20,"href":"https:\/\/www.jagiellonczyklasin.edu.pl\/index.php?rest_route=\/wp\/v2\/pages\/6486\/revisions"}],"predecessor-version":[{"id":9281,"href":"https:\/\/www.jagiellonczyklasin.edu.pl\/index.php?rest_route=\/wp\/v2\/pages\/6486\/revisions\/9281"}],"wp:attachment":[{"href":"https:\/\/www.jagiellonczyklasin.edu.pl\/index.php?rest_route=%2Fwp%2Fv2%2Fmedia&parent=6486"}],"curies":[{"name":"wp","href":"https:\/\/api.w.org\/{rel}","templated":true}]}}