{"id":6940,"date":"2024-11-17T16:55:17","date_gmt":"2024-11-17T16:55:17","guid":{"rendered":"https:\/\/www.jagiellonczyklasin.edu.pl\/?page_id=6940"},"modified":"2024-11-17T17:00:53","modified_gmt":"2024-11-17T17:00:53","slug":"strzelnica","status":"publish","type":"page","link":"https:\/\/www.jagiellonczyklasin.edu.pl\/?page_id=6940","title":{"rendered":"Strzelnica"},"content":{"rendered":"<p>&nbsp;<\/p>\n<p>&nbsp;<\/p>\n<p style=\"text-align: justify;\"><span style=\"color: #000000;\">12 grudnia 2023 r. w Zespole Szk\u00f3\u0142 Ponadpodstawowych im. Kazimierza Jagiello\u0144czyka w \u0141asinie odby\u0142o si\u0119 uroczyste otwarcie wirtualnej strzelnicy, powsta\u0142ej w ramach og\u0142oszonego przez Ministerstwo Obrony Narodowej Konkursu Ofert &#8222;Strzelnica w powiecie 2023&#8221;. Nowo powsta\u0142a strzelnica typu &#8222;LEGION&#8221; to kompletny, multimedialny, przeno\u015bny system strzelecki dzia\u0142aj\u0105cy w wirtualnej rzeczywisto\u015bci. System strzelnicy zosta\u0142 opracowany na potrzeby rynku cywilnego na bazie system\u00f3w wojskowych. Uczy pos\u0142ugiwania si\u0119 broni\u0105, zmys\u0142u obserwacji, refleksu i celno\u015bci.<\/span><\/p>\n<p style=\"text-align: justify;\"><span style=\"color: #000000;\">Warto\u015b\u0107 zrealizowanej inwestycji wynosi 194 710,00 z\u0142, z czego dofinansowanie ze \u015brodk\u00f3w dotacji celowej Ministra Obrony Narodowej opiewa na kwot\u0119 153 820,90 z\u0142.<\/span><\/p>\n<div class=\"su-custom-gallery su-custom-gallery-title-hover su-lightbox-gallery\"><div class=\"su-custom-gallery-slide\"><a href=\"https:\/\/www.jagiellonczyklasin.edu.pl\/wp-content\/uploads\/2024\/11\/26763.jpg\" title=\"&#8222;Otwarcie Strzelnicy&#8221;\"><img fetchpriority=\"high\" decoding=\"async\" src=\"https:\/\/www.jagiellonczyklasin.edu.pl\/wp-content\/uploads\/2024\/11\/26763-310x310.jpg\" alt=\"&#8222;Otwarcie Strzelnicy&#8221;\" width=\"310\" height=\"310\" \/><span class=\"su-custom-gallery-title\">&#8222;Otwarcie Strzelnicy&#8221;<\/span><\/a><\/div><div class=\"su-custom-gallery-slide\"><a href=\"https:\/\/www.jagiellonczyklasin.edu.pl\/wp-content\/uploads\/2024\/11\/26764.jpg\" title=\"&#8222;Otwarcie Strzelnicy&#8221;\"><img decoding=\"async\" src=\"https:\/\/www.jagiellonczyklasin.edu.pl\/wp-content\/uploads\/2024\/11\/26764-310x310.jpg\" alt=\"&#8222;Otwarcie Strzelnicy&#8221;\" width=\"310\" height=\"310\" \/><span class=\"su-custom-gallery-title\">&#8222;Otwarcie Strzelnicy&#8221;<\/span><\/a><\/div><div class=\"su-custom-gallery-slide\"><a href=\"https:\/\/www.jagiellonczyklasin.edu.pl\/wp-content\/uploads\/2024\/11\/26766.jpg\" title=\"&#8222;Otwarcie Strzelnicy&#8221;\"><img decoding=\"async\" src=\"https:\/\/www.jagiellonczyklasin.edu.pl\/wp-content\/uploads\/2024\/11\/26766-310x310.jpg\" alt=\"&#8222;Otwarcie Strzelnicy&#8221;\" width=\"310\" height=\"310\" \/><span class=\"su-custom-gallery-title\">&#8222;Otwarcie Strzelnicy&#8221;<\/span><\/a><\/div><div class=\"su-custom-gallery-slide\"><a href=\"https:\/\/www.jagiellonczyklasin.edu.pl\/wp-content\/uploads\/2024\/11\/408946285_796634388936051_6339013109728487863_n.jpg\" title=\"&#8222;Otwarcie Strzelnicy&#8221;\"><img loading=\"lazy\" decoding=\"async\" src=\"https:\/\/www.jagiellonczyklasin.edu.pl\/wp-content\/uploads\/2024\/11\/408946285_796634388936051_6339013109728487863_n-310x310.jpg\" alt=\"&#8222;Otwarcie Strzelnicy&#8221;\" width=\"310\" height=\"310\" \/><span class=\"su-custom-gallery-title\">&#8222;Otwarcie Strzelnicy&#8221;<\/span><\/a><\/div><div class=\"su-custom-gallery-slide\"><a href=\"https:\/\/www.jagiellonczyklasin.edu.pl\/wp-content\/uploads\/2024\/11\/409538685_796635482269275_6723230200903701289_n.jpg\" title=\"&#8222;Otwarcie Strzelnicy&#8221;\"><img loading=\"lazy\" decoding=\"async\" src=\"https:\/\/www.jagiellonczyklasin.edu.pl\/wp-content\/uploads\/2024\/11\/409538685_796635482269275_6723230200903701289_n-310x310.jpg\" alt=\"&#8222;Otwarcie Strzelnicy&#8221;\" width=\"310\" height=\"310\" \/><span class=\"su-custom-gallery-title\">&#8222;Otwarcie Strzelnicy&#8221;<\/span><\/a><\/div><div class=\"su-custom-gallery-slide\"><a href=\"https:\/\/www.jagiellonczyklasin.edu.pl\/wp-content\/uploads\/2024\/11\/409544428_796634772269346_8635114739877053979_n.jpg\" title=\"&#8222;Otwarcie Strzelnicy&#8221;\"><img loading=\"lazy\" decoding=\"async\" src=\"https:\/\/www.jagiellonczyklasin.edu.pl\/wp-content\/uploads\/2024\/11\/409544428_796634772269346_8635114739877053979_n-310x310.jpg\" alt=\"&#8222;Otwarcie Strzelnicy&#8221;\" width=\"310\" height=\"310\" \/><span class=\"su-custom-gallery-title\">&#8222;Otwarcie Strzelnicy&#8221;<\/span><\/a><\/div><div class=\"su-custom-gallery-slide\"><a href=\"https:\/\/www.jagiellonczyklasin.edu.pl\/wp-content\/uploads\/2024\/11\/409582706_796635622269261_764908735364619196_n.jpg\" title=\"&#8222;Otwarcie Strzelnicy&#8221;\"><img loading=\"lazy\" decoding=\"async\" src=\"https:\/\/www.jagiellonczyklasin.edu.pl\/wp-content\/uploads\/2024\/11\/409582706_796635622269261_764908735364619196_n-310x310.jpg\" alt=\"&#8222;Otwarcie Strzelnicy&#8221;\" width=\"310\" height=\"310\" \/><span class=\"su-custom-gallery-title\">&#8222;Otwarcie Strzelnicy&#8221;<\/span><\/a><\/div><div class=\"su-custom-gallery-slide\"><a href=\"https:\/\/www.jagiellonczyklasin.edu.pl\/wp-content\/uploads\/2024\/11\/409594124_796635892269234_8619097262579200552_n.jpg\" title=\"&#8222;Otwarcie Strzelnicy&#8221;\"><img loading=\"lazy\" decoding=\"async\" src=\"https:\/\/www.jagiellonczyklasin.edu.pl\/wp-content\/uploads\/2024\/11\/409594124_796635892269234_8619097262579200552_n-310x310.jpg\" alt=\"&#8222;Otwarcie Strzelnicy&#8221;\" width=\"310\" height=\"310\" \/><span class=\"su-custom-gallery-title\">&#8222;Otwarcie Strzelnicy&#8221;<\/span><\/a><\/div><div class=\"su-custom-gallery-slide\"><a href=\"https:\/\/www.jagiellonczyklasin.edu.pl\/wp-content\/uploads\/2024\/11\/409668994_796634565602700_1465955254651127801_n.jpg\" title=\"&#8222;Otwarcie Strzelnicy&#8221;\"><img loading=\"lazy\" decoding=\"async\" src=\"https:\/\/www.jagiellonczyklasin.edu.pl\/wp-content\/uploads\/2024\/11\/409668994_796634565602700_1465955254651127801_n-310x310.jpg\" alt=\"&#8222;Otwarcie Strzelnicy&#8221;\" width=\"310\" height=\"310\" \/><span class=\"su-custom-gallery-title\">&#8222;Otwarcie Strzelnicy&#8221;<\/span><\/a><\/div><div class=\"su-custom-gallery-slide\"><a href=\"https:\/\/www.jagiellonczyklasin.edu.pl\/wp-content\/uploads\/2024\/11\/409669003_796634442269379_5742091150012781180_n.jpg\" title=\"&#8222;Otwarcie Strzelnicy&#8221;\"><img loading=\"lazy\" decoding=\"async\" src=\"https:\/\/www.jagiellonczyklasin.edu.pl\/wp-content\/uploads\/2024\/11\/409669003_796634442269379_5742091150012781180_n-310x310.jpg\" alt=\"&#8222;Otwarcie Strzelnicy&#8221;\" width=\"310\" height=\"310\" \/><span class=\"su-custom-gallery-title\">&#8222;Otwarcie Strzelnicy&#8221;<\/span><\/a><\/div><div class=\"su-custom-gallery-slide\"><a href=\"https:\/\/www.jagiellonczyklasin.edu.pl\/wp-content\/uploads\/2024\/11\/409673191_796635682269255_8798142905126506518_n.jpg\" title=\"&#8222;Otwarcie Strzelnicy&#8221;\"><img loading=\"lazy\" decoding=\"async\" src=\"https:\/\/www.jagiellonczyklasin.edu.pl\/wp-content\/uploads\/2024\/11\/409673191_796635682269255_8798142905126506518_n-310x310.jpg\" alt=\"&#8222;Otwarcie Strzelnicy&#8221;\" width=\"310\" height=\"310\" \/><span class=\"su-custom-gallery-title\">&#8222;Otwarcie Strzelnicy&#8221;<\/span><\/a><\/div><div class=\"su-custom-gallery-slide\"><a href=\"https:\/\/www.jagiellonczyklasin.edu.pl\/wp-content\/uploads\/2024\/11\/409679700_796635812269242_8856323113700080593_n.jpg\" title=\"&#8222;Otwarcie Strzelnicy&#8221;\"><img loading=\"lazy\" decoding=\"async\" src=\"https:\/\/www.jagiellonczyklasin.edu.pl\/wp-content\/uploads\/2024\/11\/409679700_796635812269242_8856323113700080593_n-310x310.jpg\" alt=\"&#8222;Otwarcie Strzelnicy&#8221;\" width=\"310\" height=\"310\" \/><span class=\"su-custom-gallery-title\">&#8222;Otwarcie Strzelnicy&#8221;<\/span><\/a><\/div><div class=\"su-custom-gallery-slide\"><a href=\"https:\/\/www.jagiellonczyklasin.edu.pl\/wp-content\/uploads\/2024\/11\/409703507_796635702269253_7478726949645158453_n.jpg\" title=\"&#8222;Otwarcie Strzelnicy&#8221;\"><img loading=\"lazy\" decoding=\"async\" src=\"https:\/\/www.jagiellonczyklasin.edu.pl\/wp-content\/uploads\/2024\/11\/409703507_796635702269253_7478726949645158453_n-310x310.jpg\" alt=\"&#8222;Otwarcie Strzelnicy&#8221;\" width=\"310\" height=\"310\" \/><span class=\"su-custom-gallery-title\">&#8222;Otwarcie Strzelnicy&#8221;<\/span><\/a><\/div><div class=\"su-custom-gallery-slide\"><a href=\"https:\/\/www.jagiellonczyklasin.edu.pl\/wp-content\/uploads\/2024\/11\/409707367_796635652269258_1999300073333636635_n.jpg\" title=\"&#8222;Otwarcie Strzelnicy&#8221;\"><img loading=\"lazy\" decoding=\"async\" src=\"https:\/\/www.jagiellonczyklasin.edu.pl\/wp-content\/uploads\/2024\/11\/409707367_796635652269258_1999300073333636635_n-310x310.jpg\" alt=\"&#8222;Otwarcie Strzelnicy&#8221;\" width=\"310\" height=\"310\" \/><span class=\"su-custom-gallery-title\">&#8222;Otwarcie Strzelnicy&#8221;<\/span><\/a><\/div><div class=\"su-custom-gallery-slide\"><a href=\"https:\/\/www.jagiellonczyklasin.edu.pl\/wp-content\/uploads\/2024\/11\/409707440_796635578935932_267659609716467765_n.jpg\" title=\"&#8222;Otwarcie Strzelnicy&#8221;\"><img loading=\"lazy\" decoding=\"async\" src=\"https:\/\/www.jagiellonczyklasin.edu.pl\/wp-content\/uploads\/2024\/11\/409707440_796635578935932_267659609716467765_n-310x310.jpg\" alt=\"&#8222;Otwarcie Strzelnicy&#8221;\" width=\"310\" height=\"310\" \/><span class=\"su-custom-gallery-title\">&#8222;Otwarcie Strzelnicy&#8221;<\/span><\/a><\/div><div class=\"su-custom-gallery-slide\"><a href=\"https:\/\/www.jagiellonczyklasin.edu.pl\/wp-content\/uploads\/2024\/11\/409711482_796635662269257_2665646374295181392_n.jpg\" title=\"&#8222;Otwarcie Strzelnicy&#8221;\"><img loading=\"lazy\" decoding=\"async\" src=\"https:\/\/www.jagiellonczyklasin.edu.pl\/wp-content\/uploads\/2024\/11\/409711482_796635662269257_2665646374295181392_n-310x310.jpg\" alt=\"&#8222;Otwarcie Strzelnicy&#8221;\" width=\"310\" height=\"310\" \/><span class=\"su-custom-gallery-title\">&#8222;Otwarcie Strzelnicy&#8221;<\/span><\/a><\/div><div class=\"su-custom-gallery-slide\"><a href=\"https:\/\/www.jagiellonczyklasin.edu.pl\/wp-content\/uploads\/2024\/11\/409717751_796635858935904_5708830383738816997_n.jpg\" title=\"&#8222;Otwarcie Strzelnicy&#8221;\"><img loading=\"lazy\" decoding=\"async\" src=\"https:\/\/www.jagiellonczyklasin.edu.pl\/wp-content\/uploads\/2024\/11\/409717751_796635858935904_5708830383738816997_n-310x310.jpg\" alt=\"&#8222;Otwarcie Strzelnicy&#8221;\" width=\"310\" height=\"310\" \/><span class=\"su-custom-gallery-title\">&#8222;Otwarcie Strzelnicy&#8221;<\/span><\/a><\/div><div class=\"su-custom-gallery-slide\"><a href=\"https:\/\/www.jagiellonczyklasin.edu.pl\/wp-content\/uploads\/2024\/11\/409729313_796635945602562_155996681370274981_n.jpg\" title=\"&#8222;Otwarcie Strzelnicy&#8221;\"><img loading=\"lazy\" decoding=\"async\" src=\"https:\/\/www.jagiellonczyklasin.edu.pl\/wp-content\/uploads\/2024\/11\/409729313_796635945602562_155996681370274981_n-310x310.jpg\" alt=\"&#8222;Otwarcie Strzelnicy&#8221;\" width=\"310\" height=\"310\" \/><span class=\"su-custom-gallery-title\">&#8222;Otwarcie Strzelnicy&#8221;<\/span><\/a><\/div><div class=\"su-custom-gallery-slide\"><a href=\"https:\/\/www.jagiellonczyklasin.edu.pl\/wp-content\/uploads\/2024\/11\/409729503_796635502269273_8761446601166494339_n.jpg\" title=\"&#8222;Otwarcie Strzelnicy&#8221;\"><img loading=\"lazy\" decoding=\"async\" src=\"https:\/\/www.jagiellonczyklasin.edu.pl\/wp-content\/uploads\/2024\/11\/409729503_796635502269273_8761446601166494339_n-310x310.jpg\" alt=\"&#8222;Otwarcie Strzelnicy&#8221;\" width=\"310\" height=\"310\" \/><span class=\"su-custom-gallery-title\">&#8222;Otwarcie Strzelnicy&#8221;<\/span><\/a><\/div><div class=\"su-custom-gallery-slide\"><a href=\"https:\/\/www.jagiellonczyklasin.edu.pl\/wp-content\/uploads\/2024\/11\/409752450_796635985602558_6464862154114759921_n.jpg\" title=\"&#8222;Otwarcie Strzelnicy&#8221;\"><img loading=\"lazy\" decoding=\"async\" src=\"https:\/\/www.jagiellonczyklasin.edu.pl\/wp-content\/uploads\/2024\/11\/409752450_796635985602558_6464862154114759921_n-310x310.jpg\" alt=\"&#8222;Otwarcie Strzelnicy&#8221;\" width=\"310\" height=\"310\" \/><span class=\"su-custom-gallery-title\">&#8222;Otwarcie Strzelnicy&#8221;<\/span><\/a><\/div><div class=\"su-custom-gallery-slide\"><a href=\"https:\/\/www.jagiellonczyklasin.edu.pl\/wp-content\/uploads\/2024\/11\/409806115_796635742269249_6780567002253610699_n.jpg\" title=\"&#8222;Otwarcie Strzelnicy&#8221;\"><img loading=\"lazy\" decoding=\"async\" src=\"https:\/\/www.jagiellonczyklasin.edu.pl\/wp-content\/uploads\/2024\/11\/409806115_796635742269249_6780567002253610699_n-310x310.jpg\" alt=\"&#8222;Otwarcie Strzelnicy&#8221;\" width=\"310\" height=\"310\" \/><span class=\"su-custom-gallery-title\">&#8222;Otwarcie Strzelnicy&#8221;<\/span><\/a><\/div><div class=\"su-custom-gallery-slide\"><a href=\"https:\/\/www.jagiellonczyklasin.edu.pl\/wp-content\/uploads\/2024\/11\/409809207_796635722269251_1329907947648128159_n.jpg\" title=\"&#8222;Otwarcie Strzelnicy&#8221;\"><img loading=\"lazy\" decoding=\"async\" src=\"https:\/\/www.jagiellonczyklasin.edu.pl\/wp-content\/uploads\/2024\/11\/409809207_796635722269251_1329907947648128159_n-310x310.jpg\" alt=\"&#8222;Otwarcie Strzelnicy&#8221;\" width=\"310\" height=\"310\" \/><span class=\"su-custom-gallery-title\">&#8222;Otwarcie Strzelnicy&#8221;<\/span><\/a><\/div><div class=\"su-custom-gallery-slide\"><a href=\"https:\/\/www.jagiellonczyklasin.edu.pl\/wp-content\/uploads\/2024\/11\/409814522_796635562269267_5076726971934837991_n.jpg\" title=\"&#8222;Otwarcie Strzelnicy&#8221;\"><img loading=\"lazy\" decoding=\"async\" src=\"https:\/\/www.jagiellonczyklasin.edu.pl\/wp-content\/uploads\/2024\/11\/409814522_796635562269267_5076726971934837991_n-310x310.jpg\" alt=\"&#8222;Otwarcie Strzelnicy&#8221;\" width=\"310\" height=\"310\" \/><span class=\"su-custom-gallery-title\">&#8222;Otwarcie Strzelnicy&#8221;<\/span><\/a><\/div><div class=\"su-custom-gallery-slide\"><a href=\"https:\/\/www.jagiellonczyklasin.edu.pl\/wp-content\/uploads\/2024\/11\/409814981_796635768935913_3140257422119921985_n.jpg\" title=\"&#8222;Otwarcie Strzelnicy&#8221;\"><img loading=\"lazy\" decoding=\"async\" src=\"https:\/\/www.jagiellonczyklasin.edu.pl\/wp-content\/uploads\/2024\/11\/409814981_796635768935913_3140257422119921985_n-310x310.jpg\" alt=\"&#8222;Otwarcie Strzelnicy&#8221;\" width=\"310\" height=\"310\" \/><span class=\"su-custom-gallery-title\">&#8222;Otwarcie Strzelnicy&#8221;<\/span><\/a><\/div><div class=\"su-custom-gallery-slide\"><a href=\"https:\/\/www.jagiellonczyklasin.edu.pl\/wp-content\/uploads\/2024\/11\/409820102_796635922269231_3928632848928240108_n.jpg\" title=\"&#8222;Otwarcie Strzelnicy&#8221;\"><img loading=\"lazy\" decoding=\"async\" src=\"https:\/\/www.jagiellonczyklasin.edu.pl\/wp-content\/uploads\/2024\/11\/409820102_796635922269231_3928632848928240108_n-310x310.jpg\" alt=\"&#8222;Otwarcie Strzelnicy&#8221;\" width=\"310\" height=\"310\" \/><span class=\"su-custom-gallery-title\">&#8222;Otwarcie Strzelnicy&#8221;<\/span><\/a><\/div><div class=\"su-custom-gallery-slide\"><a href=\"https:\/\/www.jagiellonczyklasin.edu.pl\/wp-content\/uploads\/2024\/11\/409848013_796635792269244_311664965131040294_n.jpg\" title=\"&#8222;Otwarcie Strzelnicy&#8221;\"><img loading=\"lazy\" decoding=\"async\" src=\"https:\/\/www.jagiellonczyklasin.edu.pl\/wp-content\/uploads\/2024\/11\/409848013_796635792269244_311664965131040294_n-310x310.jpg\" alt=\"&#8222;Otwarcie Strzelnicy&#8221;\" width=\"310\" height=\"310\" \/><span class=\"su-custom-gallery-title\">&#8222;Otwarcie Strzelnicy&#8221;<\/span><\/a><\/div><div class=\"su-custom-gallery-slide\"><a href=\"https:\/\/www.jagiellonczyklasin.edu.pl\/wp-content\/uploads\/2024\/11\/409937784_796634348936055_2524452828545914341_n.jpg\" title=\"&#8222;Otwarcie Strzelnicy&#8221;\"><img loading=\"lazy\" decoding=\"async\" src=\"https:\/\/www.jagiellonczyklasin.edu.pl\/wp-content\/uploads\/2024\/11\/409937784_796634348936055_2524452828545914341_n-310x310.jpg\" alt=\"&#8222;Otwarcie Strzelnicy&#8221;\" width=\"310\" height=\"310\" \/><span class=\"su-custom-gallery-title\">&#8222;Otwarcie Strzelnicy&#8221;<\/span><\/a><\/div><div class=\"su-custom-gallery-slide\"><a href=\"https:\/\/www.jagiellonczyklasin.edu.pl\/wp-content\/uploads\/2024\/11\/409994805_796634298936060_7191229812265060191_n.jpg\" title=\"&#8222;Otwarcie Strzelnicy&#8221;\"><img loading=\"lazy\" decoding=\"async\" src=\"https:\/\/www.jagiellonczyklasin.edu.pl\/wp-content\/uploads\/2024\/11\/409994805_796634298936060_7191229812265060191_n-310x310.jpg\" alt=\"&#8222;Otwarcie Strzelnicy&#8221;\" width=\"310\" height=\"310\" \/><span class=\"su-custom-gallery-title\">&#8222;Otwarcie Strzelnicy&#8221;<\/span><\/a><\/div><div class=\"su-clear\"><\/div><\/div>\n<p style=\"text-align: right;\"><span style=\"font-size: 8pt;\">(\u017ar\u00f3d\u0142o: ZSP \u0141asin)<\/span><\/p>\n<p>&nbsp;<\/p>\n","protected":false},"excerpt":{"rendered":"<p>&nbsp; &nbsp; 12 grudnia 2023 r. w Zespole Szk\u00f3\u0142 Ponadpodstawowych im. Kazimierza Jagiello\u0144czyka w \u0141asinie odby\u0142o si\u0119 uroczyste otwarcie wirtualnej strzelnicy, powsta\u0142ej w ramach og\u0142oszonego przez Ministerstwo Obrony Narodowej Konkursu Ofert &#8222;Strzelnica w powiecie 2023&#8221;. Nowo powsta\u0142a strzelnica typu &#8222;LEGION&#8221; to kompletny, multimedialny, przeno\u015bny system strzelecki dzia\u0142aj\u0105cy w wirtualnej rzeczywisto\u015bci. System strzelnicy zosta\u0142 opracowany na [&hellip;]<\/p>\n","protected":false},"author":1,"featured_media":0,"parent":0,"menu_order":0,"comment_status":"closed","ping_status":"closed","template":"","meta":{"_kadence_starter_templates_imported_post":false,"footnotes":""},"blocksy_meta":[],"featured_image_urls":{"full":"","thumbnail":"","medium":"","medium_large":"","large":"","1536x1536":"","2048x2048":"","htliser_size_396x360":"","htslider_size_1170x536":""},"post_excerpt_stackable":"<p>&nbsp; &nbsp; 12 grudnia 2023 r. w Zespole Szk\u00f3\u0142 Ponadpodstawowych im. Kazimierza Jagiello\u0144czyka w \u0141asinie odby\u0142o si\u0119 uroczyste otwarcie wirtualnej strzelnicy, powsta\u0142ej w ramach og\u0142oszonego przez Ministerstwo Obrony Narodowej Konkursu Ofert &#8222;Strzelnica w powiecie 2023&#8221;. Nowo powsta\u0142a strzelnica typu &#8222;LEGION&#8221; to kompletny, multimedialny, przeno\u015bny system strzelecki dzia\u0142aj\u0105cy w wirtualnej rzeczywisto\u015bci. System strzelnicy zosta\u0142 opracowany na potrzeby rynku cywilnego na bazie system\u00f3w wojskowych. Uczy pos\u0142ugiwania si\u0119 broni\u0105, zmys\u0142u obserwacji, refleksu i celno\u015bci. Warto\u015b\u0107 zrealizowanej inwestycji wynosi 194 710,00 z\u0142, z czego dofinansowanie ze \u015brodk\u00f3w dotacji celowej Ministra Obrony Narodowej opiewa na kwot\u0119 153 820,90 z\u0142. &#8222;Otwarcie Strzelnicy&#8221;&#8222;Otwarcie Strzelnicy&#8221;&#8222;Otwarcie Strzelnicy&#8221;&#8222;Otwarcie Strzelnicy&#8221;&#8222;Otwarcie Strzelnicy&#8221;&#8222;Otwarcie&hellip;<\/p>\n","category_list":"","author_info":{"name":"admin","url":"https:\/\/www.jagiellonczyklasin.edu.pl\/?author=1"},"comments_num":"0 comments","_links":{"self":[{"href":"https:\/\/www.jagiellonczyklasin.edu.pl\/index.php?rest_route=\/wp\/v2\/pages\/6940"}],"collection":[{"href":"https:\/\/www.jagiellonczyklasin.edu.pl\/index.php?rest_route=\/wp\/v2\/pages"}],"about":[{"href":"https:\/\/www.jagiellonczyklasin.edu.pl\/index.php?rest_route=\/wp\/v2\/types\/page"}],"author":[{"embeddable":true,"href":"https:\/\/www.jagiellonczyklasin.edu.pl\/index.php?rest_route=\/wp\/v2\/users\/1"}],"replies":[{"embeddable":true,"href":"https:\/\/www.jagiellonczyklasin.edu.pl\/index.php?rest_route=%2Fwp%2Fv2%2Fcomments&post=6940"}],"version-history":[{"count":5,"href":"https:\/\/www.jagiellonczyklasin.edu.pl\/index.php?rest_route=\/wp\/v2\/pages\/6940\/revisions"}],"predecessor-version":[{"id":6974,"href":"https:\/\/www.jagiellonczyklasin.edu.pl\/index.php?rest_route=\/wp\/v2\/pages\/6940\/revisions\/6974"}],"wp:attachment":[{"href":"https:\/\/www.jagiellonczyklasin.edu.pl\/index.php?rest_route=%2Fwp%2Fv2%2Fmedia&parent=6940"}],"curies":[{"name":"wp","href":"https:\/\/api.w.org\/{rel}","templated":true}]}}